{"id":16200,"date":"2019-10-01T23:21:03","date_gmt":"2019-10-01T21:21:03","guid":{"rendered":"https:\/\/hotel-astoria.net\/?page_id=16200"},"modified":"2025-07-22T09:51:49","modified_gmt":"2025-07-22T07:51:49","slug":"standort","status":"publish","type":"page","link":"https:\/\/hotel-astoria.net\/de\/standort\/","title":{"rendered":"Anreise"},"content":{"rendered":"<div id=\"cmsmasters_row_vg7xqhvvs\" class=\"cmsmasters_row cmsmasters_color_scheme_default cmsmasters_row_top_default cmsmasters_row_bot_default cmsmasters_row_boxed\">\n<div class=\"cmsmasters_row_outer_parent\">\n<div class=\"cmsmasters_row_outer\">\n<div class=\"cmsmasters_row_inner\">\n<div class=\"cmsmasters_row_margin\">\n<div id=\"cmsmasters_column_ca3jk1k18p\" class=\"cmsmasters_column one_first\">\n<div class=\"cmsmasters_column_inner\"><div class=\"cmsmasters_text\">\n<p>Das Hotel Astoria befindet sich in ruhiger Lage in der Ortsmitte von Canazei im Val di Fassa.<\/p>\n<h3><strong>MIT DEM AUTO<\/strong><\/h3>\n<p>Zufahrt ins Tal von der Brenner-Autobahn A22:<strong><br \/>\nAusfahrt ORA-EGNA\/NEUMARKT-AUER:<\/strong> SS 48 Dolomitenstra\u00dfe &#8211; San Lugano Pass &#8211; Val di Fiemme &#8211; Val di Fassa (Entfernung 45 km)<strong><br \/>\nAusfahrt BOLZANO NORD\/BOZEN NORD:<\/strong> SS241 Gro\u00dfe Dolomitenstra\u00dfe &#8211; Karrerpass &#8211; Val di Fassa (Entfernung 37 km)<br \/>\noder w\u00f6chentliche Verbindungen mit Ferntourismus-Buslinien von und zu den gr\u00f6\u00dften italienischen St\u00e4dten (Mailand, Rom, Bologna, Florenz, Genua, Venedig, usw.).<\/p>\n<p>Link: <a target=\"_blank\" href=\"http:\/\/maps.google.it\/maps?f=q&amp;hl=it&amp;geocode=&amp;q=hotel+astoria+canazei+via+roma+88&amp;sll=41.442726,12.392578&amp;sspn=23.704982,56.777344&amp;ie=UTF8&amp;ei=xgtKSfTjCai2ogORo4nNDA&amp;attrid=&amp;sig2=wGAtqV0pZhRcOSaanDcBhQ&amp;cd=1&amp;cid=46476930,11771368,6257798497926439705&amp;li=lmd&amp;z=14&amp;t=m\" rel=\"noopener\" title=\"Google maps\">Google maps<\/a><\/p>\n<h3><strong>MIT DEM FLUGZEUG<\/strong><\/h3>\n<p>Die nahegelegensten Flugh\u00e4fen: <a target=\"_blank\" href=\"http:\/\/www.abd-airport.it\/it\/home.htm\" rel=\"noopener\" title=\"Flugpl\u00e4tze: Bozen\">Bozen<\/a> (50 km) <a target=\"_blank\" href=\"http:\/\/www.abd-airport.it\/it\/home.htm\" rel=\"noopener\" title=\"Flugpl\u00e4tze Veron\">Verona<\/a> (180 km) <a target=\"_blank\" href=\"http:\/\/www.veniceairport.it\" rel=\"noopener\" title=\"Flugpl\u00e4tze Venedig\">Venedig<\/a> (175 km) Milano (km 350) <a target=\"_blank\" href=\"http:\/\/www.innsbruck-airport.com\/\" rel=\"noopener\" title=\"Flugpl\u00e4tze Innsbruck\">Innsbruck<\/a> (190km) <a target=\"_blank\" href=\"http:\/\/www.munich-airport.de\" rel=\"noopener\" title=\"Flugpl\u00e4tze M\u00fcnchen \">M\u00fcnchen <\/a>(320 km)<\/p>\n<p><a target=\"_blank\" href=\"https:\/\/hotel-astoria.net\/wp-content\/uploads\/2025\/07\/FLIGHT_PLAN_SkyAlps_Winter_2025-26.pdf\" rel=\"noopener\">Flight Plan Europa-Bozen mit Sky Alps<\/a><\/p>\n<p>Transfer von Milan, Bergamo, Verona, Treviso und Venedig mit <a target=\"_blank\" href=\"https:\/\/www.flyskishuttle.com\/en\/#eyJzdGVwIjoxLCJpZFdpZGdldCI6MX0=\" rel=\"noopener\">FlyTOSki Shuttle<\/a><\/p>\n<p>Transfer von Milan, Bergamo und Verona: <a href=\"http:\/\/www.altoadigebus.it\/\">www.altoadigebus.it<\/a><\/p>\n<h3><strong>MIT DEM ZUG<\/strong><\/h3>\n<p>Die\u00a0nahegelegensten Bahnh\u00f6fe: Trient, Bozen und Auer. Auskunft und Fahrplan: <a target=\"_blank\" href=\"http:\/\/www.treniitalia.it\" rel=\"noopener\" title=\"Zug Italien\">Ferrovie dello Stato<\/a> &#8211; <a target=\"_blank\" href=\"http:\/\/www.bahn.de\" rel=\"noopener\" title=\"http:\/\/www.bahn.de\">Deutsche Bahn AG<\/a><\/p>\n<h3><strong>MIT DEM BUS<\/strong><\/h3>\n<p>T\u00e4gliche Verbindungen mit dem Bus zu den Bahnh\u00f6fen in Trient <a target=\"_blank\" href=\"http:\/\/ttspa.it\/\" rel=\"noopener\" title=\"http:\/\/ttspa.it\/\">(Trentino Trasporti)<\/a>. Bozen <a target=\"_blank\" href=\"http:\/\/www.sad.it\/intro.php\" rel=\"noopener\" title=\"http:\/\/www.sad.it\/intro.php\">(SAD)<\/a> und Auer <a target=\"_blank\" href=\"http:\/\/www.sad.it\/intro.php\" rel=\"noopener\" title=\"http:\/\/www.sad.it\/intro.php\">(SAD)<\/a>, umsteigen in Predazzo.<\/p>\n<p>Von Deutschland nach Bozen <a target=\"_blank\" href=\"https:\/\/www.flixbus.de\/busfahrplan-bushaltestelle\/bozen\" rel=\"noopener\">mit dem Bus<\/a><\/p>\n<\/div>\n<\/div><\/div>\n<\/div>\n<\/div>\n<\/div>\n<\/div>\n<\/div>\n<div id=\"cmsmasters_row_8ddf3sqdv\" class=\"cmsmasters_row cmsmasters_color_scheme_default cmsmasters_row_top_default cmsmasters_row_bot_default cmsmasters_row_boxed\">\n<div class=\"cmsmasters_row_outer_parent\">\n<div class=\"cmsmasters_row_outer\">\n<div class=\"cmsmasters_row_inner\">\n<div class=\"cmsmasters_row_margin\">\n<div id=\"cmsmasters_column_ql86id79\" class=\"cmsmasters_column one_first\">\n<div class=\"cmsmasters_column_inner\"><div class=\"custom_html\">\n<iframe src=\"https:\/\/www.google.com\/maps\/embed?pb=!1m18!1m12!1m3!1d686.8973588328718!2d11.766242288038328!3d46.47663977437232!2m3!1f0!2f0!3f0!3m2!1i1024!2i768!4f13.1!3m3!1m2!1s0x47786a696cfbdf93%3A0xcad6eb948907618e!2sHotel%20Astoria!5e0!3m2!1sit!2sit!4v1569760175978!5m2!1sit!2sit\" width=\"100%\" height=\"450\" frameborder=\"0\" style=\"border:0;\" allowfullscreen=\"\"><\/iframe>\n<\/div>\n<\/div><\/div>\n<\/div>\n<\/div>\n<\/div>\n<\/div>\n<\/div>\n\n","protected":false},"excerpt":{"rendered":"","protected":false},"author":2,"featured_media":16202,"parent":0,"menu_order":61,"comment_status":"closed","ping_status":"open","template":"","meta":[],"_links":{"self":[{"href":"https:\/\/hotel-astoria.net\/de\/wp-json\/wp\/v2\/pages\/16200"}],"collection":[{"href":"https:\/\/hotel-astoria.net\/de\/wp-json\/wp\/v2\/pages"}],"about":[{"href":"https:\/\/hotel-astoria.net\/de\/wp-json\/wp\/v2\/types\/page"}],"author":[{"embeddable":true,"href":"https:\/\/hotel-astoria.net\/de\/wp-json\/wp\/v2\/users\/2"}],"replies":[{"embeddable":true,"href":"https:\/\/hotel-astoria.net\/de\/wp-json\/wp\/v2\/comments?post=16200"}],"version-history":[{"count":5,"href":"https:\/\/hotel-astoria.net\/de\/wp-json\/wp\/v2\/pages\/16200\/revisions"}],"predecessor-version":[{"id":19211,"href":"https:\/\/hotel-astoria.net\/de\/wp-json\/wp\/v2\/pages\/16200\/revisions\/19211"}],"wp:featuredmedia":[{"embeddable":true,"href":"https:\/\/hotel-astoria.net\/de\/wp-json\/wp\/v2\/media\/16202"}],"wp:attachment":[{"href":"https:\/\/hotel-astoria.net\/de\/wp-json\/wp\/v2\/media?parent=16200"}],"curies":[{"name":"wp","href":"https:\/\/api.w.org\/{rel}","templated":true}]}}