{"id":16608,"date":"2019-11-06T10:25:56","date_gmt":"2019-11-06T09:25:56","guid":{"rendered":"https:\/\/hotel-astoria.net\/?page_id=16608"},"modified":"2025-03-22T16:46:38","modified_gmt":"2025-03-22T15:46:38","slug":"zimmer-und-suiten","status":"publish","type":"page","link":"https:\/\/hotel-astoria.net\/de\/zimmer-und-suiten\/","title":{"rendered":"Zimmer und Suiten"},"content":{"rendered":"<div id=\"cmsmasters_row_b2b58e033d\" class=\"cmsmasters_row cmsmasters_color_scheme_default cmsmasters_row_top_default cmsmasters_row_bot_default cmsmasters_row_boxed\">\n<div id=\"intro\" class=\"cmsmasters_row_outer_parent\">\n<div class=\"cmsmasters_row_outer\">\n<div class=\"cmsmasters_row_inner\">\n<div class=\"cmsmasters_row_margin\">\n<div id=\"cmsmasters_column_4e744f8e22\" class=\"cmsmasters_column one_first\">\n<div class=\"cmsmasters_column_inner\"><div id=\"cmsmasters_fb_15f3bea864\" class=\"cmsmasters_featured_block\">\n<div class=\"featured_block_inner\">\n<div class=\"featured_block_text\">\n<div id=\"cmsmasters_heading_58efe09f0c\" class=\"cmsmasters_heading_wrap cmsmasters_heading_align_center\">\n\t<h3 class=\"cmsmasters_heading\">Luxury<\/h3>\n<\/div><div id=\"cmsmasters_heading_2ef44b24fc\" class=\"cmsmasters_heading_wrap cmsmasters_heading_align_center\">\n\t<h2 class=\"cmsmasters_heading\">Zimmer und Suiten<\/h2>\n<\/div>\n\n<\/div>\n<\/div>\n<\/div>\n<div id=\"cmsmasters_fb_4641bab4cc\" class=\"cmsmasters_featured_block\">\n<div class=\"featured_block_inner\">\n<div class=\"featured_block_text\">\n<p style=\"text-align: center;\"><span style=\"color: #6a6a6a; font-size: 20px; line-height: 28px;\">Die gro\u00dfen Fenster mit Ausblick auf die Dolomiten und die warme Atmosph\u00e4re unserer Zimmer, sind ein echtes Allheilmittel f\u00fcr Ihr Wohlbefinden. Sorgf\u00e4ltig gepflegte Details, viel Hingabe und gro\u00dfe Aufmerksamkeit, damit jeder Raum eine ruhige, nette Atmosph\u00e4re ausstrahlt, die jeder Gast erwarten darf.<\/span><\/p>\n<p style=\"text-align: center;\"><span style=\"color: #6a6a6a; font-size: 20px; line-height: 28px;\">Alle Zimmer sind komplett ausgestattet mit WC, Bidet, Haartrockner, Telefon, Satelliten-TV, Tresor, Minibar und Internet-Anschluss. Die Suiten haben einen Balkon mit Panoramablick auf das Tal, au\u00dferdem stellen wir Ihnen einen weichen Bademantel und Hausschuhe aus Frottee f\u00fcrs Wellness zur Verf\u00fcgung.<\/span><\/p>\n<p style=\"text-align: center;\"><span style=\"color: #6a6a6a; font-size: 20px; line-height: 28px;\">Auf Wunsch nehmen wir auch <a href=\"https:\/\/hotel-astoria.net\/wp-content\/uploads\/2023\/12\/MEMO-per-animali-inglese.pdf\" target=\"_blank\" rel=\"noopener\">Haustiere auf, mit Aufpreis<\/a> (In Suite Spa, Spa Deluxe und Berghutte nicht angenommen).<\/span><\/p>\n<p style=\"text-align: center;\"><strong><span style=\"color: #6a6a6a; font-size: 20px; line-height: 28px;\">Rauchverbot in alle Zimmer<\/span><\/strong><\/p>\n\n<\/div>\n<\/div>\n<\/div>\n<div id=\"portfolio_b216c748a3\" class=\"cmsmasters_wrap_portfolio entry-summary room_portfolio\" data-layout=\"grid\" data-layout-mode=\"perfect\" data-url=\"https:\/\/hotel-astoria.net\/wp-content\/plugins\/cmsmasters-content-composer\/\" data-orderby=\"menu_order\" data-order=\"DESC\" data-count=\"22\" data-categories=\"\" data-metadata=\"title,price\"><div class=\"portfolio grid large_gap perfect cmsmasters_2\"><!-- Start Project Grid Article -->\r\n<article id=\"post-16516\" class=\"cmsmasters_project_grid post-16516 project type-project status-publish format-standard has-post-thumbnail hentry\">\r\n\t<div class=\"project_outer\">\r\n\t<div class=\"project_img_wrap\"><figure class=\"cmsmasters_img_rollover_wrap preloader\"><img width=\"580\" height=\"420\" src=\"https:\/\/hotel-astoria.net\/wp-content\/uploads\/2017\/05\/2-_EM70998-580x420.jpg\" class=\"full-width wp-post-image\" alt=\"Spa Suite Hotel Astoria Canazei Val di Fassa Dolomiti\" loading=\"lazy\" title=\"Spa Suite Hotel Astoria Canazei Val di Fassa Dolomiti\" \/><a href=\"https:\/\/hotel-astoria.net\/de\/room\/spa-suite\/\" title=\"Spa Suite\" class=\"cmsmasters_open_link\"><\/a><\/figure><\/div><header class=\"cmsmasters_project_header entry-header\"><h3 class=\"cmsmasters_project_title entry-title\"><a href=\"https:\/\/hotel-astoria.net\/de\/room\/spa-suite\/\">Spa Suite<\/a><\/h3><\/header><div class=\"cmsmasters_project_cont_info_wrapper\"><\/div><span class=\"dn meta-date\">20191002215729<\/span>\t<\/div>\r\n<\/article>\r\n<!-- Finish Project Grid Article -->\r\n\r\n<!-- Start Project Grid Article -->\r\n<article id=\"post-16521\" class=\"cmsmasters_project_grid post-16521 project type-project status-publish format-standard has-post-thumbnail hentry\">\r\n\t<div class=\"project_outer\">\r\n\t<div class=\"project_img_wrap\"><figure class=\"cmsmasters_img_rollover_wrap preloader\"><img width=\"580\" height=\"420\" src=\"https:\/\/hotel-astoria.net\/wp-content\/uploads\/2019\/08\/IMG_20221223_155638_347-580x420.webp\" class=\"full-width wp-post-image\" alt=\"Spa Suite Deluxe\" loading=\"lazy\" title=\"IMG_20221223_155638_347\" \/><a href=\"https:\/\/hotel-astoria.net\/de\/room\/spa-suite-deluxe\/\" title=\"Spa Suite Deluxe\" class=\"cmsmasters_open_link\"><\/a><\/figure><\/div><header class=\"cmsmasters_project_header entry-header\"><h3 class=\"cmsmasters_project_title entry-title\"><a href=\"https:\/\/hotel-astoria.net\/de\/room\/spa-suite-deluxe\/\">Spa Suite Deluxe<\/a><\/h3><\/header><div class=\"cmsmasters_project_cont_info_wrapper\"><\/div><span class=\"dn meta-date\">20191002222015<\/span>\t<\/div>\r\n<\/article>\r\n<!-- Finish Project Grid Article -->\r\n\r\n<!-- Start Project Grid Article -->\r\n<article id=\"post-16518\" class=\"cmsmasters_project_grid post-16518 project type-project status-publish format-standard has-post-thumbnail hentry\">\r\n\t<div class=\"project_outer\">\r\n\t<div class=\"project_img_wrap\"><figure class=\"cmsmasters_img_rollover_wrap preloader\"><img width=\"580\" height=\"420\" src=\"https:\/\/hotel-astoria.net\/wp-content\/uploads\/2019\/08\/93-_EM79954-580x420.jpg\" class=\"full-width wp-post-image\" alt=\"Mountain Superior\" loading=\"lazy\" title=\"93 _EM79954\" \/><a href=\"https:\/\/hotel-astoria.net\/de\/room\/mountain-superior\/\" title=\"Mountain Superior\" class=\"cmsmasters_open_link\"><\/a><\/figure><\/div><header class=\"cmsmasters_project_header entry-header\"><h3 class=\"cmsmasters_project_title entry-title\"><a href=\"https:\/\/hotel-astoria.net\/de\/room\/mountain-superior\/\">Mountain Superior<\/a><\/h3><\/header><div class=\"cmsmasters_project_cont_info_wrapper\"><\/div><span class=\"dn meta-date\">20191002221319<\/span>\t<\/div>\r\n<\/article>\r\n<!-- Finish Project Grid Article -->\r\n\r\n<!-- Start Project Grid Article -->\r\n<article id=\"post-16517\" class=\"cmsmasters_project_grid post-16517 project type-project status-publish format-standard has-post-thumbnail hentry\">\r\n\t<div class=\"project_outer\">\r\n\t<div class=\"project_img_wrap\"><figure class=\"cmsmasters_img_rollover_wrap preloader\"><img width=\"580\" height=\"420\" src=\"https:\/\/hotel-astoria.net\/wp-content\/uploads\/2019\/08\/suite-baita1img-130_62-20160713-124045-6-580x420.jpg\" class=\"full-width wp-post-image\" alt=\"Bergh\u00fctte Suite\" loading=\"lazy\" title=\"suite-baita1img-130_62-20160713-124045-6\" \/><a href=\"https:\/\/hotel-astoria.net\/de\/room\/berghuette-suite\/\" title=\"Bergh\u00fctte Suite\" class=\"cmsmasters_open_link\"><\/a><\/figure><\/div><header class=\"cmsmasters_project_header entry-header\"><h3 class=\"cmsmasters_project_title entry-title\"><a href=\"https:\/\/hotel-astoria.net\/de\/room\/berghuette-suite\/\">Bergh\u00fctte Suite<\/a><\/h3><\/header><div class=\"cmsmasters_project_cont_info_wrapper\"><\/div><span class=\"dn meta-date\">20191002220214<\/span>\t<\/div>\r\n<\/article>\r\n<!-- Finish Project Grid Article -->\r\n\r\n<!-- Start Project Grid Article -->\r\n<article id=\"post-16519\" class=\"cmsmasters_project_grid post-16519 project type-project status-publish format-standard has-post-thumbnail hentry\">\r\n\t<div class=\"project_outer\">\r\n\t<div class=\"project_img_wrap\"><figure class=\"cmsmasters_img_rollover_wrap preloader\"><img width=\"580\" height=\"420\" src=\"https:\/\/hotel-astoria.net\/wp-content\/uploads\/2022\/06\/SuperiorAstoria8-580x420.jpg\" class=\"full-width wp-post-image\" alt=\"Superior Astoria\" loading=\"lazy\" title=\"SuperiorAstoria8\" \/><a href=\"https:\/\/hotel-astoria.net\/de\/room\/astoria-suite\/\" title=\"Superior Astoria\" class=\"cmsmasters_open_link\"><\/a><\/figure><\/div><header class=\"cmsmasters_project_header entry-header\"><h3 class=\"cmsmasters_project_title entry-title\"><a href=\"https:\/\/hotel-astoria.net\/de\/room\/astoria-suite\/\">Superior Astoria<\/a><\/h3><\/header><div class=\"cmsmasters_project_cont_info_wrapper\"><\/div><span class=\"dn meta-date\">20191002221627<\/span>\t<\/div>\r\n<\/article>\r\n<!-- Finish Project Grid Article -->\r\n\r\n<!-- Start Project Grid Article -->\r\n<article id=\"post-16522\" class=\"cmsmasters_project_grid post-16522 project type-project status-publish format-standard has-post-thumbnail hentry\">\r\n\t<div class=\"project_outer\">\r\n\t<div class=\"project_img_wrap\"><figure class=\"cmsmasters_img_rollover_wrap preloader\"><img width=\"580\" height=\"420\" src=\"https:\/\/hotel-astoria.net\/wp-content\/uploads\/2019\/09\/172-_ER78965-580x420.jpg\" class=\"full-width wp-post-image\" alt=\"Junior Suite Dolomites\" loading=\"lazy\" title=\"172 _ER78965\" \/><a href=\"https:\/\/hotel-astoria.net\/de\/room\/junior-suite-dolomites\/\" title=\"Junior Suite Dolomites\" class=\"cmsmasters_open_link\"><\/a><\/figure><\/div><header class=\"cmsmasters_project_header entry-header\"><h3 class=\"cmsmasters_project_title entry-title\"><a href=\"https:\/\/hotel-astoria.net\/de\/room\/junior-suite-dolomites\/\">Junior Suite Dolomites<\/a><\/h3><\/header><div class=\"cmsmasters_project_cont_info_wrapper\"><\/div><span class=\"dn meta-date\">20190923101318<\/span>\t<\/div>\r\n<\/article>\r\n<!-- Finish Project Grid Article -->\r\n\r\n<!-- Start Project Grid Article -->\r\n<article id=\"post-16520\" class=\"cmsmasters_project_grid post-16520 project type-project status-publish format-standard has-post-thumbnail hentry\">\r\n\t<div class=\"project_outer\">\r\n\t<div class=\"project_img_wrap\"><figure class=\"cmsmasters_img_rollover_wrap preloader\"><img width=\"580\" height=\"420\" src=\"https:\/\/hotel-astoria.net\/wp-content\/uploads\/2019\/08\/SuperiorFamily2-580x420.jpg\" class=\"full-width wp-post-image\" alt=\"Mountain Superior Family\" loading=\"lazy\" title=\"SuperiorFamily2\" \/><a href=\"https:\/\/hotel-astoria.net\/de\/room\/family-room\/\" title=\"Mountain Superior Family\" class=\"cmsmasters_open_link\"><\/a><\/figure><\/div><header class=\"cmsmasters_project_header entry-header\"><h3 class=\"cmsmasters_project_title entry-title\"><a href=\"https:\/\/hotel-astoria.net\/de\/room\/family-room\/\">Mountain Superior Family<\/a><\/h3><\/header><div class=\"cmsmasters_project_cont_info_wrapper\"><\/div><span class=\"dn meta-date\">20191002222015<\/span>\t<\/div>\r\n<\/article>\r\n<!-- Finish Project Grid Article -->\r\n\r\n<!-- Start Project Grid Article -->\r\n<article id=\"post-16523\" class=\"cmsmasters_project_grid post-16523 project type-project status-publish format-standard has-post-thumbnail hentry\">\r\n\t<div class=\"project_outer\">\r\n\t<div class=\"project_img_wrap\"><figure class=\"cmsmasters_img_rollover_wrap preloader\"><img width=\"580\" height=\"420\" src=\"https:\/\/hotel-astoria.net\/wp-content\/uploads\/2019\/09\/67-_EM71169-580x420.jpg\" class=\"full-width wp-post-image\" alt=\"Superior Vernel\" loading=\"lazy\" title=\"67 _EM71169\" \/><a href=\"https:\/\/hotel-astoria.net\/de\/room\/superior-vernel\/\" title=\"Superior Vernel\" class=\"cmsmasters_open_link\"><\/a><\/figure><\/div><header class=\"cmsmasters_project_header entry-header\"><h3 class=\"cmsmasters_project_title entry-title\"><a href=\"https:\/\/hotel-astoria.net\/de\/room\/superior-vernel\/\">Superior Vernel<\/a><\/h3><\/header><div class=\"cmsmasters_project_cont_info_wrapper\"><\/div><span class=\"dn meta-date\">20190923102024<\/span>\t<\/div>\r\n<\/article>\r\n<!-- Finish Project Grid Article -->\r\n\r\n<\/div><\/div>\n<\/div><\/div>\n<\/div>\n<\/div>\n<\/div>\n<\/div>\n<\/div>\n<div id=\"cmsmasters_row_\" class=\"cmsmasters_row cmsmasters_color_scheme_default cmsmasters_row_top_default cmsmasters_row_bot_default cmsmasters_row_boxed\">\n<div class=\"cmsmasters_row_outer_parent\">\n<div class=\"cmsmasters_row_outer\">\n<div class=\"cmsmasters_row_inner\">\n<div class=\"cmsmasters_row_margin\">\n<div id=\"cmsmasters_column_\" class=\"cmsmasters_column one_first\">\n<div class=\"cmsmasters_column_inner\"><div class=\"cmsmasters_text\">\n<p><\/p>\n<\/div>\n<div class=\"cmsmasters_text\">\n<\/div>\n<\/div><\/div>\n<\/div>\n<\/div>\n<\/div>\n<\/div>\n<\/div>\n\n","protected":false},"excerpt":{"rendered":"","protected":false},"author":2,"featured_media":0,"parent":0,"menu_order":18,"comment_status":"closed","ping_status":"closed","template":"","meta":[],"_links":{"self":[{"href":"https:\/\/hotel-astoria.net\/de\/wp-json\/wp\/v2\/pages\/16608"}],"collection":[{"href":"https:\/\/hotel-astoria.net\/de\/wp-json\/wp\/v2\/pages"}],"about":[{"href":"https:\/\/hotel-astoria.net\/de\/wp-json\/wp\/v2\/types\/page"}],"author":[{"embeddable":true,"href":"https:\/\/hotel-astoria.net\/de\/wp-json\/wp\/v2\/users\/2"}],"replies":[{"embeddable":true,"href":"https:\/\/hotel-astoria.net\/de\/wp-json\/wp\/v2\/comments?post=16608"}],"version-history":[{"count":10,"href":"https:\/\/hotel-astoria.net\/de\/wp-json\/wp\/v2\/pages\/16608\/revisions"}],"predecessor-version":[{"id":18863,"href":"https:\/\/hotel-astoria.net\/de\/wp-json\/wp\/v2\/pages\/16608\/revisions\/18863"}],"wp:attachment":[{"href":"https:\/\/hotel-astoria.net\/de\/wp-json\/wp\/v2\/media?parent=16608"}],"curies":[{"name":"wp","href":"https:\/\/api.w.org\/{rel}","templated":true}]}}