{"id":16648,"date":"2019-08-25T21:42:14","date_gmt":"2019-08-25T19:42:14","guid":{"rendered":"https:\/\/hotel-astoria.net\/estate-a-canazei\/"},"modified":"2025-06-17T15:39:25","modified_gmt":"2025-06-17T13:39:25","slug":"sommer-in-canazei","status":"publish","type":"page","link":"https:\/\/hotel-astoria.net\/de\/sommer-in-canazei\/","title":{"rendered":"Sommer in Canazei"},"content":{"rendered":"<div id=\"cmsmasters_row_vg7xqhvvs\" class=\"cmsmasters_row cmsmasters_color_scheme_default cmsmasters_row_top_default cmsmasters_row_bot_default cmsmasters_row_boxed\">\n<div class=\"cmsmasters_row_outer_parent\">\n<div class=\"cmsmasters_row_outer\">\n<div class=\"cmsmasters_row_inner\">\n<div class=\"cmsmasters_row_margin\">\n<div id=\"cmsmasters_column_ca3jk1k18p\" class=\"cmsmasters_column one_first\">\n<div class=\"cmsmasters_column_inner\"><div class=\"cmsmasters_text\">\n<p>Ihre Ferien bei uns im Val di Fassa stehen im Zeichen der Unterhaltung und des Vergn\u00fcgens. Erholsame Spazierg\u00e4nge in der Talsohle, inmitten des Gr\u00fcns einer unber\u00fchrten Natur oder aufregende Klettertouren. Herr Osvaldo, der Inhaber, Experte und selbst begeisterter Kletterer, f\u00fchrt Sie gerne.<br \/>\nAusfl\u00fcge mit dem Mountainbike oder mit dem Fahrrad vom Hotel. Es erwarten Sie die Gipfel, wo allj\u00e4hrlich der Giro d&#8217;Italia und der Dolomiten-Marathonlauf stattfinden: die P\u00e4sse des Fedaia, Pordoi, San Pellegrino, Sella und der Marmolada, K\u00f6nigin der Dolomiten. Sie k\u00f6nnen das legend\u00e4re Ph\u00e4nomen des Abendrots bewundern, bei dem sich die nackten Felsen der Dolomitengipfel leuchtend rosa f\u00e4rben.<br \/>\nIm Sommer finden im Val di Fassa unz\u00e4hlige Veranstaltungen statt, die die \u00f6rtlichen Traditionen aufleben lassen, wie z. B. &#8222;Gran festa da d&#8217;ista&#8220; mit typischen, kulinarischen Spezialit\u00e4ten. Das Musikfestival &#8222;I suoni delle Dolomiti&#8220; findet allj\u00e4hrlich im Freien in den H\u00f6hen statt.<\/p>\n<p>&nbsp;<\/p>\n<h4><strong>Hotel-Service (im Preis enthalten):<\/strong><\/h4>\n<p>Mountainbike-Verleih gratis; organisierte Wanderungen und Bergtouren; <a target=\"_blank\" href=\"https:\/\/hotel-astoria.net\/wp-content\/uploads\/2024\/05\/Z.Val-di-Fassa-Guest-Card-estate-2024_DE.pdf\" rel=\"noopener\">Val di Fassa Guest Card<\/a>, Informationen und Wanderkarten; <a href=\"https:\/\/hotel-astoria.net\/de\/familienurlaub-sommer\/\" title=\"Familienurlaub Sommer\">Abendunterhaltung f\u00fcr Kinder.<\/a><\/p>\n<h4><strong>Sport, Unternehmungen und Service (reservierbar im Hotel):<\/strong><\/h4>\n<ul>\n<li>Zweisitzige Gleitschirmfl\u00fcge mit italienischen Fluglehrern.<\/li>\n<li>Mountainbike: Ausfl\u00fcge, Downhill, Freeride, Dirt-Jump, Northshore, Dirt, bmx.<\/li>\n<li>Free climbing, Klettersteige und Klettern mit Bergf\u00fchrern.<\/li>\n<li>Ausfl\u00fcge, kulturelle Unternehmungen (Besuch von Almen, geologisches Labor) und F\u00fchrungen.<\/li>\n<li>F\u00fcr Kinder: Fassalandia, Spielg\u00e4rten im Ort und in den Bergen. T\u00e4glich preiswerter Kinderland-Service.<\/li>\n<li>Tags\u00fcber kostenloser Besch\u00e4ftigungs-Service (Spiele, Ausfl\u00fcge, Tanz, usw.).<\/li>\n<li>Golf Club Val di Fassa: Golfplatz mit 6 L\u00f6chern, Par 21.<\/li>\n<li>Reitschule: Ausfl\u00fcge zu Pferd oder Reitunterricht f\u00fcr Anf\u00e4nger.<\/li>\n<li>Tennis: reservierbar auch Unterricht mit Lehrer.<\/li>\n<li>Eislaufstadion<\/li>\n<li>Nordic Walking<\/li>\n<\/ul>\n<p><a target=\"_blank\" href=\"https:\/\/hotel-astoria.net\/wp-content\/uploads\/2025\/06\/Z.Programma-settimanale-TREKKING-WALKING-BIKE-FAMILY-estate-2025_ENG.pdf\" rel=\"noopener\">Wochenprogram<\/a><\/p>\n<\/div>\n<\/div><\/div>\n<\/div>\n<\/div>\n<\/div>\n<\/div>\n<\/div>\n\n","protected":false},"excerpt":{"rendered":"","protected":false},"author":2,"featured_media":0,"parent":0,"menu_order":26,"comment_status":"closed","ping_status":"open","template":"","meta":[],"_links":{"self":[{"href":"https:\/\/hotel-astoria.net\/de\/wp-json\/wp\/v2\/pages\/16648"}],"collection":[{"href":"https:\/\/hotel-astoria.net\/de\/wp-json\/wp\/v2\/pages"}],"about":[{"href":"https:\/\/hotel-astoria.net\/de\/wp-json\/wp\/v2\/types\/page"}],"author":[{"embeddable":true,"href":"https:\/\/hotel-astoria.net\/de\/wp-json\/wp\/v2\/users\/2"}],"replies":[{"embeddable":true,"href":"https:\/\/hotel-astoria.net\/de\/wp-json\/wp\/v2\/comments?post=16648"}],"version-history":[{"count":8,"href":"https:\/\/hotel-astoria.net\/de\/wp-json\/wp\/v2\/pages\/16648\/revisions"}],"predecessor-version":[{"id":19189,"href":"https:\/\/hotel-astoria.net\/de\/wp-json\/wp\/v2\/pages\/16648\/revisions\/19189"}],"wp:attachment":[{"href":"https:\/\/hotel-astoria.net\/de\/wp-json\/wp\/v2\/media?parent=16648"}],"curies":[{"name":"wp","href":"https:\/\/api.w.org\/{rel}","templated":true}]}}