{"id":16651,"date":"2019-07-28T20:36:25","date_gmt":"2019-07-28T18:36:25","guid":{"rendered":"https:\/\/hotel-astoria.net\/fai-un-regalo\/"},"modified":"2019-10-02T23:00:44","modified_gmt":"2019-10-02T21:00:44","slug":"geschenk-2","status":"publish","type":"page","link":"https:\/\/hotel-astoria.net\/de\/geschenk-2\/","title":{"rendered":"Geschenk"},"content":{"rendered":"<div id=\"cmsmasters_row_f66a1b7222\" class=\"cmsmasters_row cmsmasters_color_scheme_default cmsmasters_row_top_default cmsmasters_row_bot_default cmsmasters_row_boxed\">\n<div class=\"cmsmasters_row_outer_parent\">\n<div class=\"cmsmasters_row_outer\">\n<div class=\"cmsmasters_row_inner\">\n<div class=\"cmsmasters_row_margin\">\n<div id=\"cmsmasters_column_12728dcaf2\" class=\"cmsmasters_column one_first\">\n<div class=\"cmsmasters_column_inner\"><div id=\"cmsmasters_heading_847cc7de54\" class=\"cmsmasters_heading_wrap cmsmasters_heading_align_center\">\n\t<h3 class=\"cmsmasters_heading\">unvergesslichen <\/h3>\n<\/div><div id=\"cmsmasters_heading_a60f491637\" class=\"cmsmasters_heading_wrap cmsmasters_heading_align_center\">\n\t<h2 class=\"cmsmasters_heading\">Schenke einen unvergesslichen Urlaub in Canazei<\/h2>\n<\/div>\n<\/div><\/div>\n<\/div>\n<\/div>\n<\/div>\n<\/div>\n<\/div>\n<div id=\"cmsmasters_row_0e8800f9fe\" class=\"cmsmasters_row cmsmasters_color_scheme_default cmsmasters_row_top_default cmsmasters_row_bot_default cmsmasters_row_boxed\">\n<div class=\"cmsmasters_row_outer_parent\">\n<div class=\"cmsmasters_row_outer\">\n<div class=\"cmsmasters_row_inner\">\n<div class=\"cmsmasters_row_margin\">\n<div id=\"cmsmasters_column_db4776658e\" class=\"cmsmasters_column one_first\">\n<div class=\"cmsmasters_column_inner\"><div class=\"cmsmasters_text\">\n<noscript class=\"ninja-forms-noscript-message\">\n\tHinweis: F\u00fcr diesen Inhalt ist JavaScript erforderlich.<\/noscript>\nDieses Formular wird gerade \u00fcberarbeitet. Bitte versuche es sp\u00e4ter nochmals.<\/p>\n<\/div>\n<div id=\"cmsmasters_divider_1tsyg3hblk\" class=\"cmsmasters_divider cmsmasters_divider_width_long cmsmasters_divider_pos_center\"><\/div>\n<div class=\"cmsmasters_text\">\n<h2><\/h2>\n<h2><\/h2>\n<div class=\"privacy\">\n<h2>Privacy<\/h2>\n<p><strong>Informationen zur Verarbeitung personenbezogener Daten<\/strong><br \/>\n(EU-Verordnung Nr. 679\/2016)<br \/>\nWir informieren Sie, dass die Daten, die Sie zur Verf\u00fcgung stellen, auf computergest\u00fctzte Weise in \u00dcbereinstimmung mit den in der geltenden Datenschutzgesetzgebung (EU-Verordnung Nr. 679 von 2016) festgelegten Grunds\u00e4tzen verarbeitet werden, um die angeforderten Informationen zu liefern und schlie\u00dflich Best\u00e4tigen Sie die Buchung von Zimmern und anderen Dienstleistungen.\u00a0Detaillierte Informationen zur Verarbeitung von Nutzerdaten sind in unserer <a href=\"http:\/\/www.hotel-astoria.net\/de\/privacy\/\" target=\"_blank\" rel=\"noopener noreferrer\">Datenschutzerkl\u00e4rung enthalten.<\/a><\/p>\n<\/div>\n<p>&nbsp;<\/p>\n<\/div>\n<\/div><\/div>\n<\/div>\n<\/div>\n<\/div>\n<\/div>\n<\/div>\n\n","protected":false},"excerpt":{"rendered":"","protected":false},"author":2,"featured_media":0,"parent":0,"menu_order":29,"comment_status":"closed","ping_status":"closed","template":"","meta":[],"_links":{"self":[{"href":"https:\/\/hotel-astoria.net\/de\/wp-json\/wp\/v2\/pages\/16651"}],"collection":[{"href":"https:\/\/hotel-astoria.net\/de\/wp-json\/wp\/v2\/pages"}],"about":[{"href":"https:\/\/hotel-astoria.net\/de\/wp-json\/wp\/v2\/types\/page"}],"author":[{"embeddable":true,"href":"https:\/\/hotel-astoria.net\/de\/wp-json\/wp\/v2\/users\/2"}],"replies":[{"embeddable":true,"href":"https:\/\/hotel-astoria.net\/de\/wp-json\/wp\/v2\/comments?post=16651"}],"version-history":[{"count":2,"href":"https:\/\/hotel-astoria.net\/de\/wp-json\/wp\/v2\/pages\/16651\/revisions"}],"predecessor-version":[{"id":16773,"href":"https:\/\/hotel-astoria.net\/de\/wp-json\/wp\/v2\/pages\/16651\/revisions\/16773"}],"wp:attachment":[{"href":"https:\/\/hotel-astoria.net\/de\/wp-json\/wp\/v2\/media?parent=16651"}],"curies":[{"name":"wp","href":"https:\/\/api.w.org\/{rel}","templated":true}]}}