{"id":16655,"date":"2019-08-25T21:38:51","date_gmt":"2019-08-25T19:38:51","guid":{"rendered":"https:\/\/hotel-astoria.net\/inverno-a-canazei\/"},"modified":"2025-12-20T16:58:25","modified_gmt":"2025-12-20T15:58:25","slug":"winter-in-canazei","status":"publish","type":"page","link":"https:\/\/hotel-astoria.net\/de\/winter-in-canazei\/","title":{"rendered":"Winter in Canazei"},"content":{"rendered":"<div id=\"cmsmasters_row_vg7xqhvvs\" class=\"cmsmasters_row cmsmasters_color_scheme_default cmsmasters_row_top_default cmsmasters_row_bot_default cmsmasters_row_boxed\">\n<div class=\"cmsmasters_row_outer_parent\">\n<div class=\"cmsmasters_row_outer\">\n<div class=\"cmsmasters_row_inner\">\n<div class=\"cmsmasters_row_margin\">\n<div id=\"cmsmasters_column_ca3jk1k18p\" class=\"cmsmasters_column one_first\">\n<div class=\"cmsmasters_column_inner\"><div class=\"cmsmasters_text\">\n<p>Im Val di Fassa erwarten Sie 800 km Skipisten, stets mit perfekten Schneebedingungen. Wir befinden uns in dem bekannten Skigebiet DolomitiSuperski, einem Synonym f\u00fcr Service und Avanguarde-Skilifte. Vers\u00e4umen Sie nicht das 4-P\u00e4sse-Rondell (Sella Ronda), das Sie auf Skiern auf einer H\u00f6he von etwa 2.000 m \u00fcber die P\u00e4sse des Pordoi, Sella, Gardena und Campolongo f\u00fchrt. Mit dem Shuttlebus des Hotels erreicht man die Gondelbahn Belvedere (450 m vom Hotel), die Canazei mit dem Skigebiet Col Rodella oder dem nahgelegenen Gr\u00f6dnertal, der Talebene von Arabba oder den anderen Ortschaften des Sella Ronda verbindet. Die Liebhaber des Snowboards finden hier den einzigen Snowboard-Park im ganzen Gebiet, mit Schanzen und Half-pipe-Strecken in der Piste.<\/p>\n<h4><strong>Hotel-Service (im Preis enthalten):<\/strong><\/h4>\n<ul>\n<li>Miniclub f\u00fcr Kinder zwischen 4 und 11 Jahren (<a href=\"https:\/\/hotel-astoria.net\/de\/familienurlaub-winter\/\" title=\"Familienurlaub Winter\">Programm<\/a>);<\/li>\n<li>Swimmbad und Spa<\/li>\n<li>Shuttlebus zu den Belvedere-Skiliften (Canazei);<\/li>\n<li>Skibus-Haltestelle Val di Fassa vor dem Hotel;<\/li>\n<li>Vertraglich geregelter Skiverleih (10% Skonto auf alle Ausr\u00fcstungen);<\/li>\n<li>Gala-Abend: Aperitiv und Abendessen bei Kerzenschein mit auserlesenem Men\u00fc;<\/li>\n<li>Nachmittags-Buffet<\/li>\n<\/ul>\n<h4><strong>Sport, Unternehmungen und Service (reservierbar im Hotel):<\/strong><\/h4>\n<ul>\n<li><a target=\"_blank\" href=\"https:\/\/www.scuolascicanazei.com\/en\" rel=\"noopener\">Skischule<\/a> (Ski, Snowboard, Langlaufen)<\/li>\n<li><a target=\"_blank\" href=\"https:\/\/hotel-astoria.net\/wp-content\/uploads\/2022\/07\/GIORGIA_LORENZ_Istruttorenazionalesci.pdf\" rel=\"noopener\">Individueller Skiunterricht<\/a><\/li>\n<li><a target=\"_blank\" href=\"https:\/\/www.dolomitiskideluxe.it\/eng-home-page\/\" rel=\"noopener\">Skiunterricht und Skitours<\/a><\/li>\n<li>Nicht- Skifahrer: <a target=\"_blank\" href=\"https:\/\/hotel-astoria.net\/wp-content\/uploads\/2025\/11\/FASSASPORT_Pacchetto-Attivita-INVERNO-202526-INGLESE.pdf\" rel=\"noopener\">Schneeschuewanderungen und mehr<\/a><\/li>\n<li><a target=\"_blank\" href=\"https:\/\/www.dolomitisuperski.com\/de\/Skipass\" rel=\"noopener\">Hotel Skipass Service<\/a><\/li>\n<li>Eislaufen und Nachtleben, Eishockey-Spiele der Liga A.<\/li>\n<li>Slide Park, Vergn\u00fcgungspark im Schnee.<\/li>\n<li>F\u00fcr die Kleinsten: Skikurse und Besch\u00e4ftigungen im Kinderland von Canazei.<\/li>\n<li>Nightlife: Apr\u00e8s Ski, Nachtlokale, H\u00fcttenabende mit Schlittenfahrt und Veranstaltungen in Canazei.<\/li>\n<\/ul>\n<h4><strong>BOOK FROM HERE:<\/strong><\/h4>\n<p><script src=\"https:\/\/fareharbor.com\/embeds\/script\/items\/fassasport\/?full-items=yes&#038;fallback=simple&#038;ref=astoria-asn&#038;sheet=255918&#038;asn=hotelastoria-euro&#038;asn-ref=astoria-asn&#038;flow=308061&#038;language=en-gb\"><\/script><\/p>\n<\/div>\n<\/div><\/div>\n<\/div>\n<\/div>\n<\/div>\n<\/div>\n<\/div>\n\n","protected":false},"excerpt":{"rendered":"","protected":false},"author":2,"featured_media":16656,"parent":0,"menu_order":35,"comment_status":"closed","ping_status":"open","template":"","meta":[],"_links":{"self":[{"href":"https:\/\/hotel-astoria.net\/de\/wp-json\/wp\/v2\/pages\/16655"}],"collection":[{"href":"https:\/\/hotel-astoria.net\/de\/wp-json\/wp\/v2\/pages"}],"about":[{"href":"https:\/\/hotel-astoria.net\/de\/wp-json\/wp\/v2\/types\/page"}],"author":[{"embeddable":true,"href":"https:\/\/hotel-astoria.net\/de\/wp-json\/wp\/v2\/users\/2"}],"replies":[{"embeddable":true,"href":"https:\/\/hotel-astoria.net\/de\/wp-json\/wp\/v2\/comments?post=16655"}],"version-history":[{"count":8,"href":"https:\/\/hotel-astoria.net\/de\/wp-json\/wp\/v2\/pages\/16655\/revisions"}],"predecessor-version":[{"id":19231,"href":"https:\/\/hotel-astoria.net\/de\/wp-json\/wp\/v2\/pages\/16655\/revisions\/19231"}],"wp:featuredmedia":[{"embeddable":true,"href":"https:\/\/hotel-astoria.net\/de\/wp-json\/wp\/v2\/media\/16656"}],"wp:attachment":[{"href":"https:\/\/hotel-astoria.net\/de\/wp-json\/wp\/v2\/media?parent=16655"}],"curies":[{"name":"wp","href":"https:\/\/api.w.org\/{rel}","templated":true}]}}