{"id":16657,"date":"2019-09-30T22:50:27","date_gmt":"2019-09-30T20:50:27","guid":{"rendered":"https:\/\/hotel-astoria.net\/kids-and-teen-spa\/"},"modified":"2024-05-20T11:15:19","modified_gmt":"2024-05-20T09:15:19","slug":"kids-and-teen-spa","status":"publish","type":"page","link":"https:\/\/hotel-astoria.net\/de\/kids-and-teen-spa\/","title":{"rendered":"Kids and teen spa"},"content":{"rendered":"<div id=\"cmsmasters_row_iz3ggwqj1r\" class=\"cmsmasters_row cmsmasters_color_scheme_default cmsmasters_row_top_default cmsmasters_row_bot_default cmsmasters_row_boxed\">\n<div class=\"cmsmasters_row_outer_parent\">\n<div class=\"cmsmasters_row_outer\">\n<div class=\"cmsmasters_row_inner\">\n<div class=\"cmsmasters_row_margin\">\n<div id=\"cmsmasters_column_7e54ffmapq\" class=\"cmsmasters_column one_first\">\n<div class=\"cmsmasters_column_inner\"><div class=\"cmsmasters_text\">\n<h4><strong>Kids and teen spa<\/strong><\/h4>\n<\/div>\n<\/div><\/div>\n<\/div>\n<\/div>\n<\/div>\n<\/div>\n<\/div>\n<div id=\"cmsmasters_row_vg7xqhvvs\" class=\"cmsmasters_row cmsmasters_color_scheme_default cmsmasters_row_top_default cmsmasters_row_bot_default cmsmasters_row_boxed\">\n<div class=\"cmsmasters_row_outer_parent\">\n<div class=\"cmsmasters_row_outer\">\n<div class=\"cmsmasters_row_inner\">\n<div class=\"cmsmasters_row_margin\">\n<div id=\"cmsmasters_column_ca3jk1k18p\" class=\"cmsmasters_column one_first\">\n<div class=\"cmsmasters_column_inner\"><div class=\"cmsmasters_toggles toggles_mode_accordion\">\n<div class=\"cmsmasters_toggle_wrap current_toggle\" data-tags=\"all \">\n<div class=\"cmsmasters_toggle_title\">\n<span class=\"cmsmasters_toggle_plus\">\n<span class=\"cmsmasters_toggle_plus_hor\"><\/span>\n<span class=\"cmsmasters_toggle_plus_vert\"><\/span>\n<\/span>\n<a href=\"#\">Teenager pro - 30 min 45 \u20ac<\/a>\n<\/div>\n<div class=\"cmsmasters_toggle\">\n<div class=\"cmsmasters_toggle_inner\">\n<h1><strong>Teenager pro<\/strong><\/h1>\n<p><strong>Teen Ager pro: <\/strong>Die Reinigung f\u00fcr das junge Gesicht.<\/p>\n<p>Eine Gesichtsbehandlung, bei der gezeigt wird, wie die Gesichtshaut t\u00e4glich zu reinigen ist. Um zu lernen, wie die Haut gepflegt wird und die Massagevorteile des entspannten Gesichts zu genie\u00dfen.<\/p>\n<\/div>\n<\/div>\n<\/div><div class=\"cmsmasters_toggle_wrap\" data-tags=\"all \">\n<div class=\"cmsmasters_toggle_title\">\n<span class=\"cmsmasters_toggle_plus\">\n<span class=\"cmsmasters_toggle_plus_hor\"><\/span>\n<span class=\"cmsmasters_toggle_plus_vert\"><\/span>\n<\/span>\n<a href=\"#\">Schneewittchen - 30 min 40 \u20ac<\/a>\n<\/div>\n<div class=\"cmsmasters_toggle\">\n<div class=\"cmsmasters_toggle_inner\">\n<h1><strong>Schneewittchen<\/strong><\/h1>\n<p><strong>Schneewittchen: <\/strong>\u00a0Minimanicure und \u2013pedicure mit Nagellack H\u00e4nde und F\u00fc\u00dfe.<\/p>\n<\/div>\n<\/div>\n<\/div><div class=\"cmsmasters_toggle_wrap\" data-tags=\"all \">\n<div class=\"cmsmasters_toggle_title\">\n<span class=\"cmsmasters_toggle_plus\">\n<span class=\"cmsmasters_toggle_plus_hor\"><\/span>\n<span class=\"cmsmasters_toggle_plus_vert\"><\/span>\n<\/span>\n<a href=\"#\">Teen Choco Massage - 25 min 45 \u20ac<\/a>\n<\/div>\n<div class=\"cmsmasters_toggle\">\n<div class=\"cmsmasters_toggle_inner\">\n<h1><strong>Teen Choco Massage<\/strong><\/h1>\n<p><strong>Teen choco massage <\/strong>mit nicht \u00e4therischen Natur\u00f6len.<\/p>\n<\/div>\n<\/div>\n<\/div><\/div>\n<\/div><\/div>\n<\/div>\n<\/div>\n<\/div>\n<\/div>\n<\/div>\n<div id=\"cmsmasters_row_37c191f42d\" class=\"cmsmasters_row cmsmasters_color_scheme_default cmsmasters_row_top_default cmsmasters_row_bot_default cmsmasters_row_boxed\">\n<div class=\"cmsmasters_row_outer_parent\">\n<div class=\"cmsmasters_row_outer\">\n<div class=\"cmsmasters_row_inner\">\n<div class=\"cmsmasters_row_margin\">\n<div id=\"cmsmasters_column_ee29ba77bb\" class=\"cmsmasters_column one_first\">\n<div class=\"cmsmasters_column_inner\"><div id=\"cmsmasters_heading_4f61a9a49c\" class=\"cmsmasters_heading_wrap cmsmasters_heading_align_center\">\n\t<h3 class=\"cmsmasters_heading\">Make Reservation<\/h3>\n<\/div><div id=\"cmsmasters_heading_177e36408a\" class=\"cmsmasters_heading_wrap cmsmasters_heading_align_center\">\n\t<h2 class=\"cmsmasters_heading\">Wellness<\/h2>\n<\/div><div id=\"cmsmasters_button_189a21456b\" class=\"button_wrap\"><a href=\"https:\/\/hotel-astoria.net\/de\/geschenk\/\" class=\"cmsmasters_button\"><span>Geschenkgutschein<\/span><\/a><\/div>\n<\/div><\/div>\n<\/div>\n<\/div>\n<\/div>\n<\/div>\n<\/div>\n\n","protected":false},"excerpt":{"rendered":"","protected":false},"author":2,"featured_media":16647,"parent":0,"menu_order":38,"comment_status":"closed","ping_status":"open","template":"","meta":[],"_links":{"self":[{"href":"https:\/\/hotel-astoria.net\/de\/wp-json\/wp\/v2\/pages\/16657"}],"collection":[{"href":"https:\/\/hotel-astoria.net\/de\/wp-json\/wp\/v2\/pages"}],"about":[{"href":"https:\/\/hotel-astoria.net\/de\/wp-json\/wp\/v2\/types\/page"}],"author":[{"embeddable":true,"href":"https:\/\/hotel-astoria.net\/de\/wp-json\/wp\/v2\/users\/2"}],"replies":[{"embeddable":true,"href":"https:\/\/hotel-astoria.net\/de\/wp-json\/wp\/v2\/comments?post=16657"}],"version-history":[{"count":3,"href":"https:\/\/hotel-astoria.net\/de\/wp-json\/wp\/v2\/pages\/16657\/revisions"}],"predecessor-version":[{"id":19051,"href":"https:\/\/hotel-astoria.net\/de\/wp-json\/wp\/v2\/pages\/16657\/revisions\/19051"}],"wp:featuredmedia":[{"embeddable":true,"href":"https:\/\/hotel-astoria.net\/de\/wp-json\/wp\/v2\/media\/16647"}],"wp:attachment":[{"href":"https:\/\/hotel-astoria.net\/de\/wp-json\/wp\/v2\/media?parent=16657"}],"curies":[{"name":"wp","href":"https:\/\/api.w.org\/{rel}","templated":true}]}}