{"id":16658,"date":"2019-09-30T22:48:06","date_gmt":"2019-09-30T20:48:06","guid":{"rendered":"https:\/\/hotel-astoria.net\/massaggi\/"},"modified":"2024-05-20T11:29:44","modified_gmt":"2024-05-20T09:29:44","slug":"massage","status":"publish","type":"page","link":"https:\/\/hotel-astoria.net\/de\/massage\/","title":{"rendered":"Massage"},"content":{"rendered":"<div id=\"cmsmasters_row_vg7xqhvvs\" class=\"cmsmasters_row cmsmasters_color_scheme_default cmsmasters_row_top_default cmsmasters_row_bot_default cmsmasters_row_boxed\">\n<div class=\"cmsmasters_row_outer_parent\">\n<div class=\"cmsmasters_row_outer\">\n<div class=\"cmsmasters_row_inner\">\n<div class=\"cmsmasters_row_margin\">\n<div id=\"cmsmasters_column_ca3jk1k18p\" class=\"cmsmasters_column one_first\">\n<div class=\"cmsmasters_column_inner\"><div class=\"cmsmasters_toggles toggles_mode_accordion\">\n<div class=\"cmsmasters_toggle_wrap current_toggle\" data-tags=\"all \">\n<div class=\"cmsmasters_toggle_title\">\n<span class=\"cmsmasters_toggle_plus\">\n<span class=\"cmsmasters_toggle_plus_hor\"><\/span>\n<span class=\"cmsmasters_toggle_plus_vert\"><\/span>\n<\/span>\n<a href=\"#\">Anti-Stress - 50 min 80 \u20ac<\/a>\n<\/div>\n<div class=\"cmsmasters_toggle\">\n<div class=\"cmsmasters_toggle_inner\">\n<p><strong>Entschlackende: <\/strong>hilft die Fl\u00fcssigkeitsr\u00fcckst\u00e4nde mit leichten und zarten Bewegungen zu beseitigen, die eine beruhigende Wirkung haben und ein Gef\u00fchl der Leichtigkeit geben. Diese Technik wird auch in der Behandlung der \u00f6demat\u00f6sen Zellgewebsentz\u00fcndung, bei schweren und geschwollenen Beinen eingesetzt. Entgiftet den Organismus.<\/p>\n<p>&nbsp;<\/p>\n<p>&nbsp;<\/p>\n<p>&nbsp;<\/p>\n<\/div>\n<\/div>\n<\/div><div class=\"cmsmasters_toggle_wrap\" data-tags=\"all \">\n<div class=\"cmsmasters_toggle_title\">\n<span class=\"cmsmasters_toggle_plus\">\n<span class=\"cmsmasters_toggle_plus_hor\"><\/span>\n<span class=\"cmsmasters_toggle_plus_vert\"><\/span>\n<\/span>\n<a href=\"#\">SWEDISH AFTER SPORT - 50 min 85\u20ac<\/a>\n<\/div>\n<div class=\"cmsmasters_toggle\">\n<div class=\"cmsmasters_toggle_inner\">\n<h1><strong>SWEDISH AFTER SPORT<\/strong><\/h1>\n<p><strong>SWEDISH AFTER SPORT<\/strong>: a mix of different techniques, finger pressures and tractions to stimulate skin, muscles, and articulations<\/p>\n<p>&nbsp;<\/p>\n<\/div>\n<\/div>\n<\/div><div class=\"cmsmasters_toggle_wrap\" data-tags=\"all \">\n<div class=\"cmsmasters_toggle_title\">\n<span class=\"cmsmasters_toggle_plus\">\n<span class=\"cmsmasters_toggle_plus_hor\"><\/span>\n<span class=\"cmsmasters_toggle_plus_vert\"><\/span>\n<\/span>\n<a href=\"#\">Teilmassage - 25 min 45 \u20ac<\/a>\n<\/div>\n<div class=\"cmsmasters_toggle\">\n<div class=\"cmsmasters_toggle_inner\">\n<h1><strong>Teilmassage<\/strong><\/h1>\n<p><strong>Teilmassage: <\/strong>Behandlung eines bestimmten Teils der Beine, des R\u00fcckens oder Genicks.<\/p>\n<p>&nbsp;<\/p>\n<p>&nbsp;<\/p>\n<\/div>\n<\/div>\n<\/div><div class=\"cmsmasters_toggle_wrap\" data-tags=\"all \">\n<div class=\"cmsmasters_toggle_title\">\n<span class=\"cmsmasters_toggle_plus\">\n<span class=\"cmsmasters_toggle_plus_hor\"><\/span>\n<span class=\"cmsmasters_toggle_plus_vert\"><\/span>\n<\/span>\n<a href=\"#\">Draining - 50 min 85 \u20ac<\/a>\n<\/div>\n<div class=\"cmsmasters_toggle\">\n<div class=\"cmsmasters_toggle_inner\">\n<h1><strong>Draining<\/strong><\/h1>\n<p>Entw\u00e4sserung: Hilft mit leichten und sanften Bewegungen, Wasser und Giftstoffe aus dem K\u00f6rper zu entfernen.<\/p>\n<p>&nbsp;<\/p>\n<p>&nbsp;<\/p>\n<\/div>\n<\/div>\n<\/div><div class=\"cmsmasters_toggle_wrap\" data-tags=\"all \">\n<div class=\"cmsmasters_toggle_title\">\n<span class=\"cmsmasters_toggle_plus\">\n<span class=\"cmsmasters_toggle_plus_hor\"><\/span>\n<span class=\"cmsmasters_toggle_plus_vert\"><\/span>\n<\/span>\n<a href=\"#\">Candle Massage - 50 min 80 \u20ac<\/a>\n<\/div>\n<div class=\"cmsmasters_toggle\">\n<div class=\"cmsmasters_toggle_inner\">\n<h1><strong>Candle Massage<\/strong><\/h1>\n<p>un massaggio avvolgente che sfrutta il calore della fiamma per trasformare un soffice burro di karit\u00e8 in un vellutato olio da massaggio che nutre in profondit\u00e0 la pelle<\/p>\n<p>&nbsp;<\/p>\n<p>&nbsp;<\/p>\n<\/div>\n<\/div>\n<\/div><div class=\"cmsmasters_toggle_wrap\" data-tags=\"all \">\n<div class=\"cmsmasters_toggle_title\">\n<span class=\"cmsmasters_toggle_plus\">\n<span class=\"cmsmasters_toggle_plus_hor\"><\/span>\n<span class=\"cmsmasters_toggle_plus_vert\"><\/span>\n<\/span>\n<a href=\"#\">Ayurvedico - 70 min 95 \u20ac<\/a>\n<\/div>\n<div class=\"cmsmasters_toggle\">\n<div class=\"cmsmasters_toggle_inner\">\n<h1><strong>Ayurvedico<\/strong><\/h1>\n<p><strong>Ayurvedico<\/strong>: one of the oldest massages, helps to promote a psychophysical wellbeing and gives balance between various body\u2019s energy.<\/p>\n<p>&nbsp;<\/p>\n<p>&nbsp;<\/p>\n<\/div>\n<\/div>\n<\/div><div class=\"cmsmasters_toggle_wrap\" data-tags=\"all \">\n<div class=\"cmsmasters_toggle_title\">\n<span class=\"cmsmasters_toggle_plus\">\n<span class=\"cmsmasters_toggle_plus_hor\"><\/span>\n<span class=\"cmsmasters_toggle_plus_vert\"><\/span>\n<\/span>\n<a href=\"#\">Hot stone - 50 min 90 \u20ac<\/a>\n<\/div>\n<div class=\"cmsmasters_toggle\">\n<div class=\"cmsmasters_toggle_inner\">\n<h1><strong>Hot stone<\/strong><\/h1>\n<p><strong>Hot stone<\/strong>: le pietre sacre per molte culture e testimoni della storia della terra vengono riscaldate e passate sul corpo. Il calore che diffondono aiuta ad eliminare i blocchi energetici, migliorando il fluire dell\u2019energia nel corpo creando cosi un migliore equilibrio psicofisico generale.<\/p>\n<p>&nbsp;<\/p>\n<p>&nbsp;<\/p>\n<\/div>\n<\/div>\n<\/div><div class=\"cmsmasters_toggle_wrap\" data-tags=\"all \">\n<div class=\"cmsmasters_toggle_title\">\n<span class=\"cmsmasters_toggle_plus\">\n<span class=\"cmsmasters_toggle_plus_hor\"><\/span>\n<span class=\"cmsmasters_toggle_plus_vert\"><\/span>\n<\/span>\n<a href=\"#\">Terra \u2013cielo - 50 min 80 \u20ac<\/a>\n<\/div>\n<div class=\"cmsmasters_toggle\">\n<div class=\"cmsmasters_toggle_inner\">\n<h1><strong>Terra \u2013cielo<\/strong><\/h1>\n<p><strong>Terra \u2013cielo: <\/strong>Questo massaggio mette in contatto due parti importanti: la testa e i piedi. Le nostre radici vengono stimolate per diffondere energia tramite i meridiani a tutto il corpo con un movimento continuativo e prolungato, i pensieri vengono sedati e<br \/>\nla mente trova il giusto spazio ed equilibrio nell\u2019attivit\u00e0 della persona.<br \/>\nLo schema corporeo si completa in quanto la persona \u00a0si percepisce nella sua totalit\u00e0 reintegrando nella sua coscienza le parti del corpo \u201cdimenticate\u201d<\/p>\n<p>&nbsp;<\/p>\n<p>&nbsp;<\/p>\n<\/div>\n<\/div>\n<\/div><div class=\"cmsmasters_toggle_wrap\" data-tags=\"all \">\n<div class=\"cmsmasters_toggle_title\">\n<span class=\"cmsmasters_toggle_plus\">\n<span class=\"cmsmasters_toggle_plus_hor\"><\/span>\n<span class=\"cmsmasters_toggle_plus_vert\"><\/span>\n<\/span>\n<a href=\"#\">Il massaggio a 4 mani - 25 min 65 \u20ac<\/a>\n<\/div>\n<div class=\"cmsmasters_toggle\">\n<div class=\"cmsmasters_toggle_inner\">\n<h1><strong>Il massaggio a 4 mani <\/strong><\/h1>\n<p><strong>Il massaggio a 4 mani<\/strong> :due operatrici massaggiano in contemporanea il corpo per una sensazione di totale avvolgimento e relax<\/p>\n<p>&nbsp;<\/p>\n<p>&nbsp;<\/p>\n<\/div>\n<\/div>\n<\/div><div class=\"cmsmasters_toggle_wrap\" data-tags=\"all \">\n<div class=\"cmsmasters_toggle_title\">\n<span class=\"cmsmasters_toggle_plus\">\n<span class=\"cmsmasters_toggle_plus_hor\"><\/span>\n<span class=\"cmsmasters_toggle_plus_vert\"><\/span>\n<\/span>\n<a href=\"#\">Reflex - 25 min 50 \u20ac<\/a>\n<\/div>\n<div class=\"cmsmasters_toggle\">\n<div class=\"cmsmasters_toggle_inner\">\n<h1><strong>Reflex<\/strong><\/h1>\n<p><strong>REFLEX: <\/strong>nella riflessologia plantare ritroviamo il sistema di corrispondenze analogico della Medicina Tradizionale Cinese che fa capo alla teoria dei cinque elementi secondo i quali ad ogni organo \u00e8 collegato un meridiano, un tessuto organico, una sensazione, un movimento energetico, un&#8217;emozione, un colore, una stagione, una fase della vita. L&#8217;obiettivo \u00e8 di stimolare il corpo a riattivarsi da solo, con le sue energie, internamente.<strong><br \/>\n<\/strong><\/p>\n<p>&nbsp;<\/p>\n<p>&nbsp;<\/p>\n<\/div>\n<\/div>\n<\/div><div class=\"cmsmasters_toggle_wrap\" data-tags=\"all \">\n<div class=\"cmsmasters_toggle_title\">\n<span class=\"cmsmasters_toggle_plus\">\n<span class=\"cmsmasters_toggle_plus_hor\"><\/span>\n<span class=\"cmsmasters_toggle_plus_vert\"><\/span>\n<\/span>\n<a href=\"#\">Lythrum face &amp; Neck- 25 min 50 \u20ac<\/a>\n<\/div>\n<div class=\"cmsmasters_toggle\">\n<div class=\"cmsmasters_toggle_inner\">\n<p><strong>Lythrum Face &amp; Neck:<\/strong>\u00a0i nostri comportamenti e le nostre emozioni sono espresse sui nostri visi. Lo stress e l\u2019ansia possono avere un effetto detritico sul nostro aspetto, in special modo sul viso, creando una tensione dei muscoli facciali che portano a un\u2019immagine dura e tirata. Lo Shiatsu Craniale e del Viso, grazie alla pressione su alcuni punti particolari e lo strofinamento gentile e fluido , promuove il rilassamento delle tensioni incoraggiando un\u2019espressione pi\u00f9 morbida alleviando le tensioni alla testa.<\/p>\n<p>&nbsp;<\/p>\n<p>&nbsp;<\/p>\n<\/div>\n<\/div>\n<\/div><div class=\"cmsmasters_toggle_wrap\" data-tags=\"all \">\n<div class=\"cmsmasters_toggle_title\">\n<span class=\"cmsmasters_toggle_plus\">\n<span class=\"cmsmasters_toggle_plus_hor\"><\/span>\n<span class=\"cmsmasters_toggle_plus_vert\"><\/span>\n<\/span>\n<a href=\"#\">SPA Head - 25 min 50 \u20ac<\/a>\n<\/div>\n<div class=\"cmsmasters_toggle\">\n<div class=\"cmsmasters_toggle_inner\">\n<h1><strong>SPA Head<\/strong><\/h1>\n<p><strong>SPA head:<\/strong>\u00a0trattamento del cuoio capelluto con massaggio riattivante stimolante effettuato con un gommage e specifici oli essenziali; purifica la cute, riattiva il microcircolo, calma il pensiero e da una sensazione di leggerezza a tutta la testa. Ottimo metodo relax per chi ha un\u2019iperattivit\u00e0 mentale.<\/p>\n<p>&nbsp;<\/p>\n<p>&nbsp;<\/p>\n<\/div>\n<\/div>\n<\/div><\/div>\n<\/div><\/div>\n<\/div>\n<\/div>\n<\/div>\n<\/div>\n<\/div>\n<div id=\"cmsmasters_row_37c191f42d\" class=\"cmsmasters_row cmsmasters_color_scheme_default cmsmasters_row_top_default cmsmasters_row_bot_default cmsmasters_row_boxed\">\n<div class=\"cmsmasters_row_outer_parent\">\n<div class=\"cmsmasters_row_outer\">\n<div class=\"cmsmasters_row_inner\">\n<div class=\"cmsmasters_row_margin\">\n<div id=\"cmsmasters_column_ee29ba77bb\" class=\"cmsmasters_column one_first\">\n<div class=\"cmsmasters_column_inner\"><div id=\"cmsmasters_heading_4f61a9a49c\" class=\"cmsmasters_heading_wrap cmsmasters_heading_align_center\">\n\t<h3 class=\"cmsmasters_heading\">Make Reservation<\/h3>\n<\/div><div id=\"cmsmasters_heading_177e36408a\" class=\"cmsmasters_heading_wrap cmsmasters_heading_align_center\">\n\t<h2 class=\"cmsmasters_heading\">Wellness<\/h2>\n<\/div><div id=\"cmsmasters_button_189a21456b\" class=\"button_wrap\"><a href=\"https:\/\/hotel-astoria.net\/de\/geschenk\/\" class=\"cmsmasters_button\"><span>Geschenkgutschein<\/span><\/a><\/div>\n<\/div><\/div>\n<\/div>\n<\/div>\n<\/div>\n<\/div>\n<\/div>\n\n","protected":false},"excerpt":{"rendered":"","protected":false},"author":2,"featured_media":15603,"parent":0,"menu_order":41,"comment_status":"closed","ping_status":"open","template":"","meta":[],"_links":{"self":[{"href":"https:\/\/hotel-astoria.net\/de\/wp-json\/wp\/v2\/pages\/16658"}],"collection":[{"href":"https:\/\/hotel-astoria.net\/de\/wp-json\/wp\/v2\/pages"}],"about":[{"href":"https:\/\/hotel-astoria.net\/de\/wp-json\/wp\/v2\/types\/page"}],"author":[{"embeddable":true,"href":"https:\/\/hotel-astoria.net\/de\/wp-json\/wp\/v2\/users\/2"}],"replies":[{"embeddable":true,"href":"https:\/\/hotel-astoria.net\/de\/wp-json\/wp\/v2\/comments?post=16658"}],"version-history":[{"count":6,"href":"https:\/\/hotel-astoria.net\/de\/wp-json\/wp\/v2\/pages\/16658\/revisions"}],"predecessor-version":[{"id":19055,"href":"https:\/\/hotel-astoria.net\/de\/wp-json\/wp\/v2\/pages\/16658\/revisions\/19055"}],"wp:featuredmedia":[{"embeddable":true,"href":"https:\/\/hotel-astoria.net\/de\/wp-json\/wp\/v2\/media\/15603"}],"wp:attachment":[{"href":"https:\/\/hotel-astoria.net\/de\/wp-json\/wp\/v2\/media?parent=16658"}],"curies":[{"name":"wp","href":"https:\/\/api.w.org\/{rel}","templated":true}]}}