{"id":16671,"date":"2019-09-11T00:02:00","date_gmt":"2019-09-10T22:02:00","guid":{"rendered":"https:\/\/hotel-astoria.net\/piscina-e-spa\/"},"modified":"2024-06-10T15:08:27","modified_gmt":"2024-06-10T13:08:27","slug":"hallenbad-und-wellness","status":"publish","type":"page","link":"https:\/\/hotel-astoria.net\/de\/hallenbad-und-wellness\/","title":{"rendered":"Wellness"},"content":{"rendered":"<div id=\"cmsmasters_row_m4e0vragl9\" class=\"cmsmasters_row cmsmasters_color_scheme_default cmsmasters_row_top_default cmsmasters_row_bot_default cmsmasters_row_fullwidth\">\n<div id=\"revolution\" class=\"cmsmasters_row_outer_parent\">\n<div class=\"cmsmasters_row_outer\">\n<div class=\"cmsmasters_row_inner cmsmasters_row_fullwidth cmsmasters_row_no_margin\">\n<div class=\"cmsmasters_row_margin\">\n<div id=\"cmsmasters_column_twu11mmnl\" class=\"cmsmasters_column one_first\">\n<div class=\"cmsmasters_column_inner\"><div class=\"cmsmasters_text\">\n<p> \n\t\t\t<!-- START Benessere REVOLUTION SLIDER 6.5.9 --><p class=\"rs-p-wp-fix\"><\/p>\n\t\t\t<rs-module-wrap id=\"rev_slider_6_1_wrapper\" data-source=\"gallery\" style=\"visibility:hidden;background:transparent;padding:0;margin:0px auto;margin-top:0;margin-bottom:0;max-width:;\">\n\t\t\t\t<rs-module id=\"rev_slider_6_1\" style=\"\" data-version=\"6.5.9\">\n\t\t\t\t\t<rs-slides>\n\t\t\t\t\t\t<rs-slide style=\"position: absolute;\" data-key=\"rs-20\" data-title=\"Slide\" data-thumb=\"\/\/hotel-astoria.net\/wp-content\/uploads\/2019\/11\/520hotel-astoria-canazei-val-di-fassa-100x50.jpg\" data-anim=\"ms:600;\" data-in=\"o:0;\" data-out=\"a:false;\">\n\t\t\t\t\t\t\t<img src=\"\/\/hotel-astoria.net\/wp-content\/plugins\/revslider\/public\/assets\/assets\/dummy.png\" title=\"520hotel-astoria-canazei-val-di-fassa\" width=\"1600\" height=\"1067\" class=\"rev-slidebg tp-rs-img rs-lazyload\" data-lazyload=\"\/\/hotel-astoria.net\/wp-content\/uploads\/2019\/11\/520hotel-astoria-canazei-val-di-fassa.jpg\" data-panzoom=\"d:10000;ss:100;se:120;\" data-no-retina>\n<!---->\t\t\t\t\t\t<\/rs-slide>\n\t\t\t\t\t\t<rs-slide style=\"position: absolute;\" data-key=\"rs-21\" data-title=\"Slide\" data-thumb=\"\/\/hotel-astoria.net\/wp-content\/uploads\/2019\/11\/609hotel-astoria-canazei-val-di-fassa-100x50.jpg\" data-in=\"o:0;\" data-out=\"a:false;\">\n\t\t\t\t\t\t\t<img src=\"\/\/hotel-astoria.net\/wp-content\/plugins\/revslider\/public\/assets\/assets\/dummy.png\" title=\"609hotel-astoria-canazei-val-di-fassa\" width=\"1600\" height=\"1067\" class=\"rev-slidebg tp-rs-img rs-lazyload\" data-lazyload=\"\/\/hotel-astoria.net\/wp-content\/uploads\/2019\/11\/609hotel-astoria-canazei-val-di-fassa.jpg\" data-panzoom=\"d:10000;ss:100;se:120;\" data-no-retina>\n<!---->\t\t\t\t\t\t<\/rs-slide>\n\t\t\t\t\t\t<rs-slide style=\"position: absolute;\" data-key=\"rs-22\" data-title=\"Slide\" data-thumb=\"\/\/hotel-astoria.net\/wp-content\/uploads\/2019\/11\/139_hotel_astoria_canazei-100x50.jpg\" data-in=\"o:0;\" data-out=\"a:false;\">\n\t\t\t\t\t\t\t<img src=\"\/\/hotel-astoria.net\/wp-content\/plugins\/revslider\/public\/assets\/assets\/dummy.png\" title=\"139_hotel_astoria_canazei\" width=\"1600\" height=\"1066\" class=\"rev-slidebg tp-rs-img rs-lazyload\" data-lazyload=\"\/\/hotel-astoria.net\/wp-content\/uploads\/2019\/11\/139_hotel_astoria_canazei.jpg\" data-panzoom=\"d:10000;ss:100;se:120;\" data-no-retina>\n<!---->\t\t\t\t\t\t<\/rs-slide>\n\t\t\t\t\t\t<rs-slide style=\"position: absolute;\" data-key=\"rs-23\" data-title=\"Slide\" data-thumb=\"\/\/hotel-astoria.net\/wp-content\/uploads\/2019\/11\/040_astoria_2012-100x50.jpg\" data-anim=\"ms:600;\" data-in=\"o:0;\" data-out=\"a:false;\">\n\t\t\t\t\t\t\t<img src=\"\/\/hotel-astoria.net\/wp-content\/plugins\/revslider\/public\/assets\/assets\/dummy.png\" title=\"040_astoria_2012\" width=\"1600\" height=\"1066\" class=\"rev-slidebg tp-rs-img rs-lazyload\" data-lazyload=\"\/\/hotel-astoria.net\/wp-content\/uploads\/2019\/11\/040_astoria_2012.jpg\" data-panzoom=\"d:10000;ss:100;se:120;\" data-no-retina>\n<!---->\t\t\t\t\t\t<\/rs-slide>\n\t\t\t\t\t\t<rs-slide style=\"position: absolute;\" data-key=\"rs-24\" data-title=\"Slide\" data-thumb=\"\/\/hotel-astoria.net\/wp-content\/uploads\/2019\/11\/597hotel-astoria-canazei-val-di-fassa-100x50.jpg\" data-anim=\"ms:600;\" data-in=\"o:0;\" data-out=\"a:false;\">\n\t\t\t\t\t\t\t<img src=\"\/\/hotel-astoria.net\/wp-content\/plugins\/revslider\/public\/assets\/assets\/dummy.png\" title=\"597hotel-astoria-canazei-val-di-fassa\" width=\"1600\" height=\"1067\" class=\"rev-slidebg tp-rs-img rs-lazyload\" data-lazyload=\"\/\/hotel-astoria.net\/wp-content\/uploads\/2019\/11\/597hotel-astoria-canazei-val-di-fassa.jpg\" data-panzoom=\"d:10000;ss:100;se:120;\" data-no-retina>\n<!---->\t\t\t\t\t\t<\/rs-slide>\n\t\t\t\t\t<\/rs-slides>\n\t\t\t\t\t<rs-static-layers class=\"rs-stl-visible\"><!--\n\t\t\t\t\t--><\/rs-static-layers>\n\t\t\t\t<\/rs-module>\n\t\t\t\t<script type=\"text\/javascript\">\n\t\t\t\t\tsetREVStartSize({c: 'rev_slider_6_1',rl:[1240,1024,778,480],el:[885],gw:[1920],gh:[885],type:'standard',justify:'',layout:'fullwidth',mh:\"0\"});if (window.RS_MODULES!==undefined && window.RS_MODULES.modules!==undefined && window.RS_MODULES.modules[\"revslider61\"]!==undefined) {window.RS_MODULES.modules[\"revslider61\"].once = false;window.revapi6 = undefined;if (window.RS_MODULES.checkMinimal!==undefined) window.RS_MODULES.checkMinimal()}\n\t\t\t\t<\/script>\n\t\t\t<\/rs-module-wrap>\n\t\t\t<!-- END REVOLUTION SLIDER -->\n <\/p>\n<\/div>\n<\/div><\/div>\n<\/div>\n<\/div>\n<\/div>\n<\/div>\n<\/div>\n<div id=\"cmsmasters_row_vg7xqhvvs\" class=\"cmsmasters_row cmsmasters_color_scheme_default cmsmasters_row_top_default cmsmasters_row_bot_default cmsmasters_row_boxed\">\n<div class=\"cmsmasters_row_outer_parent\">\n<div class=\"cmsmasters_row_outer\">\n<div class=\"cmsmasters_row_inner\">\n<div class=\"cmsmasters_row_margin\">\n<div id=\"cmsmasters_column_ca3jk1k18p\" class=\"cmsmasters_column one_first\">\n<div class=\"cmsmasters_column_inner\"><div class=\"cmsmasters_text\">\n<h2>Hallenbad und Wellness<\/h2>\n<p>Unser Fitness-Bereich wird <strong>Lythrum<\/strong> genannt, eine wundersch\u00f6ne violettfarbige Blume, die an den Flu\u00dfufern w\u00e4chst und im Fassatal l\u00e4ngs des Bachs Avisio zu sehen ist. \u00a0 Die ganzheitstheoretische Ann\u00e4herung an die individuellen Bed\u00fcrfnisse der G\u00e4ste der <strong>Lythrum Spa <\/strong>hat 3 wesentliche Bereiche enstehen lassen, in denen jeder Gast w\u00e4hlen kann, wie er seine Fitness-Erfahrung erleben m\u00f6chte: Schwimmbad und Hydromassage, Social Spa, Private Spa und Beauty farm.<\/p>\n<p><strong>Spa<\/strong>, gekennzeichnet durch sorgf\u00e4ltige Planung, bietet eine gezielte Fitness-Kur bestehend aus funktionellen Elementen\u00a0 wie W\u00e4rme, Wasser und\u00a0 Ruhe, die in Verbindung mit den emotionalen Elementen wie das farbige Licht, die Musik und wohlriechende D\u00fcfte der Person echtes Wohlbefinden verleihen. Im Bereich Social Spa finden Sie: Dampfb\u00e4der <em>Sweet Steam<\/em>, Bio Sauna <em>Sweet Sauna, <\/em>Kneippkur, finl\u00e4ndische Sauna, Eis-Wasserfall, vertikale warme und kalte Kneippkur mit Farbentherapie und zwei Relaxoasen: Sie befinden sich vor der Magie des Lichts, das die Wand aus rosafarbigem Salz ausstr\u00f6mt oder Sie sind umgeben von den nat\u00fcrlichen Kl\u00e4ngen des entspannenden Harmonic Vibes Relax, ein Raum, in dem sich der Reiz der Musik mit der Wirkung der nat\u00fcrlichen T\u00f6nevon den harmonischen Holztafeln\u00a0 verbindet, wahre Kunstwerke aus Rottanne des Fleimstals.<\/p>\n<p>Der\u00a0 <strong>Pool-Bereich <\/strong>ist in 4 Zonen eingeteilt: das gro\u00dfe Becken ist f\u00fcr Aerobikaktivit\u00e4ten wie Schwimmen oder Wassergymnastik, das Baby pool ist f\u00fcr die Kleineren und die M\u00fctter bestimmt, die Entspannung suchen, die Hydromassage f\u00fcr Momente des wahren Wohlbefindens und die Relaxzone mit ergonomischen Liegen zum Lesen und Ausruhen.\u00a0 Die <em>Winterzone<\/em> im ersten Stock erlaubt einen Blick auf die Winterlandschaft, w\u00e4hrend Sie sich im Winter im Warmen aufhalten, oder Sie k\u00f6nnen in den Garten\u00a0 gehen, um die Sonne und die prickelnde Luft\u00a0 im Sommer zu genie\u00dfen. F\u00fcr die Mutigeren oder f\u00fcr Liebhaber des wahren Saunarituals, beschlie\u00dft ein Spaziergang drau\u00dfen im Winter den Warm-Kalt-Zyklus der nordischen Fitness-Philosopie.<\/p>\n<p>Die <strong>Beauty farm <\/strong>mit 4 Behandlungsr\u00e4umen bietet unvergessliche Momente, umsorgt von professionellem Personal, das sich um das Wohlbefinden der G\u00e4ste k\u00fcmmert.\u00a0 Die Fitness-Erfahrung in derSpa des Hotels\u00a0 endet mit individuellen Programmen <em>Remise en forme<\/em>, Entspannung und Sch\u00f6nheit, aufgrund von Protokollen und Naturprodukten. Orientalische Ayurveda-Rituale, \u00f6rtliche Naturprodukte der <em>Piroche-<\/em>Forschung, K\u00f6rper- und Gesichtsbehandlung von <em>Bioline Jat\u00f2<\/em>, Emotionalb\u00e4der, pflegende Packungen und Massagen und schlie\u00dflich die Traditionelle \u00c4sthetik, jeder Wunsch wird erf\u00fcllt. \u00a0 Die beste Art und Weise, alle Vorteile unserer Spa zu genie\u00dfen und die Philosophie und Ratschl\u00e4ge des <strong>Spa Systems von Starpool <\/strong>zu befolgen: Starpool hat aufgrund wissenschaftlicher Forschung f\u00fcnf Fitnesskuren geschaffen: \u201c\u2026um innerhalb der Spa eine neue Methode anzubieten, die den individuellen Wunsch nach Wohlbefinden erf\u00fcllt\u201d. Es ist das erste Mal, das eine Spa die M\u00f6glichkeit bietet, f\u00fcr jeden Wunsch die geeignete Kur zu haben.<\/p>\n<p>\u00a0<\/p>\n<p><strong>OFFNUNGSZEITEN<\/strong><\/p>\n<p><strong>Schwimmbad<\/strong>: jeden Tag 09.00 \u2013 19.30<\/p>\n<p><strong>Spa<\/strong>: jeden Tag 15.30 -19.30 ab 16 J.a.<\/p>\n<p><strong>Massage<\/strong>: jeden Tag 09.00 \u2013 20.00<\/p>\n<p><strong>KINDER UNTER 14 J.A. m\u00fcssen das Schwimmbad um 18.15 verlassen<\/strong><\/p>\n<\/p>\n<p><a href=\"https:\/\/hotel-astoria.net\/wp-content\/uploads\/2024\/06\/SPA-MENU-2024_Prezzi_Prices.pdf\" data-type=\"URL\" data-id=\"https:\/\/hotel-astoria.net\/wp-content\/uploads\/2024\/06\/SPA-MENU-2024_Prezzi_Prices.pdf\" target=\"_blank\" rel=\"noreferrer noopener\">Massage<\/a><\/p>\n<\/div>\n<\/div><\/div>\n<\/div>\n<\/div>\n<\/div>\n<\/div>\n<\/div>\n<div id=\"cmsmasters_row_37c191f42d\" class=\"cmsmasters_row cmsmasters_color_scheme_default cmsmasters_row_top_default cmsmasters_row_bot_default cmsmasters_row_boxed\">\n<div class=\"cmsmasters_row_outer_parent\">\n<div class=\"cmsmasters_row_outer\">\n<div class=\"cmsmasters_row_inner\">\n<div class=\"cmsmasters_row_margin\">\n<div id=\"cmsmasters_column_ee29ba77bb\" class=\"cmsmasters_column one_first\">\n<div class=\"cmsmasters_column_inner\"><div id=\"cmsmasters_heading_4f61a9a49c\" class=\"cmsmasters_heading_wrap cmsmasters_heading_align_center\">\n\t<h3 class=\"cmsmasters_heading\">Make Reservation<\/h3>\n<\/div><div id=\"cmsmasters_heading_177e36408a\" class=\"cmsmasters_heading_wrap cmsmasters_heading_align_center\">\n\t<h2 class=\"cmsmasters_heading\">Wellness<\/h2>\n<\/div><div id=\"cmsmasters_button_189a21456b\" class=\"button_wrap\"><a href=\"https:\/\/hotel-astoria.net\/de\/geschenk\/\" class=\"cmsmasters_button\"><span>Geschenkgutschein<\/span><\/a><\/div>\n<\/div><\/div>\n<\/div>\n<\/div>\n<\/div>\n<\/div>\n<\/div>\n","protected":false},"excerpt":{"rendered":"","protected":false},"author":2,"featured_media":15993,"parent":0,"menu_order":57,"comment_status":"closed","ping_status":"open","template":"","meta":[],"_links":{"self":[{"href":"https:\/\/hotel-astoria.net\/de\/wp-json\/wp\/v2\/pages\/16671"}],"collection":[{"href":"https:\/\/hotel-astoria.net\/de\/wp-json\/wp\/v2\/pages"}],"about":[{"href":"https:\/\/hotel-astoria.net\/de\/wp-json\/wp\/v2\/types\/page"}],"author":[{"embeddable":true,"href":"https:\/\/hotel-astoria.net\/de\/wp-json\/wp\/v2\/users\/2"}],"replies":[{"embeddable":true,"href":"https:\/\/hotel-astoria.net\/de\/wp-json\/wp\/v2\/comments?post=16671"}],"version-history":[{"count":10,"href":"https:\/\/hotel-astoria.net\/de\/wp-json\/wp\/v2\/pages\/16671\/revisions"}],"predecessor-version":[{"id":19089,"href":"https:\/\/hotel-astoria.net\/de\/wp-json\/wp\/v2\/pages\/16671\/revisions\/19089"}],"wp:featuredmedia":[{"embeddable":true,"href":"https:\/\/hotel-astoria.net\/de\/wp-json\/wp\/v2\/media\/15993"}],"wp:attachment":[{"href":"https:\/\/hotel-astoria.net\/de\/wp-json\/wp\/v2\/media?parent=16671"}],"curies":[{"name":"wp","href":"https:\/\/api.w.org\/{rel}","templated":true}]}}