{"id":16673,"date":"2019-08-12T22:26:03","date_gmt":"2019-08-12T20:26:03","guid":{"rendered":"https:\/\/hotel-astoria.net\/prezzi-estate\/"},"modified":"2024-06-13T10:43:57","modified_gmt":"2024-06-13T08:43:57","slug":"preise-sommer","status":"publish","type":"page","link":"https:\/\/hotel-astoria.net\/de\/preise-sommer\/","title":{"rendered":"Sommer"},"content":{"rendered":"<div id=\"cmsmasters_row_jmqqd9cdrx\" class=\"cmsmasters_row cmsmasters_color_scheme_default cmsmasters_row_top_default cmsmasters_row_bot_default cmsmasters_row_boxed\">\n<div class=\"cmsmasters_row_outer_parent\">\n<div class=\"cmsmasters_row_outer\">\n<div class=\"cmsmasters_row_inner\">\n<div class=\"cmsmasters_row_margin\">\n<div id=\"cmsmasters_column_nhqlbbes6s\" class=\"cmsmasters_column one_fourth\">\n<div class=\"cmsmasters_column_inner\"><div id=\"cmsmasters_button_hm4r5ods4w\" class=\"button_wrap\"><a href=\"https:\/\/www.ericsoft.biz\/bookingengine\/reservation.aspx?id=zmGJxzFXBDw%3d&#038;lingua=de\" class=\"cmsmasters_button\" target=\"_blank\"><span>Buchungsanfrage<\/span><\/a><\/div>\n<\/div><\/div>\n<div id=\"cmsmasters_column_851uwnwahb\" class=\"cmsmasters_column one_fourth\">\n<div class=\"cmsmasters_column_inner\"><div id=\"cmsmasters_button_vd2lsmd5of\" class=\"button_wrap\"><a href=\"\/de\/preise-winter\/\" class=\"cmsmasters_button\"><span>Preise Winter<\/span><\/a><\/div>\n<\/div><\/div>\n<div id=\"cmsmasters_column_1tdrdv3kt\" class=\"cmsmasters_column one_half\">\n<div class=\"cmsmasters_column_inner\"><\/div><\/div>\n<\/div>\n<\/div>\n<\/div>\n<\/div>\n<\/div>\n<div id=\"cmsmasters_row_01d1ba6b0a\" class=\"cmsmasters_row cmsmasters_color_scheme_default tabella_estate cmsmasters_row_top_default cmsmasters_row_bot_default cmsmasters_row_boxed\">\n<div class=\"cmsmasters_row_outer_parent\">\n<div class=\"cmsmasters_row_outer\">\n<div class=\"cmsmasters_row_inner\">\n<div class=\"cmsmasters_row_margin\">\n<div id=\"cmsmasters_column_46b1be772b\" class=\"cmsmasters_column one_first\">\n<div class=\"cmsmasters_column_inner\"><div class=\"cmsmasters_wrap_table\"><table class=\"cmsmasters_table\" data-animation=\"bounceIn\" data-delay=\"0\"><caption><\/caption><thead><tr class=\"cmsmasters_table_row_header\"><th class=\"cmsmasters_table_cell_alignleft\">Estate 2019<\/th><th class=\"cmsmasters_table_cell_alignleft\">Dal &#8211; Al <\/th><th class=\"cmsmasters_table_cell_alignleft\">Doppia uso singola<\/th><th class=\"cmsmasters_table_cell_alignleft\">Camera Comfort<\/th><th class=\"cmsmasters_table_cell_alignleft\">Family room<\/th><th class=\"cmsmasters_table_cell_alignleft\">Suite Astoria<\/th><th class=\"cmsmasters_table_cell_alignleft\">Mountain Superior<\/th><th class=\"cmsmasters_table_cell_alignleft\">Suite Baita<\/th><th class=\"cmsmasters_table_cell_alignleft\">Spa Suite<\/th><\/tr><\/thead><tr><td class=\"cmsmasters_table_cell_alignleft\">7=8 1 giorno gratis<\/td><td class=\"cmsmasters_table_cell_alignleft\">05.12 21.12<\/td><td class=\"cmsmasters_table_cell_alignleft\">101<\/td><td class=\"cmsmasters_table_cell_alignleft\">92<\/td><td class=\"cmsmasters_table_cell_alignleft\">99<\/td><td class=\"cmsmasters_table_cell_alignleft\">102<\/td><td class=\"cmsmasters_table_cell_alignleft\">102<\/td><td class=\"cmsmasters_table_cell_alignleft\">112<\/td><td class=\"cmsmasters_table_cell_alignleft\">124<\/td><\/tr><tr><td class=\"cmsmasters_table_cell_alignleft\">7=8 1 giorno gratis<\/td><td class=\"cmsmasters_table_cell_alignleft\">21.12 26.12<\/td><td class=\"cmsmasters_table_cell_alignleft\">108<\/td><td class=\"cmsmasters_table_cell_alignleft\">99<\/td><td class=\"cmsmasters_table_cell_alignleft\">106<\/td><td class=\"cmsmasters_table_cell_alignleft\">109<\/td><td class=\"cmsmasters_table_cell_alignleft\">109<\/td><td class=\"cmsmasters_table_cell_alignleft\">120<\/td><td class=\"cmsmasters_table_cell_alignleft\">133<\/td><\/tr><tr><td class=\"cmsmasters_table_cell_alignleft\"><\/td><td class=\"cmsmasters_table_cell_alignleft\">21.12 28.12<\/td><td class=\"cmsmasters_table_cell_alignleft\">117<\/td><td class=\"cmsmasters_table_cell_alignleft\">107<\/td><td class=\"cmsmasters_table_cell_alignleft\">115<\/td><td class=\"cmsmasters_table_cell_alignleft\">118<\/td><td class=\"cmsmasters_table_cell_alignleft\">118<\/td><td class=\"cmsmasters_table_cell_alignleft\">130<\/td><td class=\"cmsmasters_table_cell_alignleft\">144<\/td><\/tr><tr><td class=\"cmsmasters_table_cell_alignleft\"><\/td><td class=\"cmsmasters_table_cell_alignleft\">26.12 02.01<\/td><td class=\"cmsmasters_table_cell_alignleft\">126<\/td><td class=\"cmsmasters_table_cell_alignleft\">115<\/td><td class=\"cmsmasters_table_cell_alignleft\">124<\/td><td class=\"cmsmasters_table_cell_alignleft\">127<\/td><td class=\"cmsmasters_table_cell_alignleft\">127<\/td><td class=\"cmsmasters_table_cell_alignleft\">140<\/td><td class=\"cmsmasters_table_cell_alignleft\">155<\/td><\/tr><tr><td class=\"cmsmasters_table_cell_alignleft\">Settimane della famiglia<\/td><td class=\"cmsmasters_table_cell_alignleft\">02.01 06.01<\/td><td class=\"cmsmasters_table_cell_alignleft\">144<\/td><td class=\"cmsmasters_table_cell_alignleft\">131<\/td><td class=\"cmsmasters_table_cell_alignleft\">141<\/td><td class=\"cmsmasters_table_cell_alignleft\">145<\/td><td class=\"cmsmasters_table_cell_alignleft\">145<\/td><td class=\"cmsmasters_table_cell_alignleft\">159<\/td><td class=\"cmsmasters_table_cell_alignleft\">176<\/td><\/tr><tr><td class=\"cmsmasters_table_cell_alignleft\"><\/td><td class=\"cmsmasters_table_cell_alignleft\">06.01 01.02<\/td><td class=\"cmsmasters_table_cell_alignleft\">144<\/td><td class=\"cmsmasters_table_cell_alignleft\">131<\/td><td class=\"cmsmasters_table_cell_alignleft\">141<\/td><td class=\"cmsmasters_table_cell_alignleft\">145<\/td><td class=\"cmsmasters_table_cell_alignleft\">145<\/td><td class=\"cmsmasters_table_cell_alignleft\">159<\/td><td class=\"cmsmasters_table_cell_alignleft\">176<\/td><\/tr><tr><td class=\"cmsmasters_table_cell_alignleft\">Ferragosto in montagna<\/td><td class=\"cmsmasters_table_cell_alignleft\">01.02 08.02<\/td><td class=\"cmsmasters_table_cell_alignleft\">157<\/td><td class=\"cmsmasters_table_cell_alignleft\">143<\/td><td class=\"cmsmasters_table_cell_alignleft\">154<\/td><td class=\"cmsmasters_table_cell_alignleft\">158<\/td><td class=\"cmsmasters_table_cell_alignleft\">158<\/td><td class=\"cmsmasters_table_cell_alignleft\">174<\/td><td class=\"cmsmasters_table_cell_alignleft\">193<\/td><\/tr><tr><td class=\"cmsmasters_table_cell_alignleft\">Settimana della famiglia<\/td><td class=\"cmsmasters_table_cell_alignleft\">08.02 07.03<\/td><td class=\"cmsmasters_table_cell_alignleft\">144<\/td><td class=\"cmsmasters_table_cell_alignleft\">131<\/td><td class=\"cmsmasters_table_cell_alignleft\">141<\/td><td class=\"cmsmasters_table_cell_alignleft\">145<\/td><td class=\"cmsmasters_table_cell_alignleft\">145<\/td><td class=\"cmsmasters_table_cell_alignleft\">159<\/td><td class=\"cmsmasters_table_cell_alignleft\">176<\/td><\/tr><tr><td class=\"cmsmasters_table_cell_alignleft\">7=8 1 giorno gratis<\/td><td class=\"cmsmasters_table_cell_alignleft\">07.03 21.03<\/td><td class=\"cmsmasters_table_cell_alignleft\">108<\/td><td class=\"cmsmasters_table_cell_alignleft\">99<\/td><td class=\"cmsmasters_table_cell_alignleft\">106<\/td><td class=\"cmsmasters_table_cell_alignleft\">109<\/td><td class=\"cmsmasters_table_cell_alignleft\">109<\/td><td class=\"cmsmasters_table_cell_alignleft\">120<\/td><td class=\"cmsmasters_table_cell_alignleft\">133<\/td><\/tr><tr><td class=\"cmsmasters_table_cell_alignleft\">7=8 1 giorno gratis<\/td><td class=\"cmsmasters_table_cell_alignleft\">21.03 13.04<\/td><td class=\"cmsmasters_table_cell_alignleft\">101<\/td><td class=\"cmsmasters_table_cell_alignleft\">92<\/td><td class=\"cmsmasters_table_cell_alignleft\">99<\/td><td class=\"cmsmasters_table_cell_alignleft\">102<\/td><td class=\"cmsmasters_table_cell_alignleft\">102<\/td><td class=\"cmsmasters_table_cell_alignleft\">112<\/td><td class=\"cmsmasters_table_cell_alignleft\">124<\/td><\/tr><\/table><\/div>\n<\/div><\/div>\n<\/div>\n<\/div>\n<\/div>\n<\/div>\n<\/div>\n<div id=\"cmsmasters_row_vg7xqhvvs\" class=\"cmsmasters_row cmsmasters_color_scheme_default cmsmasters_row_top_default cmsmasters_row_bot_default cmsmasters_row_boxed\">\n<div class=\"cmsmasters_row_outer_parent\">\n<div class=\"cmsmasters_row_outer\">\n<div class=\"cmsmasters_row_inner\">\n<div class=\"cmsmasters_row_margin\">\n<div id=\"cmsmasters_column_ca3jk1k18p\" class=\"cmsmasters_column one_first\">\n<div class=\"cmsmasters_column_inner\"><div class=\"cmsmasters_text\">\n<h3>SOMMER BEDINGUNGEN<\/h3>\n<p>Die Preise in Euro beziehen sich jeweils auf eine Person pro Tag mit 3\/4 Pension: Fr\u00fchst\u00fccksbuffet, Nachmittagsbuffet, \u00e0 la carte Abendessen. Getr\u00e4nke und andere Extras sind ausgenommen.<strong><br \/>\nNur\u00a0\u00dcbernachtung mit Fr\u00fchst\u00fcck<\/strong> &#8211; 20,00 \u20ac pro Person pro Tag<strong><br \/>\n<\/strong><strong>3er Bett Erm\u00e4\u00dfigung:<\/strong> -40% f\u00fcr Kinder bis 12 Jahre alt und -20% ab 12 Jahre alt<strong><br \/>\n<\/strong><strong>Babys bis 2 Jahre:<\/strong> \u20ac 35,00 pro Tag mit Halbpension. <a target=\"_blank\" href=\"https:\/\/hotel-astoria.net\/wp-content\/uploads\/2024\/02\/Servizi-Baby-DE.pdf\" rel=\"noopener\">Restaurant f\u00fcr Mittagessen nicht in Betrieb<\/a><br \/>\nDoppelzimmer als\u00a0<strong>Einzeln\u00fctz\u00fcng<\/strong>: + 30%<strong><br \/>\n<a target=\"_blank\" href=\"https:\/\/hotel-astoria.net\/wp-content\/uploads\/2024\/06\/MEMO-per-animali-inglese.pdf\" rel=\"noopener\">Hunde oder Kleintiere<\/a>:<\/strong> \u20ac 20,00 Euro pro Tag (Fressen ausgenommen)<strong><br \/>\nKurzaufenthalt<\/strong>: +10\/20%<\/p>\n<p><strong>SONDERANGEBOTE<\/strong><\/p>\n<ul>\n<li>Wochenaufenthalt von <strong>Samstag oder Sonntag <\/strong>-5% (ausgenommen Sonderwochen und Wochen F)<\/li>\n<li><strong>7=8: <\/strong>Sie bleiben 8 Tage und zahlen nur 7 Tage<\/li>\n<li><strong>Early booking discount<\/strong>: -5% bis 30\/04<\/li>\n<\/ul>\n<p><strong>Der Wochenaufenthalt (HP):<\/strong><\/p>\n<ul>\n<li>Buffetfr\u00fchst\u00fcck mit S\u00fc\u00dfigkeiten, hausgemachten Torten und Muffins, frischer Aufschnitt, Joghurt und M\u00fcsli, Bio Produkte, S\u00e4fte, Obst usw.<\/li>\n<li>Nachmittagsbuffet mit Torten, Keksen, Aufschnitt, K\u00e4se usw.<\/li>\n<li>\u00c0 la carte Men\u00fc mit Fleisch-, Fisch- und typische Gerichte<\/li>\n<li>Neues Wellnessbereich<\/li>\n<li>Neues und gro\u00dfes Schwimmbad<\/li>\n<li>Kleines Schwimmbad f\u00fcr Kinder<\/li>\n<li>Miniclub, Kinderbetreuung und Spielpl\u00e4tze <a href=\"https:\/\/hotel-astoria.net\/de\/familienurlaub-sommer\/\" title=\"familienurlaub\">weiter..<\/a><\/li>\n<li>Benutzung der Fahrr\u00e4der<\/li>\n<li>Gef\u00fchrte Spazierg\u00e4nge und Wanderungen (mind. 5 pro Woche) zum reduziertem Preis<\/li>\n<li>Panorama Pass Konvention: -10%<\/li>\n<li><a target=\"_blank\" href=\"https:\/\/www.fassa.com\/de\/karten-und-vorteile\/val-di-fassa-guest-card\" rel=\"noopener\">Val di Fassa Guest card<\/a><\/li>\n<li>Info-Packet mit Landkarten und Stadtplan und Veranstaltungskalender<\/li>\n<li>Bergausr\u00fcstungsverleih zur Verf\u00fcgung: Rucksack, Walkingst\u00f6cke<\/li>\n<li>Mountainbikeverleih<\/li>\n<\/ul>\n<p>* Bergwanderungen und andere Aktivit\u00e4ten sind organisiert auf der Basis des Wochenaufenthaltes von Sonntag oder Samstag<\/p>\n<p><strong>BUCHUNG UND STORNIERUNG<\/strong><\/p>\n<p><strong>Stornierungen<\/strong>\u00a0sind immer unangenehm \u2013 f\u00fcr Sie genauso wie f\u00fcr uns. Wir bitten um Ihr Verst\u00e4ndnis. Zimmerstornierungen werden\u00a0<strong>nur schriftlich akzeptiert<\/strong>.<\/p>\n<p><strong>STANDARD RATE:<\/strong><\/p>\n<p><strong>Buchung:<\/strong>\u00a0das Zimmer versteht sich gebucht nach vorheriger Anzahlung von 30% vom Gesambetrag. Die vor der Anreise geleisteten Anzahlung (Caparra) gilt als Kaution und wird bei Stornierungen nicht r\u00fcckerstattet.<\/p>\n<p><strong>Storno:\u00a0<\/strong>Bis 7 Tage vor Anreise wir die Anzahlung f\u00fcr einen sp\u00e4teren Aufenthalt innerhalb 180 Tage gutgeschrieben. Absagen ab dem 6. Tag vor Anreise m\u00fcssen leider mit 100 % der Anzahlung berechnet werden. Die Stornierung mu\u00df schriftlich erfolgen<\/p>\n<p>Bei <strong>versp\u00e4teter Anreise bzw. vorzeitiger Abreise<\/strong> wird das Zimmer f\u00fcr die volle gebuchte Zeit berechnet.<\/p>\n<p><strong>\u00a0<\/strong><\/p>\n<p><strong>NR RATE<\/strong> <strong>(not refundable \/<\/strong>nicht r\u00fcckerstattungsf\u00e4hige) -7% Rabatt:<\/p>\n<p><strong>Buchung:<\/strong>\u00a0das Zimmer versteht sich gebucht nach Vorzahlung von 100% vom Gesamtbetrag. Die Vorzahlung wird bei Stornierungen nicht r\u00fcckerstattet.<\/p>\n<p><strong>Storno:\u00a0<\/strong>keine Stornierung und Gutschein m\u00f6glich.<\/p>\n<p>Bei <strong>versp\u00e4teter Anreise bzw. vorzeitiger Abreise<\/strong> wird das Zimmer f\u00fcr die volle gebuchte Zeit berechnet.<\/p>\n<p><strong>\u00a0<\/strong><\/p>\n<p>Es gelten die Vertragsbedingungen des italienischen Beherbergungswesens und das Europ\u00e4ische Gesetz Hotrec<\/p>\n<p>Eine\u00a0<strong><a href=\"https:\/\/www.dasgerstl.com\/de\/zimmer-preise\/buchungsinfos\/reiseruecktrittsversicherung.html\">Reiser\u00fccktrittsversicherung\u00a0<\/a><\/strong>sch\u00fctzt Sie vor eventuellen Unannehmlichkeiten. Diese sch\u00fctzt vor Stornokosten und kann \u00fcber <a href=\"https:\/\/www.reiseversicherung.de\/de\/versicherung\/index.html\">diesen Link<\/a> abgeschlossen werden<\/p>\n<\/div>\n<\/div><\/div>\n<\/div>\n<\/div>\n<\/div>\n<\/div>\n<\/div>\n\n","protected":false},"excerpt":{"rendered":"","protected":false},"author":2,"featured_media":0,"parent":0,"menu_order":66,"comment_status":"closed","ping_status":"open","template":"","meta":[],"_links":{"self":[{"href":"https:\/\/hotel-astoria.net\/de\/wp-json\/wp\/v2\/pages\/16673"}],"collection":[{"href":"https:\/\/hotel-astoria.net\/de\/wp-json\/wp\/v2\/pages"}],"about":[{"href":"https:\/\/hotel-astoria.net\/de\/wp-json\/wp\/v2\/types\/page"}],"author":[{"embeddable":true,"href":"https:\/\/hotel-astoria.net\/de\/wp-json\/wp\/v2\/users\/2"}],"replies":[{"embeddable":true,"href":"https:\/\/hotel-astoria.net\/de\/wp-json\/wp\/v2\/comments?post=16673"}],"version-history":[{"count":5,"href":"https:\/\/hotel-astoria.net\/de\/wp-json\/wp\/v2\/pages\/16673\/revisions"}],"predecessor-version":[{"id":19114,"href":"https:\/\/hotel-astoria.net\/de\/wp-json\/wp\/v2\/pages\/16673\/revisions\/19114"}],"wp:attachment":[{"href":"https:\/\/hotel-astoria.net\/de\/wp-json\/wp\/v2\/media?parent=16673"}],"curies":[{"name":"wp","href":"https:\/\/api.w.org\/{rel}","templated":true}]}}