{"id":16674,"date":"2019-08-12T21:41:20","date_gmt":"2019-08-12T19:41:20","guid":{"rendered":"https:\/\/hotel-astoria.net\/prezzi-inverno\/"},"modified":"2024-06-13T10:42:08","modified_gmt":"2024-06-13T08:42:08","slug":"preise-winter","status":"publish","type":"page","link":"https:\/\/hotel-astoria.net\/de\/preise-winter\/","title":{"rendered":"Winter"},"content":{"rendered":"<div id=\"cmsmasters_row_jmqqd9cdrx\" class=\"cmsmasters_row cmsmasters_color_scheme_default cmsmasters_row_top_default cmsmasters_row_bot_default cmsmasters_row_boxed\">\n<div class=\"cmsmasters_row_outer_parent\">\n<div class=\"cmsmasters_row_outer\">\n<div class=\"cmsmasters_row_inner\">\n<div class=\"cmsmasters_row_margin\">\n<div id=\"cmsmasters_column_nhqlbbes6s\" class=\"cmsmasters_column one_fourth\">\n<div class=\"cmsmasters_column_inner\"><div id=\"cmsmasters_button_hm4r5ods4w\" class=\"button_wrap\"><a href=\"https:\/\/www.ericsoft.biz\/bookingengine\/reservation.aspx?id=zmGJxzFXBDw%3d&#038;lingua=de\" class=\"cmsmasters_button\"><span>Buchungsanfrage<\/span><\/a><\/div>\n<\/div><\/div>\n<div id=\"cmsmasters_column_851uwnwahb\" class=\"cmsmasters_column one_fourth\">\n<div class=\"cmsmasters_column_inner\"><div id=\"cmsmasters_button_vd2lsmd5of\" class=\"button_wrap\"><a href=\"\/de\/preise-sommer\/\" class=\"cmsmasters_button\"><span>Preise Sommer<\/span><\/a><\/div>\n<\/div><\/div>\n<div id=\"cmsmasters_column_1tdrdv3kt\" class=\"cmsmasters_column one_half\">\n<div class=\"cmsmasters_column_inner\"><\/div><\/div>\n<\/div>\n<\/div>\n<\/div>\n<\/div>\n<\/div>\n<div id=\"cmsmasters_row_vg7xqhvvs\" class=\"cmsmasters_row cmsmasters_color_scheme_default cmsmasters_row_top_default cmsmasters_row_bot_default cmsmasters_row_boxed\">\n<div class=\"cmsmasters_row_outer_parent\">\n<div class=\"cmsmasters_row_outer\">\n<div class=\"cmsmasters_row_inner\">\n<div class=\"cmsmasters_row_margin\">\n<div id=\"cmsmasters_column_ca3jk1k18p\" class=\"cmsmasters_column one_first\">\n<div class=\"cmsmasters_column_inner\"><div class=\"cmsmasters_text\">\n<h3><strong>WINTER BEDINGUNGEN<\/strong><\/h3>\n<p>Preise in Euro. Getr\u00e4nke und andere Extras sind ausgenommen.<strong><br \/>\nNur\u00a0\u00dcbernachtung mit Fr\u00fchst\u00fcck<\/strong> &#8211; 20,00 \u20ac pro Person pro Tag<strong><br \/>\n<\/strong><strong>Zusatzbett:<\/strong> -40% f\u00fcr Kinder unter 12 Jahre und -20% f\u00fcr Erwachsene<strong><br \/>\n<\/strong><strong>Babys unter 2 Jahre:<\/strong> \u20ac 35,00 pro Tag mit Halbpension (<a target=\"_blank\" href=\"https:\/\/hotel-astoria.net\/wp-content\/uploads\/2024\/02\/Servizi-Baby-DE.pdf\" rel=\"noopener\">f\u00fcr Mittagessen Restaurant nicht im Betrieb<\/a>)<\/p>\n<p><strong>Doppelzimmer als Einzeln\u00fctzung<\/strong> +30% Zuschlag<\/p>\n<p><strong>Hunde oder Kleintiere:<\/strong> \u20ac 20,00 Euro pro Tag (Fressen ausgenommen)<strong><br \/>\nKurzaufenthalt<\/strong>: +10 \/ +30%<\/p>\n<p><strong>DER PREIS ENTH\u00c4LT<\/strong>:<\/p>\n<ul>\n<li>Wellnesszentrumbenutzung<\/li>\n<li><a target=\"_blank\" href=\"https:\/\/hotel-astoria.net\/de\/familienurlaub-winter\/\" rel=\"noopener\">Miniclub<\/a> Kinderunterhaltugsprogramm von 22\/12 bis 23\/03 ab 4 J.a.<\/li>\n<li>Hotel Skibus<\/li>\n<li>Info Packet mit Skimappe und Stadtplan<\/li>\n<li>1 Gourmet Abendessen mit Live Music (pro Woche)<\/li>\n<\/ul>\n<p><strong>ANGEBOTE<\/strong>:<\/p>\n<ul>\n<li>Dolomiti SuperPremi\u00e9re 3=4: 1 Tag ist frei (Hotel und Skipass) von 06 bis 22\/12<\/li>\n<li>Dolomiti Spring Days: 7=6 Ein Tag ist frei bei wochentlichen Aufenthalte (Hotel und Skipass) ab 15\/03<\/li>\n<\/ul>\n<p>&nbsp;<\/p>\n<p><strong>BUCHUNG UND STORNIERUNG<\/strong><br \/>\nStornierungen sind immer unangenehm \u2013 f\u00fcr Sie genauso wie f\u00fcr uns. Wir bitten um Ihr Verst\u00e4ndnis. Zimmerstornierungen werden nur schriftlich akzeptiert.<\/p>\n<p><strong>STANDARD RATE:<\/strong><br \/>\n<strong>Buchung<\/strong>: das Zimmer versteht sich gebucht nach vorheriger Anzahlung von 30% vom Gesambetrag. Die vor der Anreise geleisteten Anzahlung (Caparra) gilt als Kaution und wird bei Stornierungen nicht r\u00fcckerstattet.<br \/>\n<strong>Storno<\/strong>: Bis 7 Tage vor Anreise wir die Anzahlung f\u00fcr einen sp\u00e4teren Aufenthalt innerhalb 180 Tage gutgeschrieben. Absagen ab dem 6. Tag vor Anreise m\u00fcssen leider mit 100 % der Anzahlung berechnet werden. Die Stornierung mu\u00df schriftlich erfolgen<br \/>\n<strong>Bei versp\u00e4teter Anreise bzw. vorzeitiger Abreise<\/strong> wird das Zimmer f\u00fcr die volle gebuchte Zeit berechnet.<\/p>\n<p><strong>NR RATE (not refundable \/ nicht r\u00fcckerstattungsf\u00e4hige) -7% Rabatt:<\/strong><br \/>\n<strong>Buchung<\/strong>: das Zimmer versteht sich gebucht nach Vorzahlung von 100% vom Gesamtbetrag. Die Vorzahlung wird bei Stornierungen nicht r\u00fcckerstattet.<br \/>\n<strong>Storno<\/strong>: keine Stornierung und Gutschein m\u00f6glich.<br \/>\n<strong>Bei versp\u00e4teter Anreise bzw. vorzeitiger Abreise<\/strong> wird das Zimmer f\u00fcr die volle gebuchte Zeit berechnet.<\/p>\n<p>Es gelten die Vertragsbedingungen des italienischen Beherbergungswesens und das Europ\u00e4ische Gesetz Hotrec<\/p>\n<p>Eine <a target=\"_blank\" href=\"https:\/\/www.reiseversicherung.de\/de\/versicherung\/index.html\" rel=\"noopener\"><strong>Reiser\u00fccktrittsversicherung<\/strong><\/a> sch\u00fctzt Sie vor eventuellen Unannehmlichkeiten. Diese sch\u00fctzt vor Stornokosten und kann \u00fcber diesen <a target=\"_blank\" href=\"https:\/\/www.reiseversicherung.de\/de\/versicherung\/index.html\" rel=\"noopener\">Link<\/a> abgeschlossen werden<\/p>\n<\/div>\n<\/div><\/div>\n<\/div>\n<\/div>\n<\/div>\n<\/div>\n<\/div>\n\n","protected":false},"excerpt":{"rendered":"","protected":false},"author":2,"featured_media":0,"parent":0,"menu_order":69,"comment_status":"closed","ping_status":"open","template":"","meta":[],"_links":{"self":[{"href":"https:\/\/hotel-astoria.net\/de\/wp-json\/wp\/v2\/pages\/16674"}],"collection":[{"href":"https:\/\/hotel-astoria.net\/de\/wp-json\/wp\/v2\/pages"}],"about":[{"href":"https:\/\/hotel-astoria.net\/de\/wp-json\/wp\/v2\/types\/page"}],"author":[{"embeddable":true,"href":"https:\/\/hotel-astoria.net\/de\/wp-json\/wp\/v2\/users\/2"}],"replies":[{"embeddable":true,"href":"https:\/\/hotel-astoria.net\/de\/wp-json\/wp\/v2\/comments?post=16674"}],"version-history":[{"count":9,"href":"https:\/\/hotel-astoria.net\/de\/wp-json\/wp\/v2\/pages\/16674\/revisions"}],"predecessor-version":[{"id":19112,"href":"https:\/\/hotel-astoria.net\/de\/wp-json\/wp\/v2\/pages\/16674\/revisions\/19112"}],"wp:attachment":[{"href":"https:\/\/hotel-astoria.net\/de\/wp-json\/wp\/v2\/media?parent=16674"}],"curies":[{"name":"wp","href":"https:\/\/api.w.org\/{rel}","templated":true}]}}