{"id":16675,"date":"2019-07-28T12:48:53","date_gmt":"2019-07-28T10:48:53","guid":{"rendered":"https:\/\/hotel-astoria.net\/privacy-policy\/"},"modified":"2019-11-06T11:03:18","modified_gmt":"2019-11-06T10:03:18","slug":"privacy-policy","status":"publish","type":"page","link":"https:\/\/hotel-astoria.net\/de\/privacy-policy\/","title":{"rendered":"Privacy Policy"},"content":{"rendered":"<div id=\"cmsmasters_row_\" class=\"cmsmasters_row cmsmasters_color_scheme_default cmsmasters_row_top_default cmsmasters_row_bot_default cmsmasters_row_boxed\">\n<div class=\"cmsmasters_row_outer_parent\">\n<div class=\"cmsmasters_row_outer\">\n<div class=\"cmsmasters_row_inner\">\n<div class=\"cmsmasters_row_margin\">\n<div id=\"cmsmasters_column_\" class=\"cmsmasters_column one_first\">\n<div class=\"cmsmasters_column_inner\"><div class=\"cmsmasters_text\">\n<h2>\u00a0<\/h2>\n<h2><strong>Datenschutzerkl\u00e4rung enthalten:<\/strong><\/h2>\n<p><em>Sehr geehrter Kunde,<\/em><\/p>\n<p><em>Gem\u00e4\u00df der geltenden Gesetzgebung zum Schutz personenbezogener Daten (EU-Verordnung Nr. 679 von 2016) m\u00f6chten wir Sie dar\u00fcber informieren, dass die Verarbeitung Ihrer personenbezogenen Daten korrekt und transparent, f\u00fcr rechtm\u00e4\u00dfige Zwecke und zum Schutz Ihrer Privatsph\u00e4re und Ihrer Rechte erfolgt .<\/em><\/p>\n<p><em>1.\u00a0\u00a0\u00a0\u00a0\u00a0\u00a0<strong>\u00a0Ihre Buchung von Beherbergungs- und Nebendienstleistungen zu erwerben und zu best\u00e4tigen und die gew\u00fcnschten Dienstleistungen zu erbringen.<\/strong>\u00a0Da dies f\u00fcr die Definition der vertraglichen Vereinbarung und ihre sp\u00e4tere Umsetzung notwendig ist, ist ihre Zustimmung nicht erforderlich, au\u00dfer in F\u00e4llen, in denen bestimmte, so genannte sensible Daten gegeben werden. Im Falle einer Verweigerung der Bereitstellung personenbezogener Daten k\u00f6nnen wir die Buchung nicht best\u00e4tigen oder die angeforderten Dienstleistungen nicht erbringen. Die Behandlung endet mit der Abreise, aber einige seiner pers\u00f6nlichen Daten k\u00f6nnen oder m\u00fcssen weiterhin f\u00fcr die Zwecke und mit den in den folgenden Punkten angegebenen Methoden verarbeitet werden;<\/em><br \/><em>\u00a0<\/em><br \/><em>2.\u00a0\u00a0\u00a0\u00a0\u00a0\u00a0 \u00a0<strong>die Anforderung des \u201eKonsolidierte Fassung des \u00f6ffentlichen Sicherheitsgesetze\u201c (Artikel 109 RD 18.6.1931 n. 773) zu erf\u00fcllen, die uns die Polizeistation, f\u00fcr Zwecke der \u00f6ffentlichen Sicherheit zu informieren erfordert, ist der Kunde nach den allgemeinen untergebracht Methoden des Innenministeriums (Dekret vom 7. Januar 2013).<\/strong>\u00a0Die Bereitstellung von Daten ist obligatorisch und erfordert keine Zustimmung, und im Falle der Verweigerung der Bereitstellung von Daten werden wir nicht in der Lage sein, es in unserer Einrichtung zu hosten. Die zu diesem Zweck erhobenen Daten werden von uns nicht gespeichert, es sei denn, Sie erteilen uns die Einwilligung zur Erhaltung gem\u00e4\u00df Ziffer 4;<\/em><br \/><em>\u00a0<\/em><br \/><em>3.\u00a0\u00a0\u00a0\u00a0\u00a0\u00a0\u00a0<strong>die geltenden Verwaltungs-, Buchf\u00fchrungs- und Steuerpflichten zu erf\u00fcllen. F\u00fcr diese Zwecke wird die Verarbeitung durchgef\u00fchrt, ohne dass Sie Ihr Einverst\u00e4ndnis ben\u00f6tigen.<\/strong>\u00a0Die Daten werden von uns und unseren Vertretern verarbeitet und nur im Rahmen der gesetzlichen Verpflichtungen offengelegt. Im Falle einer Verweigerung der Bereitstellung der Daten, die f\u00fcr die oben genannten Verpflichtungen erforderlich sind, k\u00f6nnen wir die angeforderten Dienstleistungen nicht erbringen. Die f\u00fcr diese Zwecke erworbenen Daten werden von uns f\u00fcr die in den jeweiligen Vorschriften vorgesehene Zeit gespeichert (10 Jahre, bei Steuerfeststellungen noch mehr);<\/em><br \/><em>\u00a0<\/em><br \/><em>4.\u00a0\u00a0\u00a0\u00a0\u00a0\u00a0\u00a0<strong>um das Anmeldeverfahren bei sp\u00e4teren Aufenthalten in unserer Einrichtung zu beschleunigen.<\/strong>\u00a0Zu diesem Zweck werden Ihre Daten nach Erhalt der widerruflichen Einwilligung jederzeit f\u00fcr einen Zeitraum von maximal 10 Jahren aufbewahrt und verwendet, wenn Sie f\u00fcr die in den vorherigen Punkten genannten Zwecke wieder zu unseren G\u00e4sten geh\u00f6ren;<\/em><br \/><em>\u00a0<\/em><br \/><em>5.\u00a0\u00a0\u00a0\u00a0\u00a0\u00a0\u00a0<strong>die Funktion des Empfangens von Nachrichten und Telefonanrufen zu erf\u00fcllen, die w\u00e4hrend ihres Aufenthalts an sie adressiert sind.<\/strong>\u00a0Zu diesem Zweck ist Ihre Zustimmung erforderlich. Sie k\u00f6nnen Ihre Einwilligung jederzeit widerrufen. Die Behandlung wird bei ihrer Abreise sowieso aufh\u00f6ren; 6. um Ihnen unsere Werbebotschaften und Updates \u00fcber die Preise und Angebote zu senden. Zu diesem Zweck werden Ihre Daten nach Erhalt Ihrer Einwilligung f\u00fcr einen Zeitraum von maximal 10 Jahren aufbewahrt und nicht an Dritte weitergegeben. Sie k\u00f6nnen Ihre Einwilligung jederzeit widerrufen;<\/em><br \/><em>\u00a0<\/em><br \/><em>6.\u00a0\u00a0\u00a0\u00a0\u00a0\u00a0<strong>\u00a0um Ihnen unsere Werbebotschaften und Updates \u00fcber die Preise und Angebote zu senden.<\/strong>\u00a0Zu diesem Zweck werden Ihre Daten nach Erhalt Ihrer Einwilligung f\u00fcr einen Zeitraum von maximal 10 Jahren aufbewahrt und nicht an Dritte weitergegeben. Sie k\u00f6nnen Ihre Einwilligung jederzeit widerrufen;<\/em><br \/><em>\u00a0<\/em><br \/><em>7.\u00a0\u00a0\u00a0\u00a0\u00a0\u00a0\u00a0<strong>zum Schutz von Personen, Eigentum und Firmenverm\u00f6gen durch ein Video\u00fcberwachungssystem einiger Bereiche der Struktur, die durch das Vorhandensein entsprechender Zeichen identifizierbar sind.<\/strong>\u00a0F\u00fcr diese Behandlung ist Ihre Einwilligung nicht erforderlich, da sie unserem legitimen Interesse am Schutz von Personen und Eigentum in Bezug auf m\u00f6gliche Aggressionen, Diebst\u00e4hle, Raub\u00fcberf\u00e4lle, Besch\u00e4digungen, Vandalismus und zum Zwecke des Brandschutzes und der Arbeitsplatzsicherheit dient. Die aufgezeichneten Bilder werden nach 24 Stunden gel\u00f6scht, mit Ausnahme von Feiertagen oder anderen F\u00e4llen des Abschlusses der \u00dcbung, und in jedem Fall nicht l\u00e4nger als eine Woche. Sie sind nicht Gegenstand der Kommunikation mit Dritten, au\u00dfer in den F\u00e4llen, in denen es notwendig ist, sich an einen spezifischen Ermittlungsantrag der Justiz- oder Justizbeh\u00f6rden zu halten.<\/em><br \/><em>\u00a0<\/em><br \/><em>Wir m\u00f6chten Sie dar\u00fcber informieren, dass die Europ\u00e4ische Verordnung bestimmte Rechte anerkennt, einschlie\u00dflich des Rechts auf Zugang und Berichtigung, L\u00f6schung oder Einschr\u00e4nkung oder Ablehnung der Verarbeitung sowie des Rechts auf Daten\u00fcbertragbarkeit, sofern und soweit zutreffend (Artikel zu sein) 15 bis 22 der EU-Verordnung Nr. 679 von 2016). Sie kann auch eine Beschwerde bei der Aufsichtsbeh\u00f6rde gem\u00e4\u00df den in den geltenden Rechtsvorschriften festgelegten Verfahren einreichen.<\/em><br \/><em>\u00a0<\/em><br \/><em>F\u00fcr weitere Informationen und um die Rechte geltend zu machen, die von der europ\u00e4ischen Verordnung anerkannt sind, k\u00f6nnen Sie sich an folgende Adresse wenden:<\/em><br \/><em>\u00a0<\/em><br \/><em><strong>Data Controller und Datenprozessor:<\/strong><\/em><\/p>\n<p>&nbsp;<\/p>\n<\/p>\n<\/div>\n<\/div><\/div>\n<\/div>\n<\/div>\n<\/div>\n<\/div>\n<\/div>\n","protected":false},"excerpt":{"rendered":"","protected":false},"author":2,"featured_media":0,"parent":0,"menu_order":72,"comment_status":"closed","ping_status":"open","template":"","meta":[],"_links":{"self":[{"href":"https:\/\/hotel-astoria.net\/de\/wp-json\/wp\/v2\/pages\/16675"}],"collection":[{"href":"https:\/\/hotel-astoria.net\/de\/wp-json\/wp\/v2\/pages"}],"about":[{"href":"https:\/\/hotel-astoria.net\/de\/wp-json\/wp\/v2\/types\/page"}],"author":[{"embeddable":true,"href":"https:\/\/hotel-astoria.net\/de\/wp-json\/wp\/v2\/users\/2"}],"replies":[{"embeddable":true,"href":"https:\/\/hotel-astoria.net\/de\/wp-json\/wp\/v2\/comments?post=16675"}],"version-history":[{"count":2,"href":"https:\/\/hotel-astoria.net\/de\/wp-json\/wp\/v2\/pages\/16675\/revisions"}],"predecessor-version":[{"id":17317,"href":"https:\/\/hotel-astoria.net\/de\/wp-json\/wp\/v2\/pages\/16675\/revisions\/17317"}],"wp:attachment":[{"href":"https:\/\/hotel-astoria.net\/de\/wp-json\/wp\/v2\/media?parent=16675"}],"curies":[{"name":"wp","href":"https:\/\/api.w.org\/{rel}","templated":true}]}}