{"id":16679,"date":"2019-08-11T21:53:29","date_gmt":"2019-08-11T19:53:29","guid":{"rendered":"https:\/\/hotel-astoria.net\/ristorante-canazei\/"},"modified":"2023-09-06T10:43:14","modified_gmt":"2023-09-06T08:43:14","slug":"restaurant","status":"publish","type":"page","link":"https:\/\/hotel-astoria.net\/de\/restaurant\/","title":{"rendered":"Restaurant"},"content":{"rendered":"<div id=\"cmsmasters_row_b2b58e033d\" class=\"cmsmasters_row cmsmasters_color_scheme_default cmsmasters_row_top_default cmsmasters_row_bot_default cmsmasters_row_boxed\">\n<div id=\"intro\" class=\"cmsmasters_row_outer_parent\">\n<div class=\"cmsmasters_row_outer\">\n<div class=\"cmsmasters_row_inner\">\n<div class=\"cmsmasters_row_margin\">\n<div id=\"cmsmasters_column_4e744f8e22\" class=\"cmsmasters_column one_first\">\n<div class=\"cmsmasters_column_inner\"><div id=\"cmsmasters_fb_15f3bea864\" class=\"cmsmasters_featured_block\">\n<div class=\"featured_block_inner\">\n<div class=\"featured_block_text\">\n<div id=\"cmsmasters_heading_58efe09f0c\" class=\"cmsmasters_heading_wrap cmsmasters_heading_align_center\">\n\t<h3 class=\"cmsmasters_heading\">Restaurant<\/h3>\n<\/div><div id=\"cmsmasters_heading_2ef44b24fc\" class=\"cmsmasters_heading_wrap cmsmasters_heading_align_center\">\n\t<h2 class=\"cmsmasters_heading\">Die Freude an gutem Essen<\/h2>\n<\/div>\n\n<\/div>\n<\/div>\n<\/div>\n<div id=\"cmsmasters_fb_4641bab4cc\" class=\"cmsmasters_featured_block\">\n<div class=\"featured_block_inner\">\n<div class=\"featured_block_text\">\n<p style=\"text-align: center;\"><span style=\"color: #6a6a6a; font-size: 20px; line-height: 28px;\">Den Versuchungen unseres Chefs ist kaum zu widerstehen. Er besitzt die F\u00e4higkeit eine gro\u00dfe Auswahl an Men\u00fcs, internationalen Rezepten, Wildgerichte und traditionsreiche Hausmannskost und frische Fischgerichte zuzubereiten. Selbstgemachte Vorspeisen und erste G\u00e4nge. Reichhaltige Buffets an frischem Gem\u00fcse und schmackhaften Nachspeisen.<\/span><\/p>\n<p style=\"text-align: center;\"><span style=\"color: #6a6a6a; font-size: 20px; line-height: 28px;\">Das Hotel Astoria organisiert f\u00fcr seine G\u00e4ste einmal w\u00f6chentlich ein Typisches Gala-Abendessen bei Kerzenschein und Live-Musik.<br \/>\nUnser vom Inhaber pers\u00f6nlich betreuter Weinkeller weist die besten italienischen und ausl\u00e4ndischen Weine auf.<\/span><\/p>\n\n<\/div>\n<\/div>\n<\/div>\n<\/div><\/div>\n<\/div>\n<\/div>\n<\/div>\n<\/div>\n<\/div>\n<div id=\"cmsmasters_row_n1t8snlems\" class=\"cmsmasters_row cmsmasters_color_scheme_default cmsmasters_row_top_default cmsmasters_row_bot_default cmsmasters_row_fullwidth\">\n<div class=\"cmsmasters_row_outer_parent\">\n<div class=\"cmsmasters_row_outer\">\n<div class=\"cmsmasters_row_inner cmsmasters_row_fullwidth\">\n<div class=\"cmsmasters_row_margin\">\n<div id=\"cmsmasters_column_eulel5xg2\" class=\"cmsmasters_column one_fourth\">\n<div class=\"cmsmasters_column_inner\"><\/div><\/div>\n<div id=\"cmsmasters_column_b4k3vf49ea\" class=\"cmsmasters_column one_half\">\n<div class=\"cmsmasters_column_inner\"><div class=\"cmsmasters_content_slider_wrap\" style=\"max-width:860px;\"><div id=\"cmsmasters_slider_v0u4hzl8c\" class=\"cmsmasters_owl_slider owl-carousel cmsmasters_content_slider\" data-auto-play=\"7000\" data-stop-on-hover=\"true\" data-rewind-nav=\"true\" data-slide-speed=\"600\" data-pagination-speed=\"600\" data-rewind-speed=\"1000\" data-transition-style=\"false\" data-pagination=\"true\" data-navigation=\"false\"><div class=\"cmsmasters_owl_slider_item cmsmasters_content_slider_item\"><img width=\"800\" height=\"500\" src=\"https:\/\/hotel-astoria.net\/wp-content\/uploads\/2019\/08\/ristorante1_33-20130311-134223-50-800x500.jpg\" class=\"attachment-post-thumbnail size-post-thumbnail\" alt=\"\" loading=\"lazy\" \/><\/div><div class=\"cmsmasters_owl_slider_item cmsmasters_content_slider_item\"><\/div><div class=\"cmsmasters_owl_slider_item cmsmasters_content_slider_item\"><img width=\"800\" height=\"500\" src=\"https:\/\/hotel-astoria.net\/wp-content\/uploads\/2019\/08\/ristorante1_31-20130311-133530-75-800x500.jpg\" class=\"attachment-post-thumbnail size-post-thumbnail\" alt=\"\" loading=\"lazy\" \/><\/div><div class=\"cmsmasters_owl_slider_item cmsmasters_content_slider_item\"><img width=\"800\" height=\"500\" src=\"https:\/\/hotel-astoria.net\/wp-content\/uploads\/2019\/08\/ristorante1_30-20130311-133318-11-800x500.jpg\" class=\"attachment-post-thumbnail size-post-thumbnail\" alt=\"\" loading=\"lazy\" \/><\/div><div class=\"cmsmasters_owl_slider_item cmsmasters_content_slider_item\"><img width=\"860\" height=\"500\" src=\"https:\/\/hotel-astoria.net\/wp-content\/uploads\/2019\/09\/023astoria-hotel-canazei-val-di-fassa-860x500.jpg\" class=\"attachment-post-thumbnail size-post-thumbnail\" alt=\"\" loading=\"lazy\" \/><\/div><\/div>\n<\/div>\n<\/div><\/div>\n<div id=\"cmsmasters_column_9mwxckx0h\" class=\"cmsmasters_column one_fourth\">\n<div class=\"cmsmasters_column_inner\"><\/div><\/div>\n<\/div>\n<\/div>\n<\/div>\n<\/div>\n<\/div>\n\n","protected":false},"excerpt":{"rendered":"","protected":false},"author":2,"featured_media":0,"parent":0,"menu_order":81,"comment_status":"closed","ping_status":"closed","template":"","meta":[],"_links":{"self":[{"href":"https:\/\/hotel-astoria.net\/de\/wp-json\/wp\/v2\/pages\/16679"}],"collection":[{"href":"https:\/\/hotel-astoria.net\/de\/wp-json\/wp\/v2\/pages"}],"about":[{"href":"https:\/\/hotel-astoria.net\/de\/wp-json\/wp\/v2\/types\/page"}],"author":[{"embeddable":true,"href":"https:\/\/hotel-astoria.net\/de\/wp-json\/wp\/v2\/users\/2"}],"replies":[{"embeddable":true,"href":"https:\/\/hotel-astoria.net\/de\/wp-json\/wp\/v2\/comments?post=16679"}],"version-history":[{"count":3,"href":"https:\/\/hotel-astoria.net\/de\/wp-json\/wp\/v2\/pages\/16679\/revisions"}],"predecessor-version":[{"id":18812,"href":"https:\/\/hotel-astoria.net\/de\/wp-json\/wp\/v2\/pages\/16679\/revisions\/18812"}],"wp:attachment":[{"href":"https:\/\/hotel-astoria.net\/de\/wp-json\/wp\/v2\/media?parent=16679"}],"curies":[{"name":"wp","href":"https:\/\/api.w.org\/{rel}","templated":true}]}}