{"id":16685,"date":"2019-09-15T14:50:22","date_gmt":"2019-09-15T12:50:22","guid":{"rendered":"https:\/\/hotel-astoria.net\/trattamenti-corpo\/"},"modified":"2024-05-20T11:33:28","modified_gmt":"2024-05-20T09:33:28","slug":"koerperbehandlungen","status":"publish","type":"page","link":"https:\/\/hotel-astoria.net\/de\/koerperbehandlungen\/","title":{"rendered":"K\u00f6rperbehandlungen"},"content":{"rendered":"<div id=\"cmsmasters_row_vg7xqhvvs\" class=\"cmsmasters_row cmsmasters_color_scheme_default cmsmasters_row_top_default cmsmasters_row_bot_default cmsmasters_row_boxed\">\n<div class=\"cmsmasters_row_outer_parent\">\n<div class=\"cmsmasters_row_outer\">\n<div class=\"cmsmasters_row_inner\">\n<div class=\"cmsmasters_row_margin\">\n<div id=\"cmsmasters_column_ca3jk1k18p\" class=\"cmsmasters_column one_first\">\n<div class=\"cmsmasters_column_inner\"><div class=\"cmsmasters_toggles toggles_mode_accordion\">\n<div class=\"cmsmasters_toggle_wrap current_toggle\" data-tags=\"all \">\n<div class=\"cmsmasters_toggle_title\">\n<span class=\"cmsmasters_toggle_plus\">\n<span class=\"cmsmasters_toggle_plus_hor\"><\/span>\n<span class=\"cmsmasters_toggle_plus_vert\"><\/span>\n<\/span>\n<a href=\"#\">BODY PEELING - 30 min 45 \u20ac<\/a>\n<\/div>\n<div class=\"cmsmasters_toggle\">\n<div class=\"cmsmasters_toggle_inner\">\n<h1><strong>BODY PEELING<\/strong><\/h1>\n<ul>\n<li>Schwarze Seife Savonage<\/li>\n<li>Aromasalz Peeling<\/li>\n<li>Balsamisches \u00d6l Scrub<\/li>\n<\/ul>\n<\/div>\n<\/div>\n<\/div><div class=\"cmsmasters_toggle_wrap\" data-tags=\"all \">\n<div class=\"cmsmasters_toggle_title\">\n<span class=\"cmsmasters_toggle_plus\">\n<span class=\"cmsmasters_toggle_plus_hor\"><\/span>\n<span class=\"cmsmasters_toggle_plus_vert\"><\/span>\n<\/span>\n<a href=\"#\">BIOENERGETIC BODY TREATMENT - 45 min 55 \u20ac<\/a>\n<\/div>\n<div class=\"cmsmasters_toggle\">\n<div class=\"cmsmasters_toggle_inner\">\n<h1><strong>BIOENERGETIC BODY TREATMENT<\/strong><\/h1>\n<p>It eliminates water retention thanks to the strength of sea salts, brown algas and bitter orange which drain and promote the osmotic effect and the ion exchange. (we advise 2\/3 close sessions \u2013 with 3 session Lift Up Senum fro free).<\/p>\n<\/div>\n<\/div>\n<\/div><div class=\"cmsmasters_toggle_wrap\" data-tags=\"all \">\n<div class=\"cmsmasters_toggle_title\">\n<span class=\"cmsmasters_toggle_plus\">\n<span class=\"cmsmasters_toggle_plus_hor\"><\/span>\n<span class=\"cmsmasters_toggle_plus_vert\"><\/span>\n<\/span>\n<a href=\"#\">PHITO STAMINAL ROSALPINA &amp; ALPIN HERBS PIROCHE - 50 min 85 \u20ac <\/a>\n<\/div>\n<div class=\"cmsmasters_toggle\">\n<div class=\"cmsmasters_toggle_inner\">\n<h1><strong>PHITO STAMINAL ROSALPINA &amp; ALPIN HERBS PIROCHE<\/strong><\/h1>\n<p>Entspannung, Leichtigkeit und neue Energie, die magischen D\u00fcfte des Walds und der Berge in einer einzigen Behandlung. Innovative und nat\u00fcrliche Produkte, die aus Meran S\u00fcdtirol stammen und dort verarbeitet werden. Die Stammzellen der Alpenrose sch\u00fctzen die Haut und macht sie widerstandsf\u00e4higer. Zirbelkiefer, Bergkiefer, Arnika und Johanniskraut geben dieser Behandlung ihren Alpenflair. Optimal f\u00fcr m\u00fcde Beine oder nach dem Sport.<\/p>\n<ul>\n<li>K\u00f6rperbehandlung: 50 min 85 \u20ac<\/li>\n<li>Gesicht- und K\u00f6rperbehandlung: 80 min 120 \u20ac<\/li>\n<\/ul>\n<\/div>\n<\/div>\n<\/div><\/div>\n<\/div><\/div>\n<\/div>\n<\/div>\n<\/div>\n<\/div>\n<\/div>\n<div id=\"cmsmasters_row_37c191f42d\" class=\"cmsmasters_row cmsmasters_color_scheme_default cmsmasters_row_top_default cmsmasters_row_bot_default cmsmasters_row_boxed\">\n<div class=\"cmsmasters_row_outer_parent\">\n<div class=\"cmsmasters_row_outer\">\n<div class=\"cmsmasters_row_inner\">\n<div class=\"cmsmasters_row_margin\">\n<div id=\"cmsmasters_column_ee29ba77bb\" class=\"cmsmasters_column one_first\">\n<div class=\"cmsmasters_column_inner\"><div id=\"cmsmasters_heading_4f61a9a49c\" class=\"cmsmasters_heading_wrap cmsmasters_heading_align_center\">\n\t<h3 class=\"cmsmasters_heading\">Make Reservation<\/h3>\n<\/div><div id=\"cmsmasters_heading_177e36408a\" class=\"cmsmasters_heading_wrap cmsmasters_heading_align_center\">\n\t<h2 class=\"cmsmasters_heading\">Wellness<\/h2>\n<\/div><div id=\"cmsmasters_button_189a21456b\" class=\"button_wrap\"><a href=\"https:\/\/hotel-astoria.net\/de\/geschenk\/\" class=\"cmsmasters_button\"><span>Geschenkgutschein<\/span><\/a><\/div>\n<\/div><\/div>\n<\/div>\n<\/div>\n<\/div>\n<\/div>\n<\/div>\n\n","protected":false},"excerpt":{"rendered":"","protected":false},"author":2,"featured_media":0,"parent":0,"menu_order":94,"comment_status":"closed","ping_status":"open","template":"","meta":[],"_links":{"self":[{"href":"https:\/\/hotel-astoria.net\/de\/wp-json\/wp\/v2\/pages\/16685"}],"collection":[{"href":"https:\/\/hotel-astoria.net\/de\/wp-json\/wp\/v2\/pages"}],"about":[{"href":"https:\/\/hotel-astoria.net\/de\/wp-json\/wp\/v2\/types\/page"}],"author":[{"embeddable":true,"href":"https:\/\/hotel-astoria.net\/de\/wp-json\/wp\/v2\/users\/2"}],"replies":[{"embeddable":true,"href":"https:\/\/hotel-astoria.net\/de\/wp-json\/wp\/v2\/comments?post=16685"}],"version-history":[{"count":3,"href":"https:\/\/hotel-astoria.net\/de\/wp-json\/wp\/v2\/pages\/16685\/revisions"}],"predecessor-version":[{"id":19057,"href":"https:\/\/hotel-astoria.net\/de\/wp-json\/wp\/v2\/pages\/16685\/revisions\/19057"}],"wp:attachment":[{"href":"https:\/\/hotel-astoria.net\/de\/wp-json\/wp\/v2\/media?parent=16685"}],"curies":[{"name":"wp","href":"https:\/\/api.w.org\/{rel}","templated":true}]}}