{"id":16687,"date":"2019-09-15T15:11:51","date_gmt":"2019-09-15T13:11:51","guid":{"rendered":"https:\/\/hotel-astoria.net\/trattamenti-viso\/"},"modified":"2024-05-20T11:37:34","modified_gmt":"2024-05-20T09:37:34","slug":"gesichtbehandlungen","status":"publish","type":"page","link":"https:\/\/hotel-astoria.net\/de\/gesichtbehandlungen\/","title":{"rendered":"Gesichtbehandlungen"},"content":{"rendered":"<div id=\"cmsmasters_row_iz3ggwqj1r\" class=\"cmsmasters_row cmsmasters_color_scheme_default cmsmasters_row_top_default cmsmasters_row_bot_default cmsmasters_row_boxed\">\n<div class=\"cmsmasters_row_outer_parent\">\n<div class=\"cmsmasters_row_outer\">\n<div class=\"cmsmasters_row_inner\">\n<div class=\"cmsmasters_row_margin\">\n<div id=\"cmsmasters_column_7e54ffmapq\" class=\"cmsmasters_column one_first\">\n<div class=\"cmsmasters_column_inner\"><div class=\"cmsmasters_text\">\n<p><strong>Ein neues Licht\u2026UNSERE VORSCHL\u00c4GE F\u00dcR DAS GESICHT<\/strong><\/p>\n<p>Hochfunktionelle Produkte in Verbindung mit Kunstgriffen von Experten werden zu einem Ritual, das dem Gesicht die Sch\u00f6nheit verleiht. Es entstehen Spezialbehandlungen, Tr\u00e4ume, die sich auf der Haut verwirklichen in einem Dialog zwischen Formeln und geschickten Bewegungen der H\u00e4nde.<\/p>\n<\/div>\n<\/div><\/div>\n<\/div>\n<\/div>\n<\/div>\n<\/div>\n<\/div>\n<div id=\"cmsmasters_row_vg7xqhvvs\" class=\"cmsmasters_row cmsmasters_color_scheme_default cmsmasters_row_top_default cmsmasters_row_bot_default cmsmasters_row_boxed\">\n<div class=\"cmsmasters_row_outer_parent\">\n<div class=\"cmsmasters_row_outer\">\n<div class=\"cmsmasters_row_inner\">\n<div class=\"cmsmasters_row_margin\">\n<div id=\"cmsmasters_column_ca3jk1k18p\" class=\"cmsmasters_column one_first\">\n<div class=\"cmsmasters_column_inner\"><div class=\"cmsmasters_toggles toggles_mode_accordion\">\n<div class=\"cmsmasters_toggle_wrap current_toggle\" data-tags=\"all \">\n<div class=\"cmsmasters_toggle_title\">\n<span class=\"cmsmasters_toggle_plus\">\n<span class=\"cmsmasters_toggle_plus_hor\"><\/span>\n<span class=\"cmsmasters_toggle_plus_vert\"><\/span>\n<\/span>\n<a href=\"#\">Individuelle Gesichtsreinigung - 60-70 min 80 \u20ac<\/a>\n<\/div>\n<div class=\"cmsmasters_toggle\">\n<div class=\"cmsmasters_toggle_inner\">\n<h1><strong>Individuelle Gesichtsreinigung<\/strong><\/h1>\n<p><strong>Individuelle Gesichtsreinigung <\/strong>je nach Hauttyp: dazu geh\u00f6rt die gr\u00fcndliche Reinigung mit aromatherapeutischen D\u00e4mpfen und eventueller Enthaarung, Maske, D\u00f6schen und Spezialmassagen.<\/p>\n<p>&nbsp;<\/p>\n<\/div>\n<\/div>\n<\/div><div class=\"cmsmasters_toggle_wrap\" data-tags=\"all \">\n<div class=\"cmsmasters_toggle_title\">\n<span class=\"cmsmasters_toggle_plus\">\n<span class=\"cmsmasters_toggle_plus_hor\"><\/span>\n<span class=\"cmsmasters_toggle_plus_vert\"><\/span>\n<\/span>\n<a href=\"#\">Noesis vitamin concept \/ Expressions natural lifting concept - 50 min 85 \u20ac<\/a>\n<\/div>\n<div class=\"cmsmasters_toggle\">\n<div class=\"cmsmasters_toggle_inner\">\n<h1><strong>Noesis vitamin concept \/ Expressions natural lifting concept<br \/>\n<\/strong><\/h1>\n<p><strong>Noesis Vitamin Concept:<\/strong> with vitamin C, this treatment fights the ageing of skin due to pollution and UV rays. With Ultrasonic x-cell.<\/p>\n<p><strong>Expressions natural lifting concept:<\/strong> very moisturizing treatment with face-lift and filling effect with filling polymers and hyaluronic acid. It redefines the face. With ultrasonic x-cell<\/p>\n<p>&nbsp;<\/p>\n<p>&nbsp;<\/p>\n<\/div>\n<\/div>\n<\/div><div class=\"cmsmasters_toggle_wrap\" data-tags=\"all \">\n<div class=\"cmsmasters_toggle_title\">\n<span class=\"cmsmasters_toggle_plus\">\n<span class=\"cmsmasters_toggle_plus_hor\"><\/span>\n<span class=\"cmsmasters_toggle_plus_vert\"><\/span>\n<\/span>\n<a href=\"#\">Face Phito staminal Rosalpina age protect Piroche - 50 min 85 \u20ac<\/a>\n<\/div>\n<div class=\"cmsmasters_toggle\">\n<div class=\"cmsmasters_toggle_inner\">\n<h1><strong>Face Phito staminal Rosalpina age protect Piroche<\/strong><\/h1>\n<p><strong>Face Phito staminal Rosalpina age protect <em>Piroche cosm\u00e9tiques: <\/em><\/strong>Kostbare Bestandteile verleihen neue Vitalit\u00e4t, Ringelblume, Malve, Nachtkerze und Zirbelkiefer st\u00e4rken das nat\u00fcrliche Schutzsystem der Haut, beruhigen und regenerieren.<\/p>\n<p>&nbsp;<\/p>\n<\/div>\n<\/div>\n<\/div><\/div>\n<\/div><\/div>\n<\/div>\n<\/div>\n<\/div>\n<\/div>\n<\/div>\n<div id=\"cmsmasters_row_37c191f42d\" class=\"cmsmasters_row cmsmasters_color_scheme_default cmsmasters_row_top_default cmsmasters_row_bot_default cmsmasters_row_boxed\">\n<div class=\"cmsmasters_row_outer_parent\">\n<div class=\"cmsmasters_row_outer\">\n<div class=\"cmsmasters_row_inner\">\n<div class=\"cmsmasters_row_margin\">\n<div id=\"cmsmasters_column_ee29ba77bb\" class=\"cmsmasters_column one_first\">\n<div class=\"cmsmasters_column_inner\"><div id=\"cmsmasters_heading_4f61a9a49c\" class=\"cmsmasters_heading_wrap cmsmasters_heading_align_center\">\n\t<h3 class=\"cmsmasters_heading\">Make Reservation<\/h3>\n<\/div><div id=\"cmsmasters_heading_177e36408a\" class=\"cmsmasters_heading_wrap cmsmasters_heading_align_center\">\n\t<h2 class=\"cmsmasters_heading\">Wellness<\/h2>\n<\/div><div id=\"cmsmasters_button_189a21456b\" class=\"button_wrap\"><a href=\"https:\/\/hotel-astoria.net\/de\/geschenk\/\" class=\"cmsmasters_button\"><span>Geschenkgutschein<\/span><\/a><\/div>\n<\/div><\/div>\n<\/div>\n<\/div>\n<\/div>\n<\/div>\n<\/div>\n\n","protected":false},"excerpt":{"rendered":"","protected":false},"author":2,"featured_media":16647,"parent":0,"menu_order":97,"comment_status":"closed","ping_status":"open","template":"","meta":[],"_links":{"self":[{"href":"https:\/\/hotel-astoria.net\/de\/wp-json\/wp\/v2\/pages\/16687"}],"collection":[{"href":"https:\/\/hotel-astoria.net\/de\/wp-json\/wp\/v2\/pages"}],"about":[{"href":"https:\/\/hotel-astoria.net\/de\/wp-json\/wp\/v2\/types\/page"}],"author":[{"embeddable":true,"href":"https:\/\/hotel-astoria.net\/de\/wp-json\/wp\/v2\/users\/2"}],"replies":[{"embeddable":true,"href":"https:\/\/hotel-astoria.net\/de\/wp-json\/wp\/v2\/comments?post=16687"}],"version-history":[{"count":4,"href":"https:\/\/hotel-astoria.net\/de\/wp-json\/wp\/v2\/pages\/16687\/revisions"}],"predecessor-version":[{"id":19061,"href":"https:\/\/hotel-astoria.net\/de\/wp-json\/wp\/v2\/pages\/16687\/revisions\/19061"}],"wp:featuredmedia":[{"embeddable":true,"href":"https:\/\/hotel-astoria.net\/de\/wp-json\/wp\/v2\/media\/16647"}],"wp:attachment":[{"href":"https:\/\/hotel-astoria.net\/de\/wp-json\/wp\/v2\/media?parent=16687"}],"curies":[{"name":"wp","href":"https:\/\/api.w.org\/{rel}","templated":true}]}}