{"id":16688,"date":"2019-08-25T21:47:26","date_gmt":"2019-08-25T19:47:26","guid":{"rendered":"https:\/\/hotel-astoria.net\/vacanza-attiva-walking-and-trekking\/"},"modified":"2019-10-02T22:53:39","modified_gmt":"2019-10-02T20:53:39","slug":"wandern-und-trekking","status":"publish","type":"page","link":"https:\/\/hotel-astoria.net\/de\/wandern-und-trekking\/","title":{"rendered":"Wandern und Trekking"},"content":{"rendered":"<div id=\"cmsmasters_row_vg7xqhvvs\" class=\"cmsmasters_row cmsmasters_color_scheme_default cmsmasters_row_top_default cmsmasters_row_bot_default cmsmasters_row_boxed\">\n<div class=\"cmsmasters_row_outer_parent\">\n<div class=\"cmsmasters_row_outer\">\n<div class=\"cmsmasters_row_inner\">\n<div class=\"cmsmasters_row_margin\">\n<div id=\"cmsmasters_column_ca3jk1k18p\" class=\"cmsmasters_column one_first\">\n<div class=\"cmsmasters_column_inner\"><div class=\"cmsmasters_text\">\n<p><strong>UNSER ANGEBOT<\/strong><\/p>\n<p>Unter den Service-Leistungen und Unternehmungen, die wir Ihnen anbieten, f\u00fchren wir hier die wichtigsten auf.<br \/>\nAusgehend von den Nachfragen unserer Wander- und Kletterg\u00e4ste, haben wir ein allen Dolomiti Walking Hotels gemeinsames Modell f\u00fcr unsere Gastfreundshaftlichkeit entwickelt.<\/p>\n<h4><strong>1. Sich die Gesundheit erlaufen<\/strong><\/h4>\n<p>Spazierg\u00e4nge und Wanderungen im Gebirge stellen die ideale Gymnastik f\u00fcr K\u00f6rper und Geist dar: sie entspannen und tragen zum Wohl des Atem-, Kreislauf- und Knochen-Gelenk-Muskel-Systems bei. Die Ausfl\u00fcge f\u00fchren zu geistig-k\u00f6rperlichem Wohlbefinden.<br \/>\nWissen Sie auch, dass der Aufstieg eine der k\u00f6rperlichen T\u00e4tigkeiten ist, bei denen Sie die meisten Kalorien verbrennen?<\/p>\n<h4><strong>2. Der Hotelwirt: ein Schl\u00fcssel zum Territorium<\/strong><\/h4>\n<p>Der Hotelwirt ist der perfekte Schl\u00fcssel, der die Pforte zu den Sch\u00e4tzen der Trentiner Berge \u00f6ffnet! Wenn Sie m\u00f6chten, macht er Sie mit neuen Freunden bekannt, denen Sie Ihre Tageserlebnisse erz\u00e4hlen k\u00f6nnen, die Ihnen Empfehlungen geben und Ihnen ihre Fotos herzeigen k\u00f6nnen &#8230; und warum nicht, auch zusammen mit Ihnen wandern oder klettern gehen k\u00f6nnen&#8230;<\/p>\n<h4><strong>3. Ein Berg von kulinarischen Gen\u00fcssen<\/strong><\/h4>\n<p>Lassen Sie sich erobern von den Gen\u00fcssen der Trentiner K\u00fcche: eine Scheibe Polenta mit Bergk\u00e4se und ein gutes Glas Wein von den 20 Weinsorten. Im Hotel tischen wir jeden Tag typische Gerichte und naturreine Lokalprodukte auf.<\/p>\n<h4><strong>4. Das Trentino, eine ruhige Entdeckungsreise<\/strong><\/h4>\n<p>Die Hotelwirte empfehlen Routen und Rundblicke, wo Sie rasten k\u00f6nnen. Alle Hotels bieten jede Woche 3 Ausfl\u00fcge mit unterschiedlichen Schwierigkeitsgraden an; auf Gebirgsthemen spezialisierte B\u00fccherei mit Wanderkarten, Berg- und Landschaftsf\u00fchrern, B\u00fccher zur Lokalkultur; Verleih von Rucks\u00e4cken, Feldflaschen und Wanderst\u00f6cken; Transfers (Flughafen, Bahnhof) mit vertraglich geregelten Preisen.<\/p>\n<h4><strong>5. Umwelt: ein erhaltenswerter Reichtum<\/strong><\/h4>\n<p>Wir machen Sie mit der reichhaltigen, unber\u00fchrten Natur unserer Landschaft bekannt und bem\u00fchen uns, diese auch zu sch\u00fctzen und f\u00fcr die Zukunft zu bewahren. Wir wenden energie- und wasserssparende Ma\u00dfnahmen an, trennen den M\u00fcll und ben\u00fctzen schadstofffreie Produkte.<\/p>\n<\/div>\n<\/div><\/div>\n<\/div>\n<\/div>\n<\/div>\n<\/div>\n<\/div>\n\n","protected":false},"excerpt":{"rendered":"","protected":false},"author":2,"featured_media":0,"parent":0,"menu_order":99,"comment_status":"closed","ping_status":"open","template":"","meta":[],"_links":{"self":[{"href":"https:\/\/hotel-astoria.net\/de\/wp-json\/wp\/v2\/pages\/16688"}],"collection":[{"href":"https:\/\/hotel-astoria.net\/de\/wp-json\/wp\/v2\/pages"}],"about":[{"href":"https:\/\/hotel-astoria.net\/de\/wp-json\/wp\/v2\/types\/page"}],"author":[{"embeddable":true,"href":"https:\/\/hotel-astoria.net\/de\/wp-json\/wp\/v2\/users\/2"}],"replies":[{"embeddable":true,"href":"https:\/\/hotel-astoria.net\/de\/wp-json\/wp\/v2\/comments?post=16688"}],"version-history":[{"count":2,"href":"https:\/\/hotel-astoria.net\/de\/wp-json\/wp\/v2\/pages\/16688\/revisions"}],"predecessor-version":[{"id":16751,"href":"https:\/\/hotel-astoria.net\/de\/wp-json\/wp\/v2\/pages\/16688\/revisions\/16751"}],"wp:attachment":[{"href":"https:\/\/hotel-astoria.net\/de\/wp-json\/wp\/v2\/media?parent=16688"}],"curies":[{"name":"wp","href":"https:\/\/api.w.org\/{rel}","templated":true}]}}