{"id":16695,"date":"2019-08-25T21:49:28","date_gmt":"2019-08-25T19:49:28","guid":{"rendered":"https:\/\/hotel-astoria.net\/val-di-fassa-in-bicicletta-bikehotel\/"},"modified":"2024-05-12T10:22:53","modified_gmt":"2024-05-12T08:22:53","slug":"val-di-fassa-mit-dem-fahrrad","status":"publish","type":"page","link":"https:\/\/hotel-astoria.net\/de\/val-di-fassa-mit-dem-fahrrad\/","title":{"rendered":"Val di Fassa mit dem Fahrrad"},"content":{"rendered":"<div id=\"cmsmasters_row_vg7xqhvvs\" class=\"cmsmasters_row cmsmasters_color_scheme_default cmsmasters_row_top_default cmsmasters_row_bot_default cmsmasters_row_boxed\">\n<div class=\"cmsmasters_row_outer_parent\">\n<div class=\"cmsmasters_row_outer\">\n<div class=\"cmsmasters_row_inner\">\n<div class=\"cmsmasters_row_margin\">\n<div id=\"cmsmasters_column_ca3jk1k18p\" class=\"cmsmasters_column one_first\">\n<div class=\"cmsmasters_column_inner\"><div class=\"cmsmasters_text\">\n<div><strong>BIKE HOTEL SERVICES<\/strong><\/div>\n<div><\/div>\n<div><strong>Entdeckt das Val di Fassa auf zwei R\u00e4dern!<\/strong> Die MTB Guides werden euch begleiten und euch verschiedene Touren nach Ma\u00df empfehlen.<br \/>\nMTB Kurse f\u00fcr Kinder und Junioren sowie Fahrttechnik-Unterricht f\u00fcr Anf\u00e4nger oder Fortgeschrittene in den Bike Parks und auf Singletrails.<\/div>\n<div>Das Tourenprogramm beinhaltet: <strong>Cross Country<\/strong> Touren f\u00fcr alle die es lieben in die Pedale zu treten, <strong>All Mountain Touren<\/strong> f\u00fcr alle die die Berge mit ihrem MTB entdecken m\u00f6chten, verschiedene <strong>Enduro und Downhill Touren<\/strong> f\u00fcr alle die auf der Suche nach Adrenalin und nach anspruchsvollen <strong>Singletrails<\/strong> sind.<\/div>\n<div><\/div>\n<div><strong>Unser Bike Hotel biet ihren G\u00e4sten:<\/strong><\/div>\n<div><a href=\"https:\/\/hotel-astoria.net\/wp-content\/uploads\/2024\/05\/Z.Bike-Hotel-DEU-2024.pdf\" target=\"_blank\" rel=\"noopener\">Bike Hotel Service<\/a><\/div>\n<div><a title=\"HOTEL ASTORIA CANAZEI BIKE HOTEL VAL DI FASSA FASSABIKE\" href=\"https:\/\/hotel-astoria.net\/wp-content\/uploads\/2024\/05\/Z.Bike-tour-2024-DEU.pdf\" target=\"_blank\" rel=\"noopener noreferrer\">Programm Sommer 2024<\/a><\/div>\n<\/div>\n<\/div><\/div>\n<\/div>\n<\/div>\n<\/div>\n<\/div>\n<\/div>\n\n","protected":false},"excerpt":{"rendered":"","protected":false},"author":2,"featured_media":0,"parent":0,"menu_order":107,"comment_status":"closed","ping_status":"open","template":"","meta":[],"_links":{"self":[{"href":"https:\/\/hotel-astoria.net\/de\/wp-json\/wp\/v2\/pages\/16695"}],"collection":[{"href":"https:\/\/hotel-astoria.net\/de\/wp-json\/wp\/v2\/pages"}],"about":[{"href":"https:\/\/hotel-astoria.net\/de\/wp-json\/wp\/v2\/types\/page"}],"author":[{"embeddable":true,"href":"https:\/\/hotel-astoria.net\/de\/wp-json\/wp\/v2\/users\/2"}],"replies":[{"embeddable":true,"href":"https:\/\/hotel-astoria.net\/de\/wp-json\/wp\/v2\/comments?post=16695"}],"version-history":[{"count":5,"href":"https:\/\/hotel-astoria.net\/de\/wp-json\/wp\/v2\/pages\/16695\/revisions"}],"predecessor-version":[{"id":19024,"href":"https:\/\/hotel-astoria.net\/de\/wp-json\/wp\/v2\/pages\/16695\/revisions\/19024"}],"wp:attachment":[{"href":"https:\/\/hotel-astoria.net\/de\/wp-json\/wp\/v2\/media?parent=16695"}],"curies":[{"name":"wp","href":"https:\/\/api.w.org\/{rel}","templated":true}]}}