{"id":16702,"date":"2019-08-12T19:20:11","date_gmt":"2019-08-12T17:20:11","guid":{"rendered":"https:\/\/hotel-astoria.net\/servizi\/"},"modified":"2025-02-18T13:31:59","modified_gmt":"2025-02-18T12:31:59","slug":"service","status":"publish","type":"page","link":"https:\/\/hotel-astoria.net\/de\/service\/","title":{"rendered":"dienstleistungen"},"content":{"rendered":"<div id=\"cmsmasters_row_a238d4fa81\" class=\"cmsmasters_row cmsmasters_color_scheme_default cmsmasters_row_top_default cmsmasters_row_bot_default cmsmasters_row_boxed\">\n<div class=\"cmsmasters_row_outer_parent\">\n<div class=\"cmsmasters_row_outer\">\n<div class=\"cmsmasters_row_inner\">\n<div class=\"cmsmasters_row_margin\">\n<div id=\"cmsmasters_column_f77c8e6d30\" class=\"cmsmasters_column one_first\">\n<div class=\"cmsmasters_column_inner\"><div id=\"cmsmasters_heading_f936a1f7a2\" class=\"cmsmasters_heading_wrap cmsmasters_heading_align_center\">\n\t<h3 class=\"cmsmasters_heading\">Service<\/h3>\n<\/div><div id=\"cmsmasters_heading_b033062ba6\" class=\"cmsmasters_heading_wrap cmsmasters_heading_align_center\">\n\t<h2 class=\"cmsmasters_heading\">Eine gastfreundliche Atmosph\u00e4re<\/h2>\n<\/div><div class=\"cmsmasters_text\">\n<p style=\"text-align: center;\"><span style=\"color: #6a6a6a; font-size: 20px; line-height: 28px;\">Das Hotel Astoria in Canazei hei\u00dft Sie herzlich willkommen. Bei Ihrer Ankunft erwartet Sie eine warme, herzliche Gastfreundschaft, die zu unserer Familientradition geh\u00f6rt.<br \/>\n<\/span><\/p>\n<\/div>\n<\/div><\/div>\n<\/div>\n<\/div>\n<\/div>\n<\/div>\n<\/div>\n<div id=\"cmsmasters_row_916f209bd5\" class=\"cmsmasters_row cmsmasters_color_scheme_default cmsmasters_row_top_default cmsmasters_row_bot_default cmsmasters_row_boxed\">\n<div class=\"cmsmasters_row_outer_parent\">\n<div class=\"cmsmasters_row_outer\">\n<div class=\"cmsmasters_row_inner\">\n<div class=\"cmsmasters_row_margin cmsmasters_row_columns_behavior\">\n<div id=\"cmsmasters_column_e2beccf01e\" class=\"cmsmasters_column one_fourth\">\n<div class=\"cmsmasters_column_inner\"><div id=\"cmsmasters_fb_364392570f\" class=\"cmsmasters_featured_block\">\n<div class=\"featured_block_inner\">\n<div class=\"featured_block_text\">\n<h2 style=\"text-align: center;\"><span style=\"color: #ffffff; font-size: 30px; line-height: 40px;\">Eine gastfreundliche Atmosph\u00e4re<\/span><\/h2>\n\n<\/div>\n<\/div>\n<\/div>\n<\/div><\/div>\n<div id=\"cmsmasters_column_7df7fba768\" class=\"cmsmasters_column one_fourth\">\n<div class=\"cmsmasters_column_inner\"><div id=\"cmsmasters_fb_85f04344da\" class=\"cmsmasters_featured_block\">\n<div class=\"featured_block_inner\">\n<div class=\"featured_block_text\">\n<h2 style=\"text-align: center;\"><span style=\"color: #ffffff; font-size: 30px; line-height: 40px;\">F\u00fcr die Feinschmecker \u00be-Pension im Winter<\/span><\/h2>\n\n<\/div>\n<\/div>\n<\/div>\n<\/div><\/div>\n<div id=\"cmsmasters_column_59ae3c9120\" class=\"cmsmasters_column one_fourth\">\n<div class=\"cmsmasters_column_inner\"><div id=\"cmsmasters_fb_66db1ac201\" class=\"cmsmasters_featured_block\">\n<div class=\"featured_block_inner\">\n<div class=\"featured_block_text\">\n<h2 style=\"text-align: center;\"><span style=\"color: #ffffff; font-size: 30px; line-height: 40px;\">Wellness-Center mit freiem Eintritt<\/span><\/h2>\n\n<\/div>\n<\/div>\n<\/div>\n<\/div><\/div>\n<div id=\"cmsmasters_column_bb1c09aa83\" class=\"cmsmasters_column one_fourth\">\n<div class=\"cmsmasters_column_inner\"><div id=\"cmsmasters_fb_7eaa133caa\" class=\"cmsmasters_featured_block\">\n<div class=\"featured_block_inner\">\n<div class=\"featured_block_text\">\n<h2 style=\"text-align: center;\"><span style=\"color: #ffffff; font-size: 30px; line-height: 40px;\">Weitere Serviceleistungen<\/span><\/h2>\n\n<\/div>\n<\/div>\n<\/div>\n<\/div><\/div>\n<\/div>\n<\/div>\n<\/div>\n<\/div>\n<\/div>\n<div id=\"cmsmasters_row_29c43b215b\" class=\"cmsmasters_row cmsmasters_color_scheme_default cmsmasters_row_top_default cmsmasters_row_bot_default cmsmasters_row_fullwidth\">\n<div id=\"sezioneuno\" class=\"cmsmasters_row_outer_parent\">\n<div class=\"cmsmasters_row_outer\">\n<div class=\"cmsmasters_row_inner cmsmasters_row_fullwidth cmsmasters_row_no_margin\">\n<div class=\"cmsmasters_row_margin cmsmasters_row_columns_behavior\">\n<div id=\"cmsmasters_column_24ddda560b\" class=\"cmsmasters_column one_half\">\n<div class=\"cmsmasters_column_inner\"><div id=\"cmsmasters_fb_aeb824ab39\" class=\"cmsmasters_featured_block\">\n<div class=\"featured_block_inner\">\n<div class=\"featured_block_text\">\n<div class=\"cmsmasters_heading\" style=\"text-align: center;\"><div id=\"cmsmasters_heading_631c906a47\" class=\"cmsmasters_heading_wrap cmsmasters_heading_align_center\">\n\t<h3 class=\"cmsmasters_heading\">Willkommen<\/h3>\n<\/div><div id=\"cmsmasters_heading_f4d484ebdc\" class=\"cmsmasters_heading_wrap cmsmasters_heading_align_center\">\n\t<h2 class=\"cmsmasters_heading\">Gem\u00fctliche Atmosph\u00e4re und strategische Lage<\/h2>\n<\/div><\/div>\n<p style=\"text-align: center;\"><span style=\"color: #6a6a6a; font-size: 20px; line-height: 28px;\">Gem\u00fctliche, ruhige Zimmern, mit Internet-Anschluss. Raum speziell f\u00fcr Raucher. Abendveranstaltungen mit Live-Musik. Terrasse mit Solarium und Garten. Fernsehraum mit Leinwand und SKY.<br \/>\n<\/span><div id=\"cmsmasters_heading_163ed12c6d\" class=\"cmsmasters_heading_wrap cmsmasters_heading_align_center\">\n\t<h4 class=\"cmsmasters_heading\"><a href=\"https:\/\/booking.ericsoft.com\/BookingEngine\/Book?idh=CE6189C73157043C&#038;lang=it&#038;cur=EUR&#038;arrival=2019-07-28&#038;departure=2019-07-29&#038;pax=2_0_0_0&#038;acmp=RT0\">Make a Reservation<\/a><\/h4>\n<\/div>\n\n<\/div>\n<\/div>\n<\/div>\n<\/div><\/div>\n<div id=\"cmsmasters_column_e02e0930e3\" class=\"cmsmasters_column one_half\">\n<div class=\"cmsmasters_column_inner\"><div id=\"cmsmasters_fb_4aff80b7df\" class=\"cmsmasters_featured_block ios_picture\">\n<div class=\"featured_block_inner\">\n<div class=\"featured_block_text\"><\/div>\n<\/div>\n<\/div>\n<\/div><\/div>\n<\/div>\n<\/div>\n<\/div>\n<\/div>\n<\/div>\n<div id=\"cmsmasters_row_byb9778p44\" class=\"cmsmasters_row cmsmasters_color_scheme_default cmsmasters_row_top_default cmsmasters_row_bot_default cmsmasters_row_fullwidth\">\n<div id=\"sezioneuno\" class=\"cmsmasters_row_outer_parent\">\n<div class=\"cmsmasters_row_outer\">\n<div class=\"cmsmasters_row_inner cmsmasters_row_fullwidth cmsmasters_row_no_margin\">\n<div class=\"cmsmasters_row_margin cmsmasters_row_columns_behavior\">\n<div id=\"cmsmasters_column_2ksmtgpw8t\" class=\"cmsmasters_column one_half\">\n<div class=\"cmsmasters_column_inner\"><div id=\"cmsmasters_fb_paf5u28dxq\" class=\"cmsmasters_featured_block ios_picture\">\n<div class=\"featured_block_inner\">\n<div class=\"featured_block_text\"><\/div>\n<\/div>\n<\/div>\n<\/div><\/div>\n<div id=\"cmsmasters_column_a5vcbhxgy8\" class=\"cmsmasters_column one_half\">\n<div class=\"cmsmasters_column_inner\"><div id=\"cmsmasters_fb_kay5xolkoi\" class=\"cmsmasters_featured_block\">\n<div class=\"featured_block_inner\">\n<div class=\"featured_block_text\">\n<div class=\"cmsmasters_heading\" style=\"text-align: center;\"><div id=\"cmsmasters_heading_90459666ce\" class=\"cmsmasters_heading_wrap cmsmasters_heading_align_center\">\n\t<h3 class=\"cmsmasters_heading\">Dienstleistungen<\/h3>\n<\/div><div id=\"cmsmasters_heading_ecc347d859\" class=\"cmsmasters_heading_wrap cmsmasters_heading_align_center\">\n\t<h2 class=\"cmsmasters_heading\">F\u00fcr Feinschmecker die \u00be Pension<\/h2>\n<\/div><\/div>\n<p style=\"text-align: center;\"><span style=\"color: #6a6a6a; font-size: 20px; line-height: 28px;\">Hervorragende K\u00fcche mit gro\u00dfem Salate- und Vorspeisen-Buffet. Auswahl an Men\u00fcs mit 4 G\u00e4ngen. Den Tag schmackhaft beginnen: Fr\u00fchst\u00fcck von 07:30 bis 10:00 Uhr. Gro\u00dfe Auswahl an gesunden, energiereichen Speisen (s\u00fc\u00dfes und salziges Fr\u00fchst\u00fcck, kontrolliert biologisch angebaute und glutenfreie Produkte). Tea Time: Nachmittags-Buffet mit Tee, Kaffee und selbstgebackenen Kuchen und Geb\u00e4ck &#8230; einmal in der Woche ein Gala-Abendessen bei Kerzenschein.<br \/>\n<\/span><div id=\"cmsmasters_heading_062f4b13ba\" class=\"cmsmasters_heading_wrap cmsmasters_heading_align_center\">\n\t<h4 class=\"cmsmasters_heading\"><a href=\"https:\/\/hotel-astoria.net\/ristorante\/\">Entdecken Sie unser Restaurant<\/a><\/h4>\n<\/div>\n\n<\/div>\n<\/div>\n<\/div>\n<\/div><\/div>\n<\/div>\n<\/div>\n<\/div>\n<\/div>\n<\/div>\n<div id=\"cmsmasters_row_3syh5w76i\" class=\"cmsmasters_row cmsmasters_color_scheme_default cmsmasters_row_top_default cmsmasters_row_bot_default cmsmasters_row_fullwidth\">\n<div id=\"sezioneuno\" class=\"cmsmasters_row_outer_parent\">\n<div class=\"cmsmasters_row_outer\">\n<div class=\"cmsmasters_row_inner cmsmasters_row_fullwidth cmsmasters_row_no_margin\">\n<div class=\"cmsmasters_row_margin cmsmasters_row_columns_behavior\">\n<div id=\"cmsmasters_column_1c04sg24lu\" class=\"cmsmasters_column one_half\">\n<div class=\"cmsmasters_column_inner\"><div id=\"cmsmasters_fb_p2jrd2k5yp\" class=\"cmsmasters_featured_block\">\n<div class=\"featured_block_inner\">\n<div class=\"featured_block_text\">\n<div class=\"cmsmasters_heading\" style=\"text-align: center;\"><div id=\"cmsmasters_heading_631c906a47\" class=\"cmsmasters_heading_wrap cmsmasters_heading_align_center\">\n\t<h3 class=\"cmsmasters_heading\">Willkommen<\/h3>\n<\/div><div id=\"cmsmasters_heading_f4d484ebdc\" class=\"cmsmasters_heading_wrap cmsmasters_heading_align_center\">\n\t<h2 class=\"cmsmasters_heading\">Piscina, Wellness &amp; Spa<\/h2>\n<\/div><\/div>\n<p style=\"text-align: center;\"><span style=\"color: #6a6a6a; font-size: 20px; line-height: 28px;\">Wellness &amp; Spa &#8222;Lythrum&#8220;,: T\u00fcrkisches Bad, Finnische Sauna, Soft Sauna, Kneipp-Fussbad, Multifunktions-Duschen, Entspannungsarea, auch mit Frischluft, Liegest\u00fchle. Beauty-Center mit wohltuenden Massagen und B\u00e4dern.<br \/>\n<\/span><div id=\"cmsmasters_heading_163ed12c6d\" class=\"cmsmasters_heading_wrap cmsmasters_heading_align_center\">\n\t<h4 class=\"cmsmasters_heading\"><a href=\"https:\/\/hotel-astoria.net\/piscina-e-spa\/\">Entdecken Sie unser Spa<\/a><\/h4>\n<\/div>\n\n<\/div>\n<\/div>\n<\/div>\n<\/div><\/div>\n<div id=\"cmsmasters_column_1h6efocbeq\" class=\"cmsmasters_column one_half\">\n<div class=\"cmsmasters_column_inner\"><div id=\"cmsmasters_fb_bhm6eyxnkl\" class=\"cmsmasters_featured_block ios_picture\">\n<div class=\"featured_block_inner\">\n<div class=\"featured_block_text\"><\/div>\n<\/div>\n<\/div>\n<\/div><\/div>\n<\/div>\n<\/div>\n<\/div>\n<\/div>\n<\/div>\n<div id=\"cmsmasters_row_zt6sqszmob\" class=\"cmsmasters_row cmsmasters_color_scheme_default cmsmasters_row_top_default cmsmasters_row_bot_default cmsmasters_row_fullwidth\">\n<div id=\"sezioneuno\" class=\"cmsmasters_row_outer_parent\">\n<div class=\"cmsmasters_row_outer\">\n<div class=\"cmsmasters_row_inner cmsmasters_row_fullwidth cmsmasters_row_no_margin\">\n<div class=\"cmsmasters_row_margin cmsmasters_row_columns_behavior\">\n<div id=\"cmsmasters_column_5nv41bqpx\" class=\"cmsmasters_column one_half\">\n<div class=\"cmsmasters_column_inner\"><div id=\"cmsmasters_fb_328bqf3fd\" class=\"cmsmasters_featured_block ios_picture\">\n<div class=\"featured_block_inner\">\n<div class=\"featured_block_text\"><\/div>\n<\/div>\n<\/div>\n<\/div><\/div>\n<div id=\"cmsmasters_column_hvn73v7tfa\" class=\"cmsmasters_column one_half\">\n<div class=\"cmsmasters_column_inner\"><div id=\"cmsmasters_fb_eaqffsr7lp\" class=\"cmsmasters_featured_block\">\n<div class=\"featured_block_inner\">\n<div class=\"featured_block_text\">\n<div class=\"cmsmasters_heading\" style=\"text-align: center;\"><div id=\"cmsmasters_heading_90459666ce\" class=\"cmsmasters_heading_wrap cmsmasters_heading_align_center\">\n\t<h3 class=\"cmsmasters_heading\">Services<\/h3>\n<\/div><div id=\"cmsmasters_heading_ecc347d859\" class=\"cmsmasters_heading_wrap cmsmasters_heading_align_center\">\n\t<h2 class=\"cmsmasters_heading\">Andere Dienstleistungen<\/h2>\n<\/div><\/div>\n<p style=\"text-align: center;\"><span style=\"color: #6a6a6a; font-size: 20px; line-height: 28px;\">Vertraglich gebundene, kostenlose \u00e4rztliche Betreuung (Hausbesuch oder Behandlung in der Arztpraxis, die nur 200 m vom Hotel entfernt ist). Einkauf italienischer und ausl\u00e4ndischer Tageszeitungen. Tiefgarage g\u20ac 10 pro Tag; f\u00fcr die Hotelg\u00e4ste reservierter, teils \u00fcberdachter, kostenloser Parkplatz.<br \/>\n<\/span><div id=\"cmsmasters_heading_062f4b13ba\" class=\"cmsmasters_heading_wrap cmsmasters_heading_align_center\">\n\t<h4 class=\"cmsmasters_heading\"><a href=\"http:\/\/hotel-lux.cmsmasters.net\/our-services\/\">View Our Services<\/a><\/h4>\n<\/div>\n\n<\/div>\n<\/div>\n<\/div>\n<\/div><\/div>\n<\/div>\n<\/div>\n<\/div>\n<\/div>\n<\/div>\n<div id=\"cmsmasters_row_37c191f42d\" class=\"cmsmasters_row cmsmasters_color_scheme_default cmsmasters_row_top_default cmsmasters_row_bot_default cmsmasters_row_boxed\">\n<div class=\"cmsmasters_row_outer_parent\">\n<div class=\"cmsmasters_row_outer\">\n<div class=\"cmsmasters_row_inner\">\n<div class=\"cmsmasters_row_margin\">\n<div id=\"cmsmasters_column_ee29ba77bb\" class=\"cmsmasters_column one_first\">\n<div class=\"cmsmasters_column_inner\"><div id=\"cmsmasters_heading_4f61a9a49c\" class=\"cmsmasters_heading_wrap cmsmasters_heading_align_center\">\n\t<h3 class=\"cmsmasters_heading\">Make Reservation<\/h3>\n<\/div><div id=\"cmsmasters_heading_177e36408a\" class=\"cmsmasters_heading_wrap cmsmasters_heading_align_center\">\n\t<h2 class=\"cmsmasters_heading\">Luxury Room<\/h2>\n<\/div><div id=\"cmsmasters_button_189a21456b\" class=\"button_wrap\"><a href=\"http:\/\/hotel-lux.cmsmasters.net\/reservation\/\" class=\"cmsmasters_button\"><span>Book now<\/span><\/a><\/div>\n<\/div><\/div>\n<\/div>\n<\/div>\n<\/div>\n<\/div>\n<\/div>\n\n","protected":false},"excerpt":{"rendered":"","protected":false},"author":2,"featured_media":17313,"parent":0,"menu_order":85,"comment_status":"closed","ping_status":"closed","template":"","meta":[],"_links":{"self":[{"href":"https:\/\/hotel-astoria.net\/de\/wp-json\/wp\/v2\/pages\/16702"}],"collection":[{"href":"https:\/\/hotel-astoria.net\/de\/wp-json\/wp\/v2\/pages"}],"about":[{"href":"https:\/\/hotel-astoria.net\/de\/wp-json\/wp\/v2\/types\/page"}],"author":[{"embeddable":true,"href":"https:\/\/hotel-astoria.net\/de\/wp-json\/wp\/v2\/users\/2"}],"replies":[{"embeddable":true,"href":"https:\/\/hotel-astoria.net\/de\/wp-json\/wp\/v2\/comments?post=16702"}],"version-history":[{"count":4,"href":"https:\/\/hotel-astoria.net\/de\/wp-json\/wp\/v2\/pages\/16702\/revisions"}],"predecessor-version":[{"id":19165,"href":"https:\/\/hotel-astoria.net\/de\/wp-json\/wp\/v2\/pages\/16702\/revisions\/19165"}],"wp:featuredmedia":[{"embeddable":true,"href":"https:\/\/hotel-astoria.net\/de\/wp-json\/wp\/v2\/media\/17313"}],"wp:attachment":[{"href":"https:\/\/hotel-astoria.net\/de\/wp-json\/wp\/v2\/media?parent=16702"}],"curies":[{"name":"wp","href":"https:\/\/api.w.org\/{rel}","templated":true}]}}