{"id":18724,"date":"2023-06-21T10:26:10","date_gmt":"2023-06-21T08:26:10","guid":{"rendered":"https:\/\/hotel-astoria.net\/info\/"},"modified":"2025-07-05T09:08:12","modified_gmt":"2025-07-05T07:08:12","slug":"info","status":"publish","type":"page","link":"https:\/\/hotel-astoria.net\/de\/info\/","title":{"rendered":"info"},"content":{"rendered":"\n<h2><strong>hotel info<\/strong><\/h2>\n\n\n\n<p><strong>TELEFON: ORTS &#8211; UND&nbsp; FERNGESPR\u00c4CHE <\/strong><strong><\/strong><\/p>\n\n\n\n<ul><li>w\u00e4hlen Sie die 0 und warten Sie auf das Freizeichen<\/li><li>w\u00e4hlen Sie die gew\u00fcnschte Nummer&nbsp; (z.B. 0049\/99\/9999)<\/li><li>die Kosten kommen automatisch auf die Zimmerrechnung<\/li><li>die Direktion kann keine Ausk\u00fcnfte \u00fcber die einzelnen Gespr\u00e4che geben, sondern nur die Gesamtsumme der gef\u00fchrten Telefonate&nbsp; mitteilen.<\/li><\/ul>\n\n\n\n<p>Die Telefonnummer des Hotels ist&nbsp; +39 0462\/601302<\/p>\n\n\n\n<h6>HOTEL ASTORIA&nbsp;&nbsp; Via Roma, 98&nbsp; &#8211;&nbsp;&nbsp; 38032&nbsp; CANAZEI (TN)&nbsp; I<\/h6>\n\n\n\n<p><strong>INTERNE NUMMERN DES&nbsp; HOTELS ASTORIA<\/strong><strong><\/strong><\/p>\n\n\n\n<figure class=\"wp-block-table\"><table><tbody><tr><td>Rezeption<\/td><td>9<\/td><td>Spa<\/td><td>9<\/td><\/tr><tr><td>Notfall<\/td><td>9<\/td><td>Zimmerservice<\/td><td>9<\/td><\/tr><tr><td>Bar<\/td><td>9<\/td><td>Gep\u00e4ck<\/td><td>9<\/td><\/tr><\/tbody><\/table><\/figure>\n\n\n\n<p><strong>RESTAURANT <\/strong><\/p>\n\n\n\n<p>FR\u00dcHST\u00dcCK&nbsp;&nbsp;&nbsp;&nbsp;&nbsp;&nbsp;&nbsp;&nbsp;&nbsp;&nbsp;&nbsp;&nbsp;&nbsp;&nbsp;&nbsp;&nbsp;&nbsp;&nbsp;&nbsp;&nbsp;&nbsp;&nbsp;&nbsp;&nbsp;&nbsp;&nbsp;&nbsp;&nbsp;&nbsp;&nbsp;&nbsp;&nbsp;&nbsp;&nbsp;&nbsp;&nbsp;&nbsp;&nbsp;&nbsp;&nbsp;&nbsp;&nbsp;&nbsp;&nbsp;&nbsp;&nbsp;&nbsp;&nbsp;&nbsp;&nbsp; &nbsp;&nbsp;von&nbsp; 7.30 bis&nbsp; 10.00<\/p>\n\n\n\n<p><strong>NACHMITTAGSBUFFET&nbsp;&nbsp;&nbsp;&nbsp;&nbsp;&nbsp;&nbsp;&nbsp;&nbsp;&nbsp;&nbsp;&nbsp;&nbsp;&nbsp;&nbsp;&nbsp;&nbsp;&nbsp;&nbsp;&nbsp;&nbsp;&nbsp;&nbsp; &nbsp;&nbsp;&nbsp;&nbsp;&nbsp; von 15.30 bis &nbsp;17.30 (Bar)*<\/strong><\/p>\n\n\n\n<p>ABENDESSEN&nbsp;&nbsp;&nbsp;&nbsp;&nbsp;&nbsp;&nbsp;&nbsp;&nbsp;&nbsp;&nbsp;&nbsp;&nbsp;&nbsp;&nbsp;&nbsp;&nbsp;&nbsp;&nbsp;&nbsp;&nbsp;&nbsp;&nbsp;&nbsp;&nbsp;&nbsp;&nbsp;&nbsp;&nbsp;&nbsp;&nbsp;&nbsp;&nbsp;&nbsp;&nbsp;&nbsp;&nbsp;&nbsp;&nbsp;&nbsp;&nbsp;&nbsp;&nbsp;&nbsp;&nbsp;&nbsp;&nbsp;&nbsp;&nbsp; von 19.00 bis&nbsp; 20.30<\/p>\n\n\n\n<p>Bei Abwesenheit bitten wir das Essen vor&nbsp; 17.00 Uhr abzubestellen.<\/p>\n\n\n\n<p>*<strong>Wer \u00be Pension<\/strong> <strong>gew\u00e4hlt hat kann jeden Tag unser Nachmittagsbuffet genie\u00dfen<\/strong>.<\/p>\n\n\n\n<p><\/p>\n\n\n\n<p><strong>BAR<\/strong><\/p>\n\n\n\n<p>Die Bar \u00f6ffnet um 7.30 und schlie\u00dft um 23.30. F\u00fcr Bestellungen aufs Zimmer wird ein Aufpreis von \u20ac 2,00 berechnet.<\/p>\n\n\n\n<p>Wer Spielkarten w\u00fcnscht, kann diese an der Bar erhalten; wir bitten jedoch unsere G\u00e4ste vom Gesetz verbotene Spiele zu unterlassen. Ein Rauchraum ist zur Verf\u00fcgung.<\/p>\n\n\n\n<p><strong>W-LAN<\/strong><\/p>\n\n\n\n<p>Alle Zimmer sowie Bar und Rezeption verf\u00fcgen \u00fcber W-Lan Internetanschluss GRATIS.<\/p>\n\n\n\n<p>W-Lan: <strong>Hotel Astoria<\/strong><\/p>\n\n\n\n<p>Passwort: <strong>welcome2020<\/strong>.<\/p>\n\n\n\n<p><\/p>\n\n\n\n<p><\/p>\n\n\n\n<h2><strong>sommer in canazei<\/strong><\/h2>\n\n\n\n<p><strong><a href=\"https:\/\/www.fassa.com\/de\/karten-und-vorteile\/val-di-fassa-guest-card\" target=\"_blank\" rel=\"noreferrer noopener\">VAL DI FASSA GUEST CARD <\/a><\/strong><\/p>\n\n\n\n<p><strong>Vorteile und Sonderpreis f\u00fcr andere Aktivit\u00e4ten<\/strong> erfahren Sie <a href=\"https:\/\/www.fassa.com\/de\/karten-und-vorteile\/val-di-fassa-guest-card\" target=\"_blank\" rel=\"noreferrer noopener\">HIER<\/a>. Dazu auch <strong>mit dem Bus gratis fahren<\/strong>.<\/p>\n\n\n\n<p><strong>ONLINE FREMDVERKEHRSBURO<\/strong><\/p>\n\n\n\n<p><a href=\"https:\/\/fassa.ktips.it\/de\" target=\"_blank\" rel=\"noreferrer noopener\">FASSA K-TIPS<\/a><\/p>\n\n\n\n<p><strong>GREEN MOBILITY<\/strong><\/p>\n\n\n\n<p>Mit Val di Fassa Guest Card werden Sie <strong>mit dem Bus gratis fahren<\/strong>. <a href=\"https:\/\/fassa.openmove.com\/search\">Info<\/a><\/p>\n\n\n\n<p><strong><a href=\"https:\/\/hotel-astoria.net\/de\/sommer-in-canazei\/\" target=\"_blank\" rel=\"noreferrer noopener\">WANDERN UND MTB<\/a><\/strong><\/p>\n\n\n\n<p>Jeden Sommer ist der <strong>Veranstaltungskalender<\/strong> mit <strong>vielen Initiativen<\/strong> <strong>und Aktivit\u00e4ten<\/strong> gef\u00fcllt, die der <a rel=\"noreferrer noopener\" href=\"https:\/\/www.fassasport.com\/\" target=\"_blank\">Sport Check Point<\/a> Val di Fassa f\u00fcr unsere <strong>G\u00e4ste<\/strong> organisiert. Zur Auswahl stehen: Kletterkurse ganzt\u00e4gige praktische <strong>Einf\u00fchrung ins Klettern<\/strong> f\u00fcr <strong>Kinder<\/strong> mit den Bergf\u00fchrern; <strong>Ausfl\u00fcge zu einer Alm<\/strong>, wobei die Teilnehmer mehr \u00fcber das Leben und die Arbeit auf der Alm erfahren; f\u00fcr Erwachsene und Kinder.<\/p>\n\n\n\n<p><a href=\"https:\/\/hotel-astoria.net\/de\/sommer-in-canazei\/\">Wochenprogram<\/a> e prenota la tua avventura con il nostro codice sconto (richiedilo alla reception)<\/p>\n\n\n\n<p><a href=\"https:\/\/hotel-astoria.net\/de\/val-di-fassa-mit-dem-fahrrad\/\" target=\"_blank\" rel=\"noreferrer noopener\">BikeHotel<\/a><\/p>\n\n\n\n<p><a href=\"https:\/\/www.fassa.com\/it\/cosa-fare\/bici-e-mountain-bike\/noleggi-bike\">Mtbike Verleih in Canazei<\/a><\/p>\n\n\n\n<p><\/p>\n\n\n\n<p><strong><strong>FAHRR\u00c4DER<\/strong><\/strong><\/p>\n\n\n\n<p>Das Hotel stellt seinen G\u00e4sten einigen <strong>Mountainbikes <\/strong>zur Verf\u00fcgung. Die Direktion kommt f\u00fcr Keinerlei Unf\u00e4lle oder Sch\u00e4den, die durch den Gebrauch der R\u00e4der verursacht werden, nicht auf. Der Gast selbst ist verantwortlich f\u00fcr evtl. Sch\u00e4den oder Diebst\u00e4hle des im \u00fcbergebenen Rades, sowie f\u00fcr jeden beliebigen Schaden an Dritten oder Verst\u00f6\u00dfe gegen die Gesetzesnormen, die sich durch den Gebrauch des Rades ergeben k\u00f6nnen<\/p>\n\n\n\n<p><\/p>\n\n\n\n<h2><strong>winter in canazei<\/strong><\/h2>\n\n\n\n<h5><strong>SKIBUS DIENST<\/strong><\/h5>\n\n\n\n<p>Das Hotel stellt seinen Skifahrern ein privater Miniskibus-Service zur Verf\u00fcgung.&nbsp; Der Bus f\u00e4hrt vom Hotel nach Belvedere Liftstation mit dem folgenden Fahrplan:<\/p>\n\n\n\n<p><strong>Hinfahrt von 08.30 bis 10.00<\/strong><\/p>\n\n\n\n<p><strong>R\u00fcckfahrt von 15.00 bis 17.00.<\/strong><\/p>\n\n\n\n<p><strong>Nach Reservierung<\/strong> (bis 10.00 Uhr bei der Rezeption): um 10.30, um 11.00 und um 12.30<\/p>\n\n\n\n<p>Au\u00dferhalb dieses Fahrplans:<\/p>\n\n\n\n<ul><li><strong>Val di Fassa Skibus<\/strong> Haltestelle 50mt entfernt (Fahrkarte bei der Rezeption verf\u00fcgbar)<\/li><li>Wir bestellen gerne einen <strong>TAXI<\/strong> <\/li><\/ul>\n\n\n\n<p><\/p>\n\n\n\n<h6><strong>SKIKELLER<\/strong><\/h6>\n\n\n\n<p>F\u00fcr Ski und Skischuhen steht unsere Skikeller zur Verf\u00fcgung. Die Skikeller findet sich auf der linke Seite des Haupteingangs (Untergeschoss \u2013 Zugang von au\u00dfen). Zugangskode bei der Rezeption erhaltbar.<\/p>\n\n\n\n<p><\/p>\n\n\n\n<p><strong>SKIVERLEIH IN CANAZEI<\/strong><\/p>\n\n\n\n<p>La Zondra: 10 % Rabatt online: <a rel=\"noreferrer noopener\" href=\"https:\/\/www.noleggiolazondra.com\/index-de.html\" target=\"_blank\">https:\/\/www.noleggiolazondra.com\/index-de.html<\/a> <br>Peak Sport: 15 % Rabatt online oder ohne Rabatt mit Hotelzustellung: <a href=\"https:\/\/www.canazeiskirent.com\/de\/\" target=\"_blank\" rel=\"noreferrer noopener\">https:\/\/www.canazeiskirent.com\/de\/<\/a><\/p>\n\n\n\n<p><\/p>\n\n\n\n<p><strong>ONLINE FREMDVERKEHRSBURO<\/strong><\/p>\n\n\n\n<p><a href=\"https:\/\/fassa.ktips.it\/de\" target=\"_blank\" rel=\"noreferrer noopener\">FASSA K-TIPS<\/a><\/p>\n\n\n\n<p><\/p>\n\n\n\n<p><strong>AKTIVIT\u00c4TEN F\u00dcR NICHT-SKIFAHRER<\/strong><\/p>\n\n\n\n<p>Beim Sport Check Point in Canazei k\u00f6nnen Sie alle sportlichen Aktivit\u00e4ten bei den besten Bergprofis buchen: lokale F\u00fchrer, mittelschwere Bergf\u00fchrer, Bergf\u00fchrer, die Sie auf Entdeckungsreise in die W\u00e4lder oder in die adrenalingeladensten Off-Piste-Gebiete f\u00fchren.<br><a rel=\"noreferrer noopener\" href=\"https:\/\/www.fassasport.com\/en\/winter-programs\/\" target=\"_blank\">Aktivit\u00e4tenprogramm f\u00fcr Nicht-Skifahrer<\/a><\/p>\n\n\n\n<p><\/p>\n\n\n\n<h2><strong>LYTHRUM POOL &amp; SPA<\/strong><\/h2>\n\n\n\n<h6><a href=\"https:\/\/hotel-astoria.net\/de\/hallenbad-und-wellness\/\" target=\"_blank\" rel=\"noreferrer noopener\">OFFNUNGSZEITEN<\/a><\/h6>\n\n\n\n<p><strong>Schwimmbad<\/strong>: jeden Tag 09.00 \u2013 19.30<\/p>\n\n\n\n<p><strong>Spa<\/strong>: jeden Tag 15.30 -19.30 ab 16 J.a.<\/p>\n\n\n\n<p><a href=\"https:\/\/hotel-astoria.net\/wp-content\/uploads\/2024\/06\/SPA-MENU-2024_Prezzi_Prices.pdf\" data-type=\"URL\" data-id=\"https:\/\/hotel-astoria.net\/wp-content\/uploads\/2024\/06\/SPA-MENU-2024_Prezzi_Prices.pdf\" target=\"_blank\" rel=\"noreferrer noopener\"><strong>Massage<\/strong> <\/a>(nach Termin): jeden Tag 09.00 \u2013 20.00<\/p>\n\n\n\n<p><strong>KINDER UNTER 14 J.A. m\u00fcssen das Schwimmbad um 18.15 verlassen<\/strong><\/p>\n\n\n\n<p><\/p>\n\n\n\n<h2><strong>DIENSTE DES HOTEL<\/strong><\/h2>\n\n\n\n<p><strong>FITNESS<\/strong><\/p>\n\n\n\n<p>Das Hotel verf\u00fcgt \u00fcber einen Fitnessraum, der mit einer Multifunktionsbank, einem Heimtrainer, einem Ruderger\u00e4t, einem Laufband und einem Hantelset ausgestattet ist. Im Fitnessstudio stehen Einweghandt\u00fccher und Papier mit Desinfektionsmittel zur Verf\u00fcgung. Schl\u00fcssel zur Nutzung an der Rezeption anfordern.<\/p>\n\n\n\n<p><\/p>\n\n\n\n<p><strong>MINICLUB<\/strong><\/p>\n\n\n\n<p><a href=\"https:\/\/hotel-astoria.net\/de\/familienurlaub-sommer\/\">Info*<\/a><\/p>\n\n\n\n<p><\/p>\n\n\n\n<p><strong>MINI BAR<\/strong><\/p>\n\n\n\n<p>Im Zimmer steht den G\u00e4sten eine kleine Minibar zur Verf\u00fcgung. Es besteht die M\u00f6glichkeit, eine Ladung Getr\u00e4nke anzufordern (diese wird mit der Zimmerrechnung verrechnet). <strong>Wasser in Canazei ist trinkbar, gut, gesund und \u00f6kologisch<\/strong><\/p>\n\n\n\n<p><strong>SAFE <\/strong><\/p>\n\n\n\n<p>In den Zimmern stehen im Kleiderschrank kleine Safes zur Verf\u00fcgung, die den G\u00e4sten kostenlos zur Verf\u00fcgung stehen. Zum Abschluss holen Sie bitte das entsprechende Schlie\u00dffach an der Rezeption ab.<\/p>\n\n\n\n<p><strong><strong>PARKPL\u00c4TZE<\/strong><\/strong><\/p>\n\n\n\n<p>Neben dem Hotel steht den G\u00e4sten ein gro\u00dfer Privatparkplatz zur Verf\u00fcgung; hinter dem Hotel gibt es einige offene \u00fcberdachte Parkpl\u00e4tze.<\/p>\n\n\n\n<p><strong>Tiefgarage \u20ac 10,00 pro Tag.<\/strong><\/p>\n\n\n\n<p><strong>E-CARS<\/strong><\/p>\n\n\n\n<p>Es stehen zwei Ladestationen f\u00fcr Elektrofahrzeuge zur Verf\u00fcgung. Maximale gelieferte Leistung 24 KW, Preis 0,50 \u20ac\/Kw. Holen Sie die Karte an der Rezeption ab, um die Station zu aktivieren<\/p>\n\n\n\n<p><strong><strong>REINIGUNG \/ B\u00dcGELN<\/strong><\/strong><\/p>\n\n\n\n<p>F\u00fcllen sie bitte die entsprechende Liste aus und geben Sie die W\u00e4sche in den daf\u00fcr vorgesehenen Beutel, der vom Zimmerm\u00e4dchen abgeholt wird. R\u00fcckgabe innerhalb von 24 Stunden ( Eildienst: innerhalb von 12 Stunden, nur f\u00fcr W\u00e4sche, die vor 9\u00b0\u00b0 Uhr abgegeben wird). Bei Trockenreinigung R\u00fcckgabe innerhalb von 48 Stunden.<\/p>\n\n\n\n<p><strong>NOTRUF<\/strong><\/p>\n\n\n\n<p>Bei Bedarf \u00e4rztlicher Hilfe wenden Sie sich an die Rezeption an (w\u00e4hlen Sie die Nr. 9). Notruf Nummer in Italien ist <strong>112<\/strong> (von Zimmer w\u00e4hlen Sie erst di Nr. O und dann 112)<\/p>\n\n\n\n<p><\/p>\n\n\n\n<p><strong>SICHERHEIT<\/strong><\/p>\n\n\n\n<p>Jedes Stockwerk hat einen Notausgang, der mit dem Schild EXIT bezeichnet ist. Wir raten diesbez\u00fcglich die im Zimmer ausgeh\u00e4ngte Karte durchzulesen.<\/p>\n\n\n\n<p><strong>CHECK-OUT<\/strong><\/p>\n\n\n\n<p>Wir bitten Sie, die Zimmer bis 10\u00b0\u00b0 Uhr morgens zu verlassen. Die Rechnung kann nach dem Abendessen bis 23.00 Uhr, oder am Abreise Tag ab 07.30 Uhr begleichen werden.<\/p>\n\n\n\n<p><strong>ALLE ZIMMER SIND NICHT RAUCHER ZIMMER!<\/strong><\/p>\n\n\n\n<p><\/p>\n\n\n\n<p><em><em>Die Familie Debertol w\u00fcnscht Ihnen einen angenehmen Aufenthalt.<\/em><\/em><strong><br><\/strong><\/p>\n\n\n\n<p><strong>Einige Informationen \u00fcber das Fassatal\u2026<\/strong><\/p>\n\n\n\n<p><strong>Die Ladiner der Dolomiten<\/strong><\/p>\n\n\n\n<p>Wenn man im Fassatal ankommt, bleibt man einfach sprachlos! Die Dolomiten sind einzigartig und spektakul\u00e4r mit ihren zauberhaften W\u00e4ldern und Weiden, mit ihren gem\u00fctlichen Ortschaften, und Traditionen. Die Gebirge sind rotgef\u00e4rbt bei Morgend\u00e4mmerung und bei Sonnenuntergang\u2026 Das ganze Tal bewahrt die Gegenst\u00e4nde, die Traditionen und die Sprache einer lebendigen und faszinierenden Kultur: die der Ladinen des Fassatals; eine Gemeinschaft mit ihren eigenen Gebr\u00e4uchen, hundertj\u00e4hrigen Traditionen, und mit ihrer eigenen Sprache: das Ladinisch. Um die alten Urspr\u00fcnge der ladinischer Kultur und Sprache zu entdecken, m\u00fcssen wir in die Zeit 2000 Jahre zur\u00fcckkehren. Das Ladinische ist eine romanische Sprache, d.h. entstammt aus dem Lateinischem (wie das Italienische, das Franz\u00f6sische und das Spanische), das sich am Ende des ersten Jahrhunderts vor Christus im Tal verbreitete, als die r\u00f6mische Armee die Alpen eroberte. Damals war die lateinische Sprache sehr wichtig f\u00fcr den Handel, f\u00fcr die Politik und f\u00fcr die Reisen. Genauso, wie das Englisch heutzutage! Nat\u00fcrlich war die Sprache die die Kaufleute und die Soldaten sprachen anders, als die Sprache der gro\u00dfen lateinischen Schriftsteller. Das war ein \u201evulg\u00e4res\u201c Latein, d.h. von dem Volk (<em>volgo<\/em>) gesprochene Latein. Im Kontakt mit den lokalen Dialekten verwandelte es sich, und so entstand eine neue Sprache: das Ladinische. In den ersten Jahrhunderten waren die Ladinischen Sprachr\u00e4ume wahrscheinlich sehr breit: vom Donau bis zur Gardasee, und bis zur Adria. Aber durch die barbarischen Invasionen, durch den Untergang des R\u00f6mischen Reiches im V. Jahrhundert ist diese Tradition gebrochen, und die Ladinische Sprache blieb nur bis einigen Gebieten begrenzt. Heute wird das Ladinisch (oder R\u00e4toromanisch) im drei Bereichen gesprochen: im Kanton Graub\u00fcnden in der Schweiz, wo es schon seit 1938 als vierte Amtssprache betrachtet wurde; als haupts\u00e4chliche Verbreitungsgebiete gelten in den Dolomiten Ampezzo, das Gr\u00f6dnertal, das Gadertal, Buchenstein und das Fassatal; im Friaul das das \u00f6stlichste und das gr\u00f6\u00dfte von diesen Gebieten ist. In diesen Gebieten, die f\u00fcr l\u00e4ngere Zeit isoliert blieben, ver\u00e4nderte sich die Ladinische Sprache; verschiedene Varianten entstanden, die jedoch \u00e4hnlich sind. In der Schweiz gibt es 6 Varianten, und auch in den Dolomiten hat jedes Tal seine eigene Variante. Die Ladinische Sprache kann in die folgenden Idiome eingeteilt werden: Badiot (Gadertal), Gherd\u00ebina (Gr\u00f6den), Fascian (Fassatal), Anpezan (Ampezzo), Fodom (Buchenstein). Im Fassatal gibt es weitere Varianten: moen\u00e0t (Moena), brach (von Soraga bis Mazzin) und caz\u00e8t (im oberen Teil des Tales, bis zu Penia). Diese drei Varianten der Ladinischen Sprache werden im Fassatal nicht nur im Alltag, sondern auch in den offiziellen Dokumenten, in den Schulen, in den Fernsehnachrichten, im Radio und in den \u00f6rtlichen Zeitungen benutzt. Es ist also eine lebende Sprache, die sich st\u00e4ndig \u00e4ndert und immer aktuell ist.<\/p>\n\n\n\n<p>Die Verordnungen der Autonome Region Trentino-S\u00fcdtirol (Alto Adige) sch\u00fctzt das Ladinische als dritte Sprachgruppe neben der deutschen und italienischen; die nationalen Gesetze z\u00e4hlen die Ladinischen Gemeinden unter die Sprachminderheiten, die vom Artikel 3 der Verfassung anerkannt sind.<\/p>\n\n\n\n<p>In den Ladinischen Dolomitent\u00e4lern, trotz der administrativen Teilung, ist die Identit\u00e4tsbewusstsein tief verwurzelt und wird von verschiedenen Vereinen und von der Arbeit von Forschungsinstituten gest\u00e4rkt.<\/p>\n\n\n\n<p>Aus der Brosch\u00fcre von Museo Ladin de Fascia \u2013 Istitut Cultural Ladin \u2013 giunti ed. e <a href=\"http:\/\/www.istladin.net\">www.istladin.net<\/a><em><\/em><\/p>\n","protected":false},"excerpt":{"rendered":"<p>hotel info TELEFON: ORTS &#8211; UND&nbsp; FERNGESPR\u00c4CHE w\u00e4hlen Sie die 0 und warten Sie auf das Freizeichen w\u00e4hlen Sie die gew\u00fcnschte Nummer&nbsp; (z.B. 0049\/99\/9999) die Kosten kommen automatisch auf die Zimmerrechnung die Direktion kann keine Ausk\u00fcnfte \u00fcber die einzelnen Gespr\u00e4che geben, sondern nur die Gesamtsumme der gef\u00fchrten Telefonate&nbsp; mitteilen. Die Telefonnummer des Hotels ist&nbsp; +39&#8230;<\/p>\n","protected":false},"author":3,"featured_media":0,"parent":0,"menu_order":7,"comment_status":"closed","ping_status":"closed","template":"","meta":[],"_links":{"self":[{"href":"https:\/\/hotel-astoria.net\/de\/wp-json\/wp\/v2\/pages\/18724"}],"collection":[{"href":"https:\/\/hotel-astoria.net\/de\/wp-json\/wp\/v2\/pages"}],"about":[{"href":"https:\/\/hotel-astoria.net\/de\/wp-json\/wp\/v2\/types\/page"}],"author":[{"embeddable":true,"href":"https:\/\/hotel-astoria.net\/de\/wp-json\/wp\/v2\/users\/3"}],"replies":[{"embeddable":true,"href":"https:\/\/hotel-astoria.net\/de\/wp-json\/wp\/v2\/comments?post=18724"}],"version-history":[{"count":15,"href":"https:\/\/hotel-astoria.net\/de\/wp-json\/wp\/v2\/pages\/18724\/revisions"}],"predecessor-version":[{"id":19200,"href":"https:\/\/hotel-astoria.net\/de\/wp-json\/wp\/v2\/pages\/18724\/revisions\/19200"}],"wp:attachment":[{"href":"https:\/\/hotel-astoria.net\/de\/wp-json\/wp\/v2\/media?parent=18724"}],"curies":[{"name":"wp","href":"https:\/\/api.w.org\/{rel}","templated":true}]}}