{"id":18723,"date":"2023-06-21T10:26:10","date_gmt":"2023-06-21T08:26:10","guid":{"rendered":"https:\/\/hotel-astoria.net\/info\/"},"modified":"2025-07-05T09:04:18","modified_gmt":"2025-07-05T07:04:18","slug":"info","status":"publish","type":"page","link":"https:\/\/hotel-astoria.net\/en\/info\/","title":{"rendered":"info"},"content":{"rendered":"\n<h2><strong>hotel info<\/strong><\/h2>\n\n\n\n<p><strong>TELEPHONE<\/strong><\/p>\n\n\n\n<p>Push the \u201c0\u201d button and wait for the dialling tone.<\/p>\n\n\n\n<p>Dial the desired phone number (e.g. 0039 06 123456789)<\/p>\n\n\n\n<p>Phone calls will be automatically charged on the room bill<\/p>\n\n\n\n<p>Reception cannot give any information about numbers called. We can only give information concerning the total amount of phone units.<\/p>\n\n\n\n<p><strong>Hotel&#8217;s phone number <\/strong>is 0039 0462 601302<\/p>\n\n\n\n<p><strong>Address:<\/strong> HOTEL ASTORIA Str\u00e9da Roma, 98 &#8211; 38032 CANAZEI (TN) I<\/p>\n\n\n\n<p><strong>HOTEL EXTENSION NUMBERS<\/strong><\/p>\n\n\n\n<figure class=\"wp-block-table\"><table><tbody><tr><td>Reception<\/td><td>9<\/td><td>Spa<\/td><td>9<\/td><\/tr><tr><td>Emergency h24<\/td><td>9<\/td><td>Room service<\/td><td>9<\/td><\/tr><tr><td>Bar<\/td><td>9<\/td><td>Luggage<\/td><td>9<\/td><\/tr><\/tbody><\/table><\/figure>\n\n\n\n<p><\/p>\n\n\n\n<p><strong>RESTAURANT<\/strong><\/p>\n\n\n\n<p>BREAKFAST&nbsp;&nbsp;&nbsp;&nbsp;&nbsp;&nbsp;&nbsp;&nbsp;&nbsp;&nbsp;&nbsp;&nbsp;&nbsp;&nbsp;&nbsp;&nbsp;&nbsp;&nbsp;&nbsp;&nbsp;&nbsp;&nbsp;&nbsp;&nbsp;&nbsp;&nbsp;&nbsp;&nbsp;&nbsp;&nbsp;&nbsp;&nbsp;&nbsp;&nbsp;&nbsp;&nbsp;&nbsp;&nbsp;&nbsp;&nbsp;&nbsp;&nbsp;&nbsp;&nbsp;&nbsp;&nbsp;&nbsp;&nbsp;&nbsp;&nbsp;&nbsp;&nbsp;&nbsp;&nbsp;&nbsp;&nbsp;&nbsp;&nbsp;&nbsp;&nbsp;&nbsp;&nbsp;&nbsp;&nbsp;&nbsp; 7:30&nbsp; &nbsp;to&nbsp; 10:00<\/p>\n\n\n\n<p>DINNER &nbsp;&nbsp;&nbsp;&nbsp;&nbsp;&nbsp;&nbsp;&nbsp;&nbsp;&nbsp;&nbsp;&nbsp;&nbsp;&nbsp;&nbsp;&nbsp;&nbsp;&nbsp;&nbsp;&nbsp;&nbsp;&nbsp;&nbsp;&nbsp;&nbsp;&nbsp;&nbsp;&nbsp;&nbsp;&nbsp;&nbsp;&nbsp;&nbsp;&nbsp;&nbsp;&nbsp;&nbsp;&nbsp;&nbsp;&nbsp;&nbsp;&nbsp;&nbsp;&nbsp;&nbsp;&nbsp;&nbsp;&nbsp;&nbsp;&nbsp;&nbsp;&nbsp;&nbsp;&nbsp;&nbsp;&nbsp;&nbsp;&nbsp;&nbsp;&nbsp;&nbsp;&nbsp;&nbsp;&nbsp;&nbsp;&nbsp;&nbsp;&nbsp;&nbsp;&nbsp;&nbsp;&nbsp;&nbsp;19.00&nbsp; to &nbsp;20.30<\/p>\n\n\n\n<p>AFTERNOON BUFFET*&nbsp;&nbsp;&nbsp;&nbsp;&nbsp;&nbsp;&nbsp;&nbsp;&nbsp;&nbsp;&nbsp;&nbsp;&nbsp;&nbsp;&nbsp;&nbsp;&nbsp;&nbsp;&nbsp;&nbsp;&nbsp;&nbsp;&nbsp;&nbsp;&nbsp;&nbsp;&nbsp;&nbsp;&nbsp;&nbsp;&nbsp;&nbsp;&nbsp;&nbsp;&nbsp;&nbsp;&nbsp;&nbsp;&nbsp;&nbsp;&nbsp;      15:30 to &nbsp;&nbsp;17:30 at the bar<\/p>\n\n\n\n<p>Guests are kindly requested to notify Reception for dinner cancellations by 10:00am<\/p>\n\n\n\n<p>*included for Half-board arrangement. Served at the bar<\/p>\n\n\n\n<p><\/p>\n\n\n\n<p><strong>BAR<\/strong><\/p>\n\n\n\n<p>The bar opening hours are 7:30 a.m. &#8211; 11:30 p.m. Room service charge is \u20ac 2,00. Playing cards are freely available for our guests at the bar; guests are however kindly requested, in accordance with Italian law, to avoid gambling. In the bar guests will find a smoking room (smoking is prohibited in the rooms and all hotel\u2019s areas)<\/p>\n\n\n\n<p><strong>WIFI<\/strong><\/p>\n\n\n\n<p>The hotel offers a free wi-fi internet connection.<\/p>\n\n\n\n<p>Wifi: <strong>Hotel Astoria<\/strong><\/p>\n\n\n\n<p>Password: <strong>welcome2020<\/strong><\/p>\n\n\n\n<p><\/p>\n\n\n\n<h2><strong>your summer holiday<\/strong><\/h2>\n\n\n\n<p><strong>VAL DI FASSA GUEST CARD <\/strong><strong><\/strong><\/p>\n\n\n\n<p>We offer all our Guests the <a href=\"https:\/\/www.fassa.com\/en\/card-and-benefits\/val-di-fassa-guest-card\" target=\"_blank\" rel=\"noreferrer noopener\">Val Di Fassa Guest Card<\/a> (sent per email before your arrival). You can use the local bus net free of charge and you can also buy the <strong><a href=\"https:\/\/www.fassa.com\/en\/card-and-benefits\/panorama-pass\">PANORAMAPASS<\/a><\/strong> with 10% discount.<\/p>\n\n\n\n<p><strong>ONLINE<\/strong> <strong>TOURIST INFO<\/strong><\/p>\n\n\n\n<p>Tutte le informazioni a portata di click su <a href=\"https:\/\/fassa.ktips.it\/en\">FASSA K-TIPS<\/a><\/p>\n\n\n\n<p><strong>GREEN MOBILIY<\/strong><\/p>\n\n\n\n<p>With Val di <a href=\"https:\/\/hotel-astoria.net\/wp-content\/uploads\/2023\/05\/VAL-DI-FASSA_GUEST-CARD_2023_ingl.pdf\">Fassa Guest Card<\/a> you can use busses for free. <a href=\"https:\/\/fassa.openmove.com\/search\">Info<\/a><\/p>\n\n\n\n<p><strong>HIKE AND BIKE<\/strong><\/p>\n\n\n\n<p>We are Sport check point&#8217;s partner; our guests can book all summer activities at a special price!<\/p>\n\n\n\n<p>Check our <a href=\"https:\/\/hotel-astoria.net\/wp-content\/uploads\/2023\/04\/Z.Weekly-program-TREKKING-WALKING-BIKE-FAMILY-summer-2023.pdf\" target=\"_blank\" rel=\"noreferrer noopener\">weekly program<\/a> and book your Dolomites&#8217; adventure with our discount code (available at the reception)<\/p>\n\n\n\n<p><a href=\"https:\/\/hotel-astoria.net\/en\/val-di-fassa-by-bike\/\" target=\"_blank\" rel=\"noreferrer noopener\">Mtbike tours<\/a><\/p>\n\n\n\n<p><a href=\"https:\/\/www.fassa.com\/it\/cosa-fare\/bici-e-mountain-bike\/noleggi-bike\">Mtbike hire in Canazei<\/a><\/p>\n\n\n\n<p><\/p>\n\n\n\n<p><strong>BIKE HIRE<\/strong><\/p>\n\n\n\n<p>Mountain bikes are available free of charge, upon availability for our guests. Pleas ask at the reception. <a href=\"https:\/\/hotel-astoria.net\/en\/val-di-fassa-by-bike\/\">Info<\/a><\/p>\n\n\n\n<h2><strong>your SKI holiday<\/strong><\/h2>\n\n\n\n<p><strong>HOTEL SKI BUS SERVICE<\/strong><\/p>\n\n\n\n<p>The hotel provides a free ski bus service for its guests, which runs to the lifts at the following times:<\/p>\n\n\n\n<p><strong>From hotel to the lifts: 08:30am &#8211; 10:00am<\/strong><\/p>\n\n\n\n<p><strong>On request:<\/strong> at 10.30am \u2013 11.00am and 12.30pm<\/p>\n\n\n\n<p><strong>From Belvedere back to hotel: 3:00pm &#8211; 5:00pm<\/strong><\/p>\n\n\n\n<p>Our bus can only operate <strong>between the hotel and Belvedere gondola lift and cannot operate outside the times listed above<\/strong>. The<strong> <\/strong><a href=\"https:\/\/www.skibusvaldifassa.it\/en\" data-type=\"URL\" data-id=\"https:\/\/www.skibusvaldifassa.it\/en\" target=\"_blank\" rel=\"noreferrer noopener\"><strong>public ski bus<\/strong> <\/a>stops 50 m from the hotel. Please ask at reception for <strong>tickets and timetable<\/strong>.<\/p>\n\n\n\n<p><\/p>\n\n\n\n<p><strong>SKI RENT<\/strong><br>La Zondra: -10% online:&nbsp;<a href=\"https:\/\/www.noleggiolazondra.com\/shop.html\">https:\/\/www.noleggiolazondra.com\/shop.html<\/a><\/p>\n\n\n\n<p>Peak sport: -15% online OR hotel delivery (without discount):&nbsp;<a href=\"https:\/\/www.canazeiskirent.com\/\">https:\/\/www.canazeiskirent.com\/<\/a><\/p>\n\n\n\n<p><\/p>\n\n\n\n<p><strong>SKIROOM<\/strong><\/p>\n\n\n\n<p>The hotel offers its guests a free and safe storage room for ski and skiboots. Please do not bring ski and skiboots in the rooms. Ask for the door\u2019s code at the reception.<br><strong>It is forbidden to take ski\/snowboard and skiboots in the rooms<\/strong><\/p>\n\n\n\n<p><\/p>\n\n\n\n<p><strong>ONLINE TOURIST OFFICE<\/strong><\/p>\n\n\n\n<p>You can have all touristic information on this website:\u00a0<a href=\"https:\/\/fassa.ktips.it\/en\">FASSA K-TIPS<\/a><\/p>\n\n\n\n<h2><strong>LYTHRUM POOL &amp; SPA<\/strong><\/h2>\n\n\n\n<h6>PAMPER AND RELAX IN OUR SPA<\/h6>\n\n\n\n<p><a href=\"https:\/\/hotel-astoria.net\/en\/swimming-pool\/\">INFO<\/a><\/p>\n\n\n\n<p><strong>Pool<\/strong>: every day 09.00am \u2013 7.30pm. <strong>Kids under 14 y.o. until 6.15pm<\/strong><\/p>\n\n\n\n<p><strong>Spa<\/strong>: every day 3.30 &#8211; 7.30pm<strong> from 16 y.o<\/strong>.<\/p>\n\n\n\n<p><strong><a href=\"https:\/\/hotel-astoria.net\/wp-content\/uploads\/2024\/06\/SPA-MENU-2024_Prezzi_Prices.pdf\" data-type=\"URL\" data-id=\"https:\/\/hotel-astoria.net\/wp-content\/uploads\/2024\/06\/SPA-MENU-2024_Prezzi_Prices.pdf\" target=\"_blank\" rel=\"noreferrer noopener\">Massage <\/a><\/strong>(by appointment): every day 09.00am \u2013 08.00pm.<\/p>\n\n\n\n<p><strong><u>ACCESS<\/u><\/strong>: floor<strong> -1<\/strong><\/p>\n\n\n\n<p><strong>MORE INFO <\/strong><a href=\"https:\/\/hotel-astoria.net\/en\/swimming-pool\/\">HERE<\/a><strong><br><\/strong><\/p>\n\n\n\n<p><\/p>\n\n\n\n<h2><strong>hotel&#8217;s facilities<\/strong><\/h2>\n\n\n\n<p><strong>GYM<\/strong><\/p>\n\n\n\n<p>At the reception&#8217;s floor you will find our gym. Ask at the reception for the key<\/p>\n\n\n\n<p><strong>MINICLUB<\/strong><\/p>\n\n\n\n<p>Check information on our wesite: https:\/\/hotel-astoria.net\/en\/winter-family-holiday\/<\/p>\n\n\n\n<p><\/p>\n\n\n\n<p><strong>MINI BAR<\/strong><\/p>\n\n\n\n<p>You can order at the Reception soft drinks, water and other drinks for your room&#8217;s minibar. <span style=\"background-color: rgba(106, 106, 106, 0.2);\"><b>O<\/b><\/span><strong>ur tap water is very good, fresh and free of charge<\/strong><\/p>\n\n\n\n<p><strong>SAFE<\/strong><\/p>\n\n\n\n<p>Guests can find safes situated in the wardrobe, padlocks must be requested at the reception. Padlocks are changed on guests\u2019 turn-over in order to avoid the possibility of keys being duplicated. If valuables are too big, they can be&nbsp; kept in the hotel safe.<\/p>\n\n\n\n<p><strong>PARKING<\/strong><\/p>\n\n\n\n<p>Our private parking area is included in the price. Behind the Hotel a number of admittance free sheltered parking spaces are available. <strong>Indoor garage \u20ac 10,00 per day.<\/strong><\/p>\n\n\n\n<p><strong>E-CAR RECHARGE<\/strong><\/p>\n\n\n\n<p>We have 2 E-car recharging stations. Power: 24 KW, price \u20ac 0.50\/Kw. Ask the Reception for recharge card<\/p>\n\n\n\n<p><strong>LAUDRY AND IRONING<\/strong><\/p>\n\n\n\n<p>Guests will be kindly requested to fill in the item list and put their clothes into the suitable bag that will be delivered and collected by the chambermaid. Return of items will occur within 24 hours or in urgent cases return will occur within 12 hours, if items are given in before 9:00 a.m. For dry-cleaning&nbsp; services: return will be within 48 hours.<\/p>\n\n\n\n<p><strong>MEDICAL ASSISTANCE AND EMERGENCY<\/strong><\/p>\n\n\n\n<p>For any information about medical assistance and for emergencies please call us immediately at the reception (dial 9) 24 h. service. European emergency number is <strong>112<\/strong>.<\/p>\n\n\n\n<p><strong>SAFETY<\/strong><\/p>\n\n\n\n<p>Each floor is provided with an emergency exit (EXIT); guests are kindly requested to take note of&nbsp; its location by the map available in their room.<\/p>\n\n\n\n<p><strong>CHECK-OUT<\/strong><\/p>\n\n\n\n<p>Check-out time is at 10am<\/p>\n\n\n\n<p>Free luggage storage at the reception<\/p>\n\n\n\n<p>Late check-out with Spa &amp; Pool \u20ac 35,00 per person<\/p>\n\n\n\n<p><\/p>\n\n\n\n<p><strong>ALL ROOMS ARE NON SMOKING<\/strong><\/p>\n\n\n\n<p><strong>For smoking in the room<\/strong> a surcharge of 1 more night will be applied<\/p>\n\n\n\n<p><strong><em>Family Debertol wishes all its Guests a pleasant stay<\/em><br><\/strong><\/p>\n\n\n\n<p><strong>Information about Val di Fassa<\/strong><\/p>\n\n\n\n<p>The Ladin people of the Dolomites<\/p>\n\n\n\n<p>Once you arrive in Val di Fassa you can really be amazed! The Dolomites are a unique sight in the world: forests and beautiful pastures, welcoming and full of traditions villages ready to be discovered, mountains that seem to take fire at dawn and dusk, when the sun sets &#8230; In the valley, objects, traditions and echos of a lively and fascinating culture are still preserved: the culture of the Ladins of Val di Fassa, a community with its own ancient customs and traditions and its own language: the Ladin. To discover the ancient origins of this culture and the Ladin language we have to take a step back in time to about 2000 years ago. Ladin is a &#8220;Romanic&#8221; language that is derived from the Latin (just like the Italian, French or Spanish) who arrived in the valleys of the Dolomites at the end of the first century B.C., when the Roman army conquered the Alps. At that time &#8211; and it would have been for many centuries to come &#8211; thanks to the military successes of Rome, Latin was becoming a very important language for trade, politics, travelling&#8230; In short, it was a kind of English of the time! Of course, the language spoken by the merchants and Roman soldiers who came to the Dolomites was not the language used by the great Latin writers. More than the &#8220;classic&#8221; Latin, it was quite a &#8220;vulgar&#8221; Latin, the one spoken by the common people (in Latin \u201cvolgo\u201d) which in contact with the local dialects turned into a new language: Ladin. Probably the Ladin area was in these early centuries really extensive: from the Danube to the Garda Lake, to the Adriatic coast. But with the barbarian invasions and the fall of the Western Roman Empire in the fifth century A.D., this cultural unity was broken, and the language and culture of the Ladin remained confined in some area. Nowadays Ladin is spoken in three areas: in the canton of Grisons, Switzerland, where since 1938 is considered the fourth national language; in the Ladin Dolomites, an area that extends from the Ampezzo valley to the mountain group of Sella, and includes Val Gardena, Val Badia, Livinallongo and Val di Fassa; in Friuli, which is the easternmost and largest of these areas. The Ladin spoken in these places, however, is not always the same; these areas remained for long time isolated and developed different &#8220;varieties&#8221; of Ladin which, while remaining similar, have great differences today. In Switzerland there are six different varieties and even in the Ladin Dolomites, each valley has its own. In Val Badia there is the \u201cbadiotto\u201d, in Val Gardena the \u201cgardenese\u201d, in Livinallongo the \u201clivinallese\u201d, in Ampezzo the \u201campezzano\u201d and in Val di Fassa the \u201cfassano\u201d. Ladin in Val di Fassa is divided into three local variants: the moen\u00e0t (Moena), the brach (in the central part of the valley, from Soraga to Mazzin) and the caz\u00e9t (in the upper part of the valley, up to Pen\u00eca). In its three variants, the fassano is a language that is used not only in everyday life, but also for the institutional documents, in schools, on the news, on the radio, in local magazines &#8230; So it is a &#8220;living&#8221; language, in constant change, able to meet the demands of modern life.<\/p>\n\n\n\n<p>The ordering of the Autonomous Region Trentino &#8211; Alto Adige protects Ladin as the third language group, next to the German linguistic group and the Italian one, but also the national legislation includes the Ladin communities among the linguistic minorities recognized in accordance with the principles established by art. 3 of the Italian Constitution.<\/p>\n\n\n\n<p>In the Ladin Dolomites, despite the administrative division, the linguistic consciousness and the feeling of identity are rooted and supported by a dense network of associations, which are accompanied in recent decades by the work of institutions and research centers<\/p>\n\n\n\n<p>From \u201cGuida al Museo Ladin de Fascia \u2013 Istitut Cultural Ladin \u2013 Giunti ed. and <a href=\"http:\/\/www.istladin.net\">www.istladin.net<\/a><\/p>\n","protected":false},"excerpt":{"rendered":"<p>hotel info TELEPHONE Push the \u201c0\u201d button and wait for the dialling tone. Dial the desired phone number (e.g. 0039 06 123456789) Phone calls will be automatically charged on the room bill Reception cannot give any information about numbers called. We can only give information concerning the total amount of phone units. Hotel&#8217;s phone number&#8230;<\/p>\n","protected":false},"author":3,"featured_media":18363,"parent":0,"menu_order":6,"comment_status":"closed","ping_status":"closed","template":"","meta":[],"_links":{"self":[{"href":"https:\/\/hotel-astoria.net\/en\/wp-json\/wp\/v2\/pages\/18723"}],"collection":[{"href":"https:\/\/hotel-astoria.net\/en\/wp-json\/wp\/v2\/pages"}],"about":[{"href":"https:\/\/hotel-astoria.net\/en\/wp-json\/wp\/v2\/types\/page"}],"author":[{"embeddable":true,"href":"https:\/\/hotel-astoria.net\/en\/wp-json\/wp\/v2\/users\/3"}],"replies":[{"embeddable":true,"href":"https:\/\/hotel-astoria.net\/en\/wp-json\/wp\/v2\/comments?post=18723"}],"version-history":[{"count":17,"href":"https:\/\/hotel-astoria.net\/en\/wp-json\/wp\/v2\/pages\/18723\/revisions"}],"predecessor-version":[{"id":19198,"href":"https:\/\/hotel-astoria.net\/en\/wp-json\/wp\/v2\/pages\/18723\/revisions\/19198"}],"wp:featuredmedia":[{"embeddable":true,"href":"https:\/\/hotel-astoria.net\/en\/wp-json\/wp\/v2\/media\/18363"}],"wp:attachment":[{"href":"https:\/\/hotel-astoria.net\/en\/wp-json\/wp\/v2\/media?parent=18723"}],"curies":[{"name":"wp","href":"https:\/\/api.w.org\/{rel}","templated":true}]}}